{"id":5057,"date":"2020-10-26T11:14:17","date_gmt":"2020-12-29T08:30:23","guid":{"rendered":"http:\/\/rayt.com\/?post_type=product&#038;p=5057"},"modified":"2021-03-01T11:31:23","modified_gmt":"2021-03-01T11:31:23","slug":"novopren-kit-base-disolvente","status":"publish","type":"product","link":"https:\/\/rayt.com\/ca\/producto\/novopren-kit-base-disolvente\/","title":{"rendered":"Novopren kit base disolvente"},"content":{"rendered":"<p>NOVOPREN KIT BASE DISOLVENTE<br \/>\nADHESIU EN BASE DISSOLVENT EN FORMAT CARTUTX, PER ENCOLAR DIVERSOS MATERIALS..<br \/>\nAdhesiu de contacte en base dissolvent en format de cartutx, per plaques de sostre, llosetes, cer\u00e0mica, aglomerat, fusta, pedra natural i altres substrats. Substitueix claus i cargols en formig\u00f3. NO UTILITZAR EN POLIESTIR\u00c8 EXPANDIT.<\/p>\n<h4>CARACTER\u00cdSTIQUES<\/h4>\n<p>Per encolar fusta o s\u00f2cols de PVC, escumes a\u00efllants (PU, fen\u00f2liques, per\u00f2 no poliestir\u00e8), aglomerat, cartr\u00f3-guix, contraxapat, fibra de vidre, etc. a formig\u00f3, fusta, guix, metall, i per calafatar materials de la construcci\u00f3.<br \/>\nEs pot utilitzar per assegurar l\u0092&#8217;estanque\u00eftat en la reparaci\u00f3 d\u0092&#8217;autom\u00f2bils, aplicable amb brotxa o esp\u00e0tula. \u00c9s especialment recomanat per la protecci\u00f3 de soldadura, juntes i revestiments.<br \/>\nParticularment recomanat per encolar materials a\u00efllants (PSE, escuma de PU, llana de roca, fibra de vidre&#8230;) sobre suports porosos (ciment, fusta, pladur&#8230;)<br \/>\nL&#8217;adhesi\u00f3 inicial \u00e9s forta, per\u00f2 la resist\u00e8ncia final s&#8217;aconsegueix despr\u00e9s de 48h de l&#8217;aplicaci\u00f3.<\/p>\n","protected":false},"excerpt":{"rendered":"<p>NOVOPREN KIT BASE DISOLVENTE ADHESIU EN BASE DISSOLVENT EN FORMAT<\/p>\n","protected":false},"featured_media":5065,"comment_status":"open","ping_status":"closed","template":"","meta":{"_acf_changed":false},"product_cat":[387,315],"product_tag":[],"acf":[],"_links":{"self":[{"href":"https:\/\/rayt.com\/ca\/wp-json\/wp\/v2\/product\/5057"}],"collection":[{"href":"https:\/\/rayt.com\/ca\/wp-json\/wp\/v2\/product"}],"about":[{"href":"https:\/\/rayt.com\/ca\/wp-json\/wp\/v2\/types\/product"}],"replies":[{"embeddable":true,"href":"https:\/\/rayt.com\/ca\/wp-json\/wp\/v2\/comments?post=5057"}],"wp:featuredmedia":[{"embeddable":true,"href":"https:\/\/rayt.com\/ca\/wp-json\/wp\/v2\/media\/5065"}],"wp:attachment":[{"href":"https:\/\/rayt.com\/ca\/wp-json\/wp\/v2\/media?parent=5057"}],"wp:term":[{"taxonomy":"product_cat","embeddable":true,"href":"https:\/\/rayt.com\/ca\/wp-json\/wp\/v2\/product_cat?post=5057"},{"taxonomy":"product_tag","embeddable":true,"href":"https:\/\/rayt.com\/ca\/wp-json\/wp\/v2\/product_tag?post=5057"}],"curies":[{"name":"wp","href":"https:\/\/api.w.org\/{rel}","templated":true}]}}