{"id":5059,"date":"2020-11-05T09:17:16","date_gmt":"2020-12-29T08:03:18","guid":{"rendered":"http:\/\/rayt.com\/?post_type=product&#038;p=5059"},"modified":"2020-12-29T08:03:18","modified_gmt":"2020-12-29T08:03:18","slug":"g-6660-future","status":"publish","type":"product","link":"https:\/\/rayt.com\/ca\/producto\/g-6660-future\/","title":{"rendered":"G-6660 FUTURE"},"content":{"rendered":"<div id=\"description_block\">\n<div id=\"description_content\" class=\"rte align_justify\">\n<p>HOT-MELT R\u00c0PID DE COLOR CLAR I ALT RENDIMENT PER A FORMACI\u00d3 I TANCAT DE CAIXES.<\/p>\n<\/div>\n<div id=\"description_content\" class=\"rte align_justify\">\n<p>Adhesiu d&#8217;alta qualitat, indicat per al format i tancat de caixes de cartr\u00f3 en m\u00e0quines autom\u00e0tiques. Especialment indicat per a l\u00ednies d&#8217;alta velocitat i caixes &#8220;wrap-around&#8221;.<\/p>\n<\/div>\n<\/div>\n<h4>CARACTER\u00cdSTIQUES<\/h4>\n<p>Tancat i formaci\u00f3 de caixes de cartr\u00f3 en m\u00e0quines autom\u00e0tiques.<br \/>\nTemperatura d&#8217;aplicaci\u00f3: 160-180\u00baC.<br \/>\nExcel\u00b7lent estabilitat t\u00e8rmica.<br \/>\nMolt baix nivell d&#8217;olor.<br \/>\nEstoigs.<br \/>\nCompleix amb FDA 175.105 per a contacte indirecte amb aliments.<\/p>\n","protected":false},"excerpt":{"rendered":"<p>HOT-MELT R\u00c0PID DE COLOR CLAR I ALT RENDIMENT PER A<\/p>\n","protected":false},"featured_media":3184,"comment_status":"open","ping_status":"closed","template":"","meta":{"_acf_changed":false},"product_cat":[660,651,669,600],"product_tag":[],"acf":[],"_links":{"self":[{"href":"https:\/\/rayt.com\/ca\/wp-json\/wp\/v2\/product\/5059"}],"collection":[{"href":"https:\/\/rayt.com\/ca\/wp-json\/wp\/v2\/product"}],"about":[{"href":"https:\/\/rayt.com\/ca\/wp-json\/wp\/v2\/types\/product"}],"replies":[{"embeddable":true,"href":"https:\/\/rayt.com\/ca\/wp-json\/wp\/v2\/comments?post=5059"}],"wp:featuredmedia":[{"embeddable":true,"href":"https:\/\/rayt.com\/ca\/wp-json\/wp\/v2\/media\/3184"}],"wp:attachment":[{"href":"https:\/\/rayt.com\/ca\/wp-json\/wp\/v2\/media?parent=5059"}],"wp:term":[{"taxonomy":"product_cat","embeddable":true,"href":"https:\/\/rayt.com\/ca\/wp-json\/wp\/v2\/product_cat?post=5059"},{"taxonomy":"product_tag","embeddable":true,"href":"https:\/\/rayt.com\/ca\/wp-json\/wp\/v2\/product_tag?post=5059"}],"curies":[{"name":"wp","href":"https:\/\/api.w.org\/{rel}","templated":true}]}}