{"id":5060,"date":"2020-11-06T09:41:37","date_gmt":"2020-12-29T08:07:38","guid":{"rendered":"http:\/\/rayt.com\/?post_type=product&#038;p=5060"},"modified":"2021-02-12T08:47:09","modified_gmt":"2021-02-12T08:47:09","slug":"ma-1530-pm-rojo","status":"publish","type":"product","link":"https:\/\/rayt.com\/ca\/producto\/ma-1530-pm-rojo\/","title":{"rendered":"MA-1530-PM ROJO"},"content":{"rendered":"<div id=\"description_block\">\n<div id=\"description_content\" class=\"rte align_justify\">\n<p>ADHESIU DE POLIURET\u00c0 EN DISPERSI\u00d3 PER PREMSA DE MEMBRANA. VERMELL.<\/p>\n<\/div>\n<div id=\"description_content\" class=\"rte align_justify\">\n<p>Adhesiu per laminaci\u00f3 en pla i tridimensional de folis pl\u00e0stics en premsa de membrana o de buit.<br \/>\nColor vermell per facilitar l&#8217;aplicaci\u00f3 amb pistola.<\/p>\n<\/div>\n<\/div>\n<h4>CARACTER\u00cdSTIQUES<\/h4>\n<p>Dispersi\u00f3 de poliuret\u00e0, es recomana l&#8217;addici\u00f3 de catalitzador.<br \/>\nBona resist\u00e8ncia final a la calor (amb catalitzador).<br \/>\nF\u00e0cil reactivaci\u00f3 en m\u00e0quina i r\u00e0pid enduriment.<br \/>\nAplicaci\u00f3 a pistola de pulveritzaci\u00f3.<br \/>\nPigmentat en color vermell\u00f3s.<\/p>\n","protected":false},"excerpt":{"rendered":"<p>ADHESIU DE POLIURET\u00c0 EN DISPERSI\u00d3 PER PREMSA DE MEMBRANA. VERMELL.<\/p>\n","protected":false},"featured_media":2982,"comment_status":"open","ping_status":"closed","template":"","meta":{"_acf_changed":false},"product_cat":[1571,639,600,642,648],"product_tag":[],"acf":[],"_links":{"self":[{"href":"https:\/\/rayt.com\/ca\/wp-json\/wp\/v2\/product\/5060"}],"collection":[{"href":"https:\/\/rayt.com\/ca\/wp-json\/wp\/v2\/product"}],"about":[{"href":"https:\/\/rayt.com\/ca\/wp-json\/wp\/v2\/types\/product"}],"replies":[{"embeddable":true,"href":"https:\/\/rayt.com\/ca\/wp-json\/wp\/v2\/comments?post=5060"}],"wp:featuredmedia":[{"embeddable":true,"href":"https:\/\/rayt.com\/ca\/wp-json\/wp\/v2\/media\/2982"}],"wp:attachment":[{"href":"https:\/\/rayt.com\/ca\/wp-json\/wp\/v2\/media?parent=5060"}],"wp:term":[{"taxonomy":"product_cat","embeddable":true,"href":"https:\/\/rayt.com\/ca\/wp-json\/wp\/v2\/product_cat?post=5060"},{"taxonomy":"product_tag","embeddable":true,"href":"https:\/\/rayt.com\/ca\/wp-json\/wp\/v2\/product_tag?post=5060"}],"curies":[{"name":"wp","href":"https:\/\/api.w.org\/{rel}","templated":true}]}}