{"id":5067,"date":"2020-10-26T08:49:30","date_gmt":"2020-12-29T09:02:46","guid":{"rendered":"http:\/\/rayt.com\/?post_type=product&#038;p=5067"},"modified":"2021-02-22T10:29:22","modified_gmt":"2021-02-22T10:29:22","slug":"conrayt-p-3000-mate-blanco-seda","status":"publish","type":"product","link":"https:\/\/rayt.com\/ca\/producto\/conrayt-p-3000-mate-blanco-seda\/","title":{"rendered":"Conrayt P-3000 Mate Blanco Seda"},"content":{"rendered":"<p>RECOBRIMENT PL\u00c0STIC PER EMBELLIR O PROTEGIR SUPERFICIES INTERIORS I EXTERIORS.<br \/>\nPintura pl\u00e0stica interior-exterior, d&#8217;aplicaci\u00f3 a brotxa, corr\u00f3 o pistola, excel\u00b7lent rendiment de 10-12 m\u00b2\/lt\/capa i diluci\u00f3 entre 0-5% m\u00e0xim amb aigua, amb cobriment i blancor.<br \/>\nResistent al fregament i rentable.<br \/>\nInterval de repintat: 2-3 hores.<\/p>\n<h4>CARACTER\u00cdSTIQUES<\/h4>\n<p>Excel\u00b7lents propietats de tixotropia i viscositat, amb un elevat rendiment, de bon netejar, cobrici\u00f3 en humit i en sec, blancor i resist\u00e8ncia a l&#8217;exterior, f\u00e0cil l&#8217;aplicaci\u00f3 a corr\u00f3 i evita els regalims i les esquitxades.<br \/>\nD&#8217;alt efecte decoratiu, de tacte agradable i lleuger brillo set\u00ed.<br \/>\nRendiment te\u00f2ric: 10-12 m2 per litre i capa.<br \/>\nContingut m\u00e0xim en COV: 20 g\/l.<br \/>\nPintura acr\u00edlica mat a l&#8217;aigua.<br \/>\nAmb protecci\u00f3 anti-fongs<\/p>\n","protected":false},"excerpt":{"rendered":"<p>RECOBRIMENT PL\u00c0STIC PER EMBELLIR O PROTEGIR SUPERFICIES INTERIORS I EXTERIORS.<\/p>\n","protected":false},"featured_media":5068,"comment_status":"open","ping_status":"closed","template":"","meta":{"_acf_changed":false},"product_cat":[436],"product_tag":[],"acf":[],"_links":{"self":[{"href":"https:\/\/rayt.com\/ca\/wp-json\/wp\/v2\/product\/5067"}],"collection":[{"href":"https:\/\/rayt.com\/ca\/wp-json\/wp\/v2\/product"}],"about":[{"href":"https:\/\/rayt.com\/ca\/wp-json\/wp\/v2\/types\/product"}],"replies":[{"embeddable":true,"href":"https:\/\/rayt.com\/ca\/wp-json\/wp\/v2\/comments?post=5067"}],"wp:featuredmedia":[{"embeddable":true,"href":"https:\/\/rayt.com\/ca\/wp-json\/wp\/v2\/media\/5068"}],"wp:attachment":[{"href":"https:\/\/rayt.com\/ca\/wp-json\/wp\/v2\/media?parent=5067"}],"wp:term":[{"taxonomy":"product_cat","embeddable":true,"href":"https:\/\/rayt.com\/ca\/wp-json\/wp\/v2\/product_cat?post=5067"},{"taxonomy":"product_tag","embeddable":true,"href":"https:\/\/rayt.com\/ca\/wp-json\/wp\/v2\/product_tag?post=5067"}],"curies":[{"name":"wp","href":"https:\/\/api.w.org\/{rel}","templated":true}]}}