{"id":5096,"date":"2020-10-21T09:37:50","date_gmt":"2020-12-29T08:46:48","guid":{"rendered":"http:\/\/rayt.com\/?post_type=product&#038;p=5096"},"modified":"2021-02-22T10:30:16","modified_gmt":"2021-02-22T10:30:16","slug":"conrayt-p-3000-satinada","status":"publish","type":"product","link":"https:\/\/rayt.com\/ca\/producto\/conrayt-p-3000-satinada\/","title":{"rendered":"Conrayt P-3000 Satinada"},"content":{"rendered":"<div id=\"description_block\">\n<div id=\"description_content\" class=\"rte align_justify\">\n<p>RECOBRIMENT PL\u00c0STIC PER EMBELLIR O PROTEGIR SUPERFICIES INTERIORS I EXTERIORS.<\/p>\n<\/div>\n<div id=\"description_content\" class=\"rte align_justify\">\n<p>Pintura pl\u00e0stica interior-exterior, excel\u00b7lent rendiment, cobriment i blancor.<br \/>\nAcabat setinat i suau al tacte.<br \/>\nResistent al fregament i rentable.<\/p>\n<\/div>\n<\/div>\n<h4>CARACTER\u00cdSTIQUES<\/h4>\n<p>Gran facilitat d&#8217;aplicaci\u00f3, propietats antiesquitxades, pr\u00e0cticament sense olor, gran cobriment, bon anivellament, gran rendiment, acabat supermate, rentable i no marca les retallades i les juntes de massillat.<br \/>\nIndicat per la protecci\u00f3 interior o exterior de superf\u00edcies de guix, cartr\u00f3-guix, escaiola, perliescaiola, formig\u00f3 i altres materials de construcci\u00f3.<br \/>\nRendiment te\u00f2ric: 10-12 m2 per litre i capa.<br \/>\nContingut m\u00e0xim en COV: 20 g \/ l.<br \/>\nPintura acr\u00edlica mat a l&#8217;aigua.<br \/>\nAmb protecci\u00f3 antifloridura.<i class=\"otgs-ico-add js-otgs-popover-tooltip tippy-active\" tabindex=\"0\" aria-describedby=\"tippy-2\"><\/i><\/p>\n","protected":false},"excerpt":{"rendered":"<p>RECOBRIMENT PL\u00c0STIC PER EMBELLIR O PROTEGIR SUPERFICIES INTERIORS I EXTERIORS.<\/p>\n","protected":false},"featured_media":5395,"comment_status":"open","ping_status":"closed","template":"","meta":{"_acf_changed":false},"product_cat":[436],"product_tag":[],"acf":[],"_links":{"self":[{"href":"https:\/\/rayt.com\/ca\/wp-json\/wp\/v2\/product\/5096"}],"collection":[{"href":"https:\/\/rayt.com\/ca\/wp-json\/wp\/v2\/product"}],"about":[{"href":"https:\/\/rayt.com\/ca\/wp-json\/wp\/v2\/types\/product"}],"replies":[{"embeddable":true,"href":"https:\/\/rayt.com\/ca\/wp-json\/wp\/v2\/comments?post=5096"}],"wp:featuredmedia":[{"embeddable":true,"href":"https:\/\/rayt.com\/ca\/wp-json\/wp\/v2\/media\/5395"}],"wp:attachment":[{"href":"https:\/\/rayt.com\/ca\/wp-json\/wp\/v2\/media?parent=5096"}],"wp:term":[{"taxonomy":"product_cat","embeddable":true,"href":"https:\/\/rayt.com\/ca\/wp-json\/wp\/v2\/product_cat?post=5096"},{"taxonomy":"product_tag","embeddable":true,"href":"https:\/\/rayt.com\/ca\/wp-json\/wp\/v2\/product_tag?post=5096"}],"curies":[{"name":"wp","href":"https:\/\/api.w.org\/{rel}","templated":true}]}}