{"id":5105,"date":"2020-10-22T08:02:28","date_gmt":"2020-12-29T08:46:17","guid":{"rendered":"http:\/\/rayt.com\/?post_type=product&#038;p=5105"},"modified":"2021-02-25T09:02:26","modified_gmt":"2021-02-25T09:02:26","slug":"pu-50","status":"publish","type":"product","link":"https:\/\/rayt.com\/ca\/producto\/pu-50\/","title":{"rendered":"PU-50"},"content":{"rendered":"<div id=\"description_block\">\n<div id=\"description_content\" class=\"rte align_justify\">\n<div id=\"description_block\">\n<div id=\"description_content\" class=\"rte align_justify\">\n<div id=\"description_block\">\n<div id=\"description_content\" class=\"rte align_justify\">\n<p>SEGELLADOR-ADHESIU DE POLIURET\u00c0 EN CARTUTX PER SEGELLAR I ENCOLAR EN CONSTRUCCI\u00d3 I AUTOMOCI\u00d3.<\/p>\n<\/div>\n<div id=\"description_content\" class=\"rte align_justify\">\n<p>Segellador de poliuret\u00e0 monocomponent, d&#8217;alt m\u00f2dul per encolats a la ind\u00fastria de la construcci\u00f3 i autom\u00f2bil.<\/p>\n<\/div>\n<\/div>\n<h4>CARACTER\u00cdSTIQUES<\/h4>\n<p>Segellador el\u00e0stic de poliuret\u00e0 monocomponent d&#8217;altes prestacions, r\u00e0pid, reticulable per humitat.<br \/>\nPot ser usat per la uni\u00f3 i calafatejat de diferents materials<br \/>\nPintable amb tot tipus de pintures convencionals.<br \/>\nColor blanc.<\/p>\n<\/div>\n<\/div>\n<\/div>\n<\/div>\n","protected":false},"excerpt":{"rendered":"<p>SEGELLADOR-ADHESIU DE POLIURET\u00c0 EN CARTUTX PER SEGELLAR I ENCOLAR EN<\/p>\n","protected":false},"featured_media":5097,"comment_status":"open","ping_status":"closed","template":"","meta":{"_acf_changed":false},"product_cat":[],"product_tag":[],"acf":[],"_links":{"self":[{"href":"https:\/\/rayt.com\/ca\/wp-json\/wp\/v2\/product\/5105"}],"collection":[{"href":"https:\/\/rayt.com\/ca\/wp-json\/wp\/v2\/product"}],"about":[{"href":"https:\/\/rayt.com\/ca\/wp-json\/wp\/v2\/types\/product"}],"replies":[{"embeddable":true,"href":"https:\/\/rayt.com\/ca\/wp-json\/wp\/v2\/comments?post=5105"}],"wp:featuredmedia":[{"embeddable":true,"href":"https:\/\/rayt.com\/ca\/wp-json\/wp\/v2\/media\/5097"}],"wp:attachment":[{"href":"https:\/\/rayt.com\/ca\/wp-json\/wp\/v2\/media?parent=5105"}],"wp:term":[{"taxonomy":"product_cat","embeddable":true,"href":"https:\/\/rayt.com\/ca\/wp-json\/wp\/v2\/product_cat?post=5105"},{"taxonomy":"product_tag","embeddable":true,"href":"https:\/\/rayt.com\/ca\/wp-json\/wp\/v2\/product_tag?post=5105"}],"curies":[{"name":"wp","href":"https:\/\/api.w.org\/{rel}","templated":true}]}}