{"id":8033,"date":"2022-09-30T11:59:54","date_gmt":"2022-09-30T11:59:54","guid":{"rendered":"https:\/\/rayt.com\/politica-de-cookies\/"},"modified":"2025-01-14T14:07:17","modified_gmt":"2025-01-14T14:07:17","slug":"politica-de-cookies","status":"publish","type":"page","link":"https:\/\/rayt.com\/en\/politica-de-cookies\/","title":{"rendered":"Cookies policy"},"content":{"rendered":"\t\t<div data-elementor-type=\"wp-page\" data-elementor-id=\"8033\" class=\"elementor elementor-8033 elementor-8016\">\n\t\t\t\t\t\t<section class=\"elementor-section elementor-top-section elementor-element elementor-element-787c444 elementor-section-boxed elementor-section-height-default elementor-section-height-default\" data-id=\"787c444\" data-element_type=\"section\">\n\t\t\t\t\t\t<div class=\"elementor-container elementor-column-gap-default\">\n\t\t\t\t\t<div class=\"elementor-column elementor-col-100 elementor-top-column elementor-element elementor-element-8cc1d21\" data-id=\"8cc1d21\" data-element_type=\"column\">\n\t\t\t<div class=\"elementor-widget-wrap elementor-element-populated\">\n\t\t\t\t\t\t<div class=\"elementor-element elementor-element-0a8e29f elementor-widget elementor-widget-spacer\" data-id=\"0a8e29f\" data-element_type=\"widget\" data-widget_type=\"spacer.default\">\n\t\t\t\t<div class=\"elementor-widget-container\">\n\t\t\t\t\t<div class=\"elementor-spacer\">\n\t\t\t<div class=\"elementor-spacer-inner\"><\/div>\n\t\t<\/div>\n\t\t\t\t<\/div>\n\t\t\t\t<\/div>\n\t\t\t\t\t<\/div>\n\t\t<\/div>\n\t\t\t\t\t<\/div>\n\t\t<\/section>\n\t\t\t\t<section class=\"elementor-section elementor-top-section elementor-element elementor-element-d60fc7a elementor-section-boxed elementor-section-height-default elementor-section-height-default\" data-id=\"d60fc7a\" data-element_type=\"section\">\n\t\t\t\t\t\t<div class=\"elementor-container elementor-column-gap-default\">\n\t\t\t\t\t<div class=\"elementor-column elementor-col-100 elementor-top-column elementor-element elementor-element-de43efe\" data-id=\"de43efe\" data-element_type=\"column\">\n\t\t\t<div class=\"elementor-widget-wrap elementor-element-populated\">\n\t\t\t\t\t\t<div class=\"elementor-element elementor-element-73a59af elementor-widget elementor-widget-heading\" data-id=\"73a59af\" data-element_type=\"widget\" data-widget_type=\"heading.default\">\n\t\t\t\t<div class=\"elementor-widget-container\">\n\t\t\t<h2 class=\"elementor-heading-title elementor-size-default\">COOKIES POLICY<\/h2>\t\t<\/div>\n\t\t\t\t<\/div>\n\t\t\t\t<div class=\"elementor-element elementor-element-0c7bfb4 elementor-widget-divider--view-line elementor-widget elementor-widget-divider\" data-id=\"0c7bfb4\" data-element_type=\"widget\" data-widget_type=\"divider.default\">\n\t\t\t\t<div class=\"elementor-widget-container\">\n\t\t\t\t\t<div class=\"elementor-divider\">\n\t\t\t<span class=\"elementor-divider-separator\">\n\t\t\t\t\t\t<\/span>\n\t\t<\/div>\n\t\t\t\t<\/div>\n\t\t\t\t<\/div>\n\t\t\t\t\t<\/div>\n\t\t<\/div>\n\t\t\t\t\t<\/div>\n\t\t<\/section>\n\t\t\t\t<section class=\"elementor-section elementor-top-section elementor-element elementor-element-1640c594 elementor-section-boxed elementor-section-height-default elementor-section-height-default\" data-id=\"1640c594\" data-element_type=\"section\">\n\t\t\t\t\t\t<div class=\"elementor-container elementor-column-gap-default\">\n\t\t\t\t\t<div class=\"elementor-column elementor-col-100 elementor-top-column elementor-element elementor-element-771357b3\" data-id=\"771357b3\" data-element_type=\"column\">\n\t\t\t<div class=\"elementor-widget-wrap elementor-element-populated\">\n\t\t\t\t\t\t<div class=\"elementor-element elementor-element-56ff6a94 elementor-widget elementor-widget-text-editor\" data-id=\"56ff6a94\" data-element_type=\"widget\" data-widget_type=\"text-editor.default\">\n\t\t\t\t<div class=\"elementor-widget-container\">\n\t\t\t\t\t\t\t<p>This cookie policy aims to provide clear and precise information about the cookies used on our website.<\/p>\n<p>We use our own and third-party cookies to improve our services, personalize our website, facilitate navigation for our users, provide you with a better experience when using the website, identify problems to improve it, make measurements and statistics on use and show you advertising related to your preferences by analyzing the use of the website.<\/p>\n<p>We inform you that we can use cookies on your device provided that the user has given their consent, except in cases where cookies are necessary for browsing our website. If you give your consent, we may use cookies that will allow us to have more information about your preferences and personalize our website in accordance with your individual interests.<\/p>\n<h3>WHAT ARE COOKIES?<\/h3>\n<p>Cookies and other similar technologies such as local shared objects, flash cookies or pixels are tools used by Web servers to store and retrieve information about their visitors, as well as to ensure the correct functioning of the site.<\/p>\n<h3>TYPES OF COOKIES<\/h3>\n<p>Types of cookies depending on the entity that manages them:<\/p>\n<ul>\n<li>Own cookies: are those that are sent to the user&#8217;s terminal equipment from a computer or domain managed by the owner of the website and from which the service requested by the user is provided.<\/li>\n<li>Third-party cookies: are those that are sent to the user&#8217;s terminal equipment from a computer or domain that is not managed by the owner of the website from which the service requested by the user is provided, but by another entity that processes the data obtained through the cookies. Likewise, in the event that the cookies are installed from a computer or domain managed by the owner of the website but the information collected through them is managed by a third party, they will also be considered third-party cookies.<\/li>\n<\/ul>\n<p>Types of cookies according to their purpose:<\/p>\n<ul>\n<li><strong>Technical cookies<\/strong>: these are those that allow the user to navigate through a website, platform or application and use the different options or services that exist therein, including those that the editor uses to allow the management and operation of the website and enable its functions and services, such as, for example, controlling traffic and data communication, identifying the session, accessing restricted access parts, remembering the elements that make up an order, carrying out the purchase process of an order, managing payment, controlling fraud linked to the security of the service, making the request for registration or participation in an event, counting visits for the purposes of billing licenses for the software with which the service works (website, platform or application), using security elements during navigation, storing content for the dissemination of videos or sound, enabling dynamic content (for example, animation for loading a text or image) or sharing content through social networks. Also belonging to this category, due to their technical nature, are those cookies that allow the management, in the most efficient way possible, of advertising spaces that, as one more element of design or &#8220;layout&#8221; of the service offered to the user, the editor has included on a website, application or platform based on criteria such as edited content, without collecting information from users for different purposes, such as personalizing that advertising content or other content.<\/li>\n<li><strong>Preference or personalization cookies<\/strong>: These are cookies that allow information to be remembered so that the user accesses the service with certain characteristics that may differentiate their experience from that of other users, such as, for example, the language, the number of results to be displayed when the user performs a search, the appearance or content of the service depending on the type of browser through which the user accesses the service or the region from which the user accesses the service, etc.<\/li>\n<li><strong>Analysis or measurement cookies<\/strong>: These are cookies that allow the person responsible for them to monitor and analyse the behaviour of users of the websites to which they are linked, including the quantification of the impact of advertisements. The information collected through this type of cookies is used to measure the activity of the websites, application or platform, in order to introduce improvements based on the analysis of the data on the use made by users of the service.<\/li>\n<li><strong>Behavioural advertising cookies<\/strong>: these are cookies that allow the most efficient management of advertising spaces on the website. These cookies store information on user behaviour obtained through continuous observation of their browsing habits, which allows the development of a specific profile to display advertising based on this behaviour.<\/li>\n<li><strong>Geolocation cookies<\/strong>: These are used to know where a user is located when they request a service. This cookie is anonymous and is used, for example, to offer you the appropriate information depending on the country in which you are located..<\/li>\n<\/ul>\n<p><strong>Types of cookies according to the length of time they remain activated<\/strong>:<\/p>\n<ul>\n<li><strong>Session cookies<\/strong>: These are designed to collect and store data while the user is accessing a website. They are usually used to store information that is only of interest to the user for the provision of the service requested on a single occasion (for example, a list of purchased products) and they disappear at the end of the session.<\/li>\n<li><strong>Persistent cookies<\/strong>: these are cookies in which the data remains stored on the device and can be accessed and processed for a period defined by the person responsible for the cookie, which can range from a few minutes to several years.<\/li>\n<\/ul>\n<h3>COOKIES USED ON OUR WEBSITE<\/h3>\n<p><strong>Mandatory cookies<\/strong>:<\/p>\n<table border=\"1\" cellspacing=\"0\" cellpadding=\"20\">\n<tbody>\n<tr>\n<td>Nombre<\/td>\n<td>Host<\/td>\n<td>Duraci\u00f3n<\/td>\n<td>Tipo<\/td>\n<td>Finalidad<\/td>\n<\/tr>\n<tr>\n<td>CookieConsent<\/td>\n<td>Cookiebot<\/td>\n<td>1 a\u00f1o<\/td>\n<td>HTTP<\/td>\n<td>Almacena el estado de consentimiento de cookies del usuario para el dominio actual<\/td>\n<\/tr>\n<tr>\n<td>_GRECAPTCHA<\/td>\n<td>Google<\/td>\n<td>180 d\u00edas<\/td>\n<td>HTTP<\/td>\n<td>Esta cookie se utiliza para distinguir entre humanos y bots. Esto es beneficioso para la web con el objeto de elaborar informes v\u00e1lidos sobre el uso de su web.<\/td>\n<\/tr>\n<tr>\n<td>rc::a<\/td>\n<td>Google<\/td>\n<td>Persistente<\/td>\n<td>HTML<\/td>\n<td>Esta cookie se utiliza para distinguir entre humanos y bots. Esto es beneficioso para la web con el objeto de elaborar informes v\u00e1lidos sobre el uso de su web.<\/td>\n<\/tr>\n<tr>\n<td>rc::b<\/td>\n<td>Google<\/td>\n<td>Session<\/td>\n<td>HTML<\/td>\n<td>Esta cookie se utiliza para distinguir entre humanos y bots.<\/td>\n<\/tr>\n<tr>\n<td>rc::c<\/td>\n<td>Google<\/td>\n<td>Session<\/td>\n<td>HTML<\/td>\n<td>Esta cookie se utiliza para distinguir entre humanos y bots.<\/td>\n<\/tr>\n<tr>\n<td>_grecaptcha<\/td>\n<td>Rayt.com<\/td>\n<td>Persistente<\/td>\n<td>HTML<\/td>\n<td>Esta cookie se utiliza para distinguir entre humanos y bots. Esto es beneficioso para la web con el objeto de elaborar informes v\u00e1lidos sobre el uso de su web.<\/td>\n<\/tr>\n<tr>\n<td>wc_cart_hash_#<\/td>\n<td>Rayt.com<\/td>\n<td>Persistente<\/td>\n<td>HTML<\/td>\n<td>Pendiente<\/td>\n<\/tr>\n<tr>\n<td>wc_fragments_#<\/td>\n<td>Rayt.com<\/td>\n<td>Session<\/td>\n<td>HTML<\/td>\n<td>Pendiente<\/td>\n<\/tr>\n<\/tbody>\n<\/table>\n<p><strong>Preference cookies:<\/strong><\/p>\n<table border=\"1\" cellspacing=\"0\" cellpadding=\"20\">\n<tbody>\n<tr>\n<td>Nombre<\/td>\n<td>Host<\/td>\n<td>Duraci\u00f3n<\/td>\n<td>Tipo<\/td>\n<td>Finalidad<\/td>\n<\/tr>\n<tr>\n<td>wp-wpml_current_language<\/td>\n<td>Rayt.com<\/td>\n<td>1 d\u00edas<\/td>\n<td>HTTP<\/td>\n<td>Designa el c\u00f3digo de pa\u00eds que se calcula seg\u00fan la direcci\u00f3n IP del usuario. Utilizada para determinar qu\u00e9 idioma deber\u00eda usarse para usuarios.<\/td>\n<\/tr>\n<\/tbody>\n<\/table>\n<p><strong>Statistics cookies:<\/strong><\/p>\n<table border=\"1\" cellspacing=\"0\" cellpadding=\"20\">\n<tbody>\n<tr>\n<td>Nombre<\/td>\n<td>Host<\/td>\n<td>Duraci\u00f3n<\/td>\n<td>Tipo<\/td>\n<td>Finalidad<\/td>\n<\/tr>\n<tr>\n<td>_ga<\/td>\n<td>Rayt.com<\/td>\n<td>400 d\u00edas<\/td>\n<td>HTTP<\/td>\n<td>Registra una identificaci\u00f3n \u00fanica que se utiliza para generar datos estad\u00edsticos acerca de c\u00f3mo utiliza el visitante el sitio web.<\/td>\n<\/tr>\n<tr>\n<td>_gat<\/td>\n<td>Rayt.com<\/td>\n<td>1 d\u00eda<\/td>\n<td>HTTP<\/td>\n<td>Utilizado por Google Analytics para controlar la tasa de peticiones<\/td>\n<\/tr>\n<tr>\n<td>_gid<\/td>\n<td>Rayt.com<\/td>\n<td>1 d\u00eda<\/td>\n<td>HTTP<\/td>\n<td>Registra una identificaci\u00f3n \u00fanica que se utiliza para generar datos estad\u00edsticos acerca de c\u00f3mo utiliza el visitante el sitio web.<\/td>\n<\/tr>\n<\/tbody>\n<\/table>\n<h3><\/h3>\n<h3>HOW TO DISABLE COOKIES IN BROWSERS?<\/h3>\n<p>The user may, at any time, allow, block or delete the cookies installed on his\/her computer by modifying the configuration parameters of the browser installed on his\/her computer:<\/p>\n<ul>\n<li><a href=\"https:\/\/support.google.com\/chrome\/answer\/95647?hl=es&amp;sc_ref_bbva=https%3A%2F%2Fwww.bbva.es%2Fsistema%2Fmeta%2Faviso-legal%2Findex.jsp\">Chrome<\/a> Settings -&gt; Show advanced settings -&gt; Privacy -&gt; Content settings.<br \/>\nFor more information, you can consult\u00a0<a href=\"https:\/\/support.google.com\/chrome\/answer\/95647?hl=es&amp;ref_topic=3434352\">Google support<\/a> or Browser Help.<\/li>\n<li><a href=\"https:\/\/www.microsoft.com\/es-es\/edge\">Edge<\/a> Tools -&gt; Internet Options -&gt; Privacy -&gt; Settings.<br \/>\nFor more information, you can consult\u00a0<a href=\"http:\/\/windows.microsoft.com\/es-es\/internet-explorer\/delete-managecookies#ie=ie-11\">Microsoft support<\/a> or Browser Help.<\/li>\n<li><a href=\"http:\/\/support.mozilla.org\/es\/kb\/habilitar-y-deshabilitar-cookies-que-los-sitios-we?sc_ref_bbva=https%3A%2F%2Fwww.bbva.es%2Fsistema%2Fmeta%2Faviso-legal%2Findex.jsp\">Firefox<\/a>: Tools -&gt; Options -&gt; Privacy -&gt; History -&gt; Custom Settings.<br \/>\nPreferences -&gt; Security.<br \/>\nFor more information, you can consult\u00a0<a href=\"https:\/\/support.mozilla.org\/es\/\" target=\"_blank\" rel=\"noopener\">Mozilla support<\/a> or Browser Help.<\/li>\n<li><a href=\"http:\/\/support.apple.com\/kb\/ph5042?sc_ref_bbva=https%3A%2F%2Fwww.bbva.es%2Fsistema%2Fmeta%2Faviso-legal%2Findex.jsp\">Safari<\/a> Preferences -&gt; Security.<br \/>\nFor more information, you can consult\u00a0<a href=\"https:\/\/support.apple.com\/es-es\/HT201265\" target=\"_blank\" rel=\"noopener\">Apple Support<\/a> or Browser Help.<\/li>\n<\/ul>\n<p>Disabling cookies does not prevent you from browsing the website, although the use of some of its services may be limited and, therefore, your browsing experience may be less satisfactory.<\/p>\n<h3>WITHDRAW CONSENT<\/h3>\n<p>The user may withdraw his or her consent related to the Cookies Policy at any time, and may delete the cookies stored on his or her computer through the settings and configurations of his or her Internet browser, indicated above.<\/p>\n<p>This Cookies Policy may be modified when required by the legislation in force at any time or when there is any variation in the type of cookies used on the website. Therefore, we recommend that you review this policy each time you access our website in order to be adequately informed about how and why we use cookies.<\/p>\n\t\t\t\t\t\t<\/div>\n\t\t\t\t<\/div>\n\t\t\t\t\t<\/div>\n\t\t<\/div>\n\t\t\t\t\t<\/div>\n\t\t<\/section>\n\t\t\t\t<\/div>\n\t\t","protected":false},"excerpt":{"rendered":"<p>COOKIES POLICY This cookie policy aims to provide clear and<\/p>\n","protected":false},"author":4,"featured_media":0,"parent":0,"menu_order":0,"comment_status":"closed","ping_status":"closed","template":"elementor_header_footer","meta":{"_acf_changed":false,"footnotes":""},"acf":[],"_links":{"self":[{"href":"https:\/\/rayt.com\/en\/wp-json\/wp\/v2\/pages\/8033"}],"collection":[{"href":"https:\/\/rayt.com\/en\/wp-json\/wp\/v2\/pages"}],"about":[{"href":"https:\/\/rayt.com\/en\/wp-json\/wp\/v2\/types\/page"}],"author":[{"embeddable":true,"href":"https:\/\/rayt.com\/en\/wp-json\/wp\/v2\/users\/4"}],"replies":[{"embeddable":true,"href":"https:\/\/rayt.com\/en\/wp-json\/wp\/v2\/comments?post=8033"}],"version-history":[{"count":3,"href":"https:\/\/rayt.com\/en\/wp-json\/wp\/v2\/pages\/8033\/revisions"}],"predecessor-version":[{"id":8500,"href":"https:\/\/rayt.com\/en\/wp-json\/wp\/v2\/pages\/8033\/revisions\/8500"}],"wp:attachment":[{"href":"https:\/\/rayt.com\/en\/wp-json\/wp\/v2\/media?parent=8033"}],"curies":[{"name":"wp","href":"https:\/\/api.w.org\/{rel}","templated":true}]}}