{"id":2309,"date":"2020-12-03T09:32:03","date_gmt":"2020-12-03T09:39:19","guid":{"rendered":"http:\/\/rayt.com\/?post_type=product&#038;p=2309"},"modified":"2021-02-25T08:27:46","modified_gmt":"2021-02-25T08:27:46","slug":"rayt-sprint-ma-6512","status":"publish","type":"product","link":"https:\/\/rayt.com\/en\/producto\/rayt-sprint-ma-6512\/","title":{"rendered":"MA-6512"},"content":{"rendered":"<p>Adhesiu termofusible Hot-Melt en esferes de color ivori.<br \/>\nEspecial per encolar cantells corbs en m\u00e0quines manuals o semiautom\u00e0tiques i apte per a melamina, poli\u00e8ster, xapa de fusta i PVC\/ABS.<\/p>\n","protected":false},"excerpt":{"rendered":"<p>Adhesiu termofusible Hot-Melt en esferes de color ivori. Especial per<\/p>\n","protected":false},"featured_media":5464,"comment_status":"open","ping_status":"closed","template":"","meta":{"_acf_changed":false},"product_cat":[435,529],"product_tag":[],"acf":[],"_links":{"self":[{"href":"https:\/\/rayt.com\/en\/wp-json\/wp\/v2\/product\/2309"}],"collection":[{"href":"https:\/\/rayt.com\/en\/wp-json\/wp\/v2\/product"}],"about":[{"href":"https:\/\/rayt.com\/en\/wp-json\/wp\/v2\/types\/product"}],"replies":[{"embeddable":true,"href":"https:\/\/rayt.com\/en\/wp-json\/wp\/v2\/comments?post=2309"}],"wp:featuredmedia":[{"embeddable":true,"href":"https:\/\/rayt.com\/en\/wp-json\/wp\/v2\/media\/5464"}],"wp:attachment":[{"href":"https:\/\/rayt.com\/en\/wp-json\/wp\/v2\/media?parent=2309"}],"wp:term":[{"taxonomy":"product_cat","embeddable":true,"href":"https:\/\/rayt.com\/en\/wp-json\/wp\/v2\/product_cat?post=2309"},{"taxonomy":"product_tag","embeddable":true,"href":"https:\/\/rayt.com\/en\/wp-json\/wp\/v2\/product_tag?post=2309"}],"curies":[{"name":"wp","href":"https:\/\/api.w.org\/{rel}","templated":true}]}}