{"id":3241,"date":"2020-10-28T11:34:10","date_gmt":"2020-12-15T12:06:31","guid":{"rendered":"http:\/\/rayt.com\/?post_type=product&#038;p=3241"},"modified":"2021-02-18T08:11:23","modified_gmt":"2021-02-18T08:11:23","slug":"ma-1490-a-mv","status":"publish","type":"product","link":"https:\/\/rayt.com\/en\/producto\/ma-1490-a-mv\/","title":{"rendered":"MA-1490-A\/MV"},"content":{"rendered":"<div id=\"description_content\" class=\"rte align_justify\">\n<div id=\"description_block\">\n<div id=\"description_content\" class=\"rte align_justify\">\n<p>HIGH QUALITY D3 ADHESIVE FOR FURNITURE AND WOOD. MEDIUM VISCOSITY.<\/p>\n<\/div>\n<div id=\"description_content\" class=\"rte align_justify\">\n<p>General purpose adhesive for assembly, doweling, veneer or foil lamination in cold or hot press, and any other application in woodworking or cabinetmaking.<br \/>\nMedium viscosity.<\/p>\n<\/div>\n<\/div>\n<\/div>\n<h4>CARACTER\u00cdSTIQUES<\/h4>\n<p>Excel\u00b7lent penetraci\u00f3 en la fusta, adequat en totes aquelles aplicacions en qu\u00e8 s&#8217;exigeixi bona resist\u00e8ncia a l&#8217;aigua, a la calor i a la tracci\u00f3.<br \/>\nResistent a la humitat, compleix EN 204 D3, amb enduridor compleix EN 204 D4.<br \/>\nAplicable mitjan\u00e7ant encoladora de corrons, brotxa, pinzell, etc.<br \/>\nMolt poca coloraci\u00f3 amb fustes sensibles.<\/p>\n","protected":false},"excerpt":{"rendered":"<p>HIGH QUALITY D3 ADHESIVE FOR FURNITURE AND WOOD. MEDIUM VISCOSITY.<\/p>\n","protected":false},"featured_media":2985,"comment_status":"open","ping_status":"closed","template":"","meta":{"_acf_changed":false},"product_cat":[908,899,818,815,601,1463,1644,936],"product_tag":[],"acf":[],"_links":{"self":[{"href":"https:\/\/rayt.com\/en\/wp-json\/wp\/v2\/product\/3241"}],"collection":[{"href":"https:\/\/rayt.com\/en\/wp-json\/wp\/v2\/product"}],"about":[{"href":"https:\/\/rayt.com\/en\/wp-json\/wp\/v2\/types\/product"}],"replies":[{"embeddable":true,"href":"https:\/\/rayt.com\/en\/wp-json\/wp\/v2\/comments?post=3241"}],"wp:featuredmedia":[{"embeddable":true,"href":"https:\/\/rayt.com\/en\/wp-json\/wp\/v2\/media\/2985"}],"wp:attachment":[{"href":"https:\/\/rayt.com\/en\/wp-json\/wp\/v2\/media?parent=3241"}],"wp:term":[{"taxonomy":"product_cat","embeddable":true,"href":"https:\/\/rayt.com\/en\/wp-json\/wp\/v2\/product_cat?post=3241"},{"taxonomy":"product_tag","embeddable":true,"href":"https:\/\/rayt.com\/en\/wp-json\/wp\/v2\/product_tag?post=3241"}],"curies":[{"name":"wp","href":"https:\/\/api.w.org\/{rel}","templated":true}]}}