{"id":1882,"date":"2020-11-30T13:54:06","date_gmt":"2020-11-30T13:54:06","guid":{"rendered":"http:\/\/rayt.com\/?page_id=1882"},"modified":"2022-09-21T10:38:15","modified_gmt":"2022-09-21T10:38:15","slug":"nosotros","status":"publish","type":"page","link":"https:\/\/rayt.com\/fr\/nosotros\/","title":{"rendered":"Nosotros"},"content":{"rendered":"\n<div id=\"rev_slider_8_1_wrapper\" class=\"rev_slider_wrapper fullwidthbanner-container\" data-source=\"gallery\" style=\"margin:0px auto;background:transparent;padding:0px;margin-top:0px;margin-bottom:0px;\">\n<!-- START REVOLUTION SLIDER 5.4.8.3 fullwidth mode -->\n\t<div id=\"rev_slider_8_1\" class=\"rev_slider fullwidthabanner\" style=\"display:none;\" data-version=\"5.4.8.3\">\n<ul>\t<!-- SLIDE  -->\n\t<li data-index=\"rs-21\" data-transition=\"fade\" data-slotamount=\"default\" data-hideafterloop=\"0\" data-hideslideonmobile=\"off\"  data-easein=\"default\" data-easeout=\"default\" data-masterspeed=\"300\"  data-rotate=\"0\"  data-saveperformance=\"off\"  data-title=\"Slide\" data-param1=\"\" data-param2=\"\" data-param3=\"\" data-param4=\"\" data-param5=\"\" data-param6=\"\" data-param7=\"\" data-param8=\"\" data-param9=\"\" data-param10=\"\" data-description=\"\">\n\t\t<!-- MAIN IMAGE -->\n\t\t<img fetchpriority=\"high\" decoding=\"async\" src=\"https:\/\/rayt.com\/wp-content\/uploads\/2021\/01\/unpixeled_banner.png\"  alt=\"\" title=\"unpixeled_banner\"  width=\"1605\" height=\"455\" data-bgposition=\"center center\" data-bgfit=\"cover\" data-bgrepeat=\"no-repeat\" class=\"rev-slidebg\" data-no-retina>\n\t\t<!-- LAYERS -->\n\n\t\t<!-- LAYER NR. 1 -->\n\t\t<div class=\"tp-caption   tp-resizeme  h1_nosotros\" \n\t\t\t id=\"id_h1_nosotros\" \n\t\t\t data-x=\"center\" data-hoffset=\"0\" \n\t\t\t data-y=\"center\" data-voffset=\"0\" \n\t\t\t\t\t\tdata-width=\"['auto']\"\n\t\t\tdata-height=\"['auto']\"\n \n\t\t\tdata-type=\"text\" \n\t\t\tdata-responsive_offset=\"on\" \n\n\t\t\tdata-frames='[{\"delay\":0,\"speed\":300,\"frame\":\"0\",\"from\":\"opacity:0;\",\"to\":\"o:1;\",\"ease\":\"Power3.easeInOut\"},{\"delay\":\"wait\",\"speed\":300,\"frame\":\"999\",\"to\":\"opacity:0;\",\"ease\":\"Power3.easeInOut\"}]'\n\t\t\tdata-textAlign=\"['inherit','inherit','inherit','inherit']\"\n\t\t\tdata-paddingtop=\"[0,0,0,0]\"\n\t\t\tdata-paddingright=\"[0,0,0,0]\"\n\t\t\tdata-paddingbottom=\"[0,0,0,0]\"\n\t\t\tdata-paddingleft=\"[0,0,0,0]\"\n\n\t\t\tstyle=\"z-index: 5; white-space: nowrap; font-size: 25px; line-height: 34px; font-weight: 600; color: #ffffff; letter-spacing: 0px;font-family:'Galano Grotesque', Sans-serif;\"><h1>Rayt, pr\u00e8s de 70 ans uni au monde<\/h1>\n <\/div>\n\t<\/li>\n<\/ul>\n<div class=\"tp-bannertimer tp-bottom\" style=\"visibility: hidden !important;\"><\/div>\t<\/div>\n<script>var htmlDiv = document.getElementById(\"rs-plugin-settings-inline-css\"); var htmlDivCss=\"\";\n\t\t\t\tif(htmlDiv) {\n\t\t\t\t\thtmlDiv.innerHTML = htmlDiv.innerHTML + htmlDivCss;\n\t\t\t\t}else{\n\t\t\t\t\tvar htmlDiv = document.createElement(\"div\");\n\t\t\t\t\thtmlDiv.innerHTML = \"<style>\" + htmlDivCss + \"<\/style>\";\n\t\t\t\t\tdocument.getElementsByTagName(\"head\")[0].appendChild(htmlDiv.childNodes[0]);\n\t\t\t\t}\n\t\t\t<\/script>\n\t\t<script type=\"text\/javascript\">\nif (setREVStartSize!==undefined) setREVStartSize(\n\t{c: '#rev_slider_8_1', gridwidth: [1240], gridheight: [455], sliderLayout: 'fullwidth'});\n\t\t\t\nvar revapi8,\n\ttpj;\t\n(function() {\t\t\t\n\tif (!\/loaded|interactive|complete\/.test(document.readyState)) document.addEventListener(\"DOMContentLoaded\",onLoad); else onLoad();\t\n\tfunction onLoad() {\t\t\t\t\n\t\tif (tpj===undefined) { tpj = jQuery; if(\"off\" == \"on\") tpj.noConflict();}\n\tif(tpj(\"#rev_slider_8_1\").revolution == undefined){\n\t\trevslider_showDoubleJqueryError(\"#rev_slider_8_1\");\n\t}else{\n\t\trevapi8 = tpj(\"#rev_slider_8_1\").show().revolution({\n\t\t\tsliderType:\"standard\",\n\t\t\tjsFileLocation:\"\/\/rayt.com\/wp-content\/plugins\/revslider\/public\/assets\/js\/\",\n\t\t\tsliderLayout:\"fullwidth\",\n\t\t\tdottedOverlay:\"none\",\n\t\t\tdelay:9000,\n\t\t\tnavigation: {\n\t\t\t\tonHoverStop:\"off\",\n\t\t\t},\n\t\t\tvisibilityLevels:[1240,1024,778,480],\n\t\t\tgridwidth:1240,\n\t\t\tgridheight:455,\n\t\t\tlazyType:\"none\",\n\t\t\tshadow:0,\n\t\t\tspinner:\"spinner0\",\n\t\t\tstopLoop:\"off\",\n\t\t\tstopAfterLoops:-1,\n\t\t\tstopAtSlide:-1,\n\t\t\tshuffle:\"off\",\n\t\t\tautoHeight:\"off\",\n\t\t\tdisableProgressBar:\"on\",\n\t\t\thideThumbsOnMobile:\"off\",\n\t\t\thideSliderAtLimit:0,\n\t\t\thideCaptionAtLimit:0,\n\t\t\thideAllCaptionAtLilmit:0,\n\t\t\tdebugMode:false,\n\t\t\tfallbacks: {\n\t\t\t\tsimplifyAll:\"off\",\n\t\t\t\tnextSlideOnWindowFocus:\"off\",\n\t\t\t\tdisableFocusListener:false,\n\t\t\t}\n\t\t});\n\t}; \/* END OF revapi call *\/\n\t\n }; \/* END OF ON LOAD FUNCTION *\/\n}()); \/* END OF WRAPPING FUNCTION *\/\n<\/script>\n\t\t<\/div><!-- END REVOLUTION SLIDER -->\n<h2>L\u2019UNION LA PLUS FORTE<\/h2>\n<h2>INNOVANTS PAR NATURE<\/h2>\n<p>Les LABORATORIOS RAYT, fond\u00e9s en 1955 par le docteur Joaqu\u00edn Clar\u00f3s Ventura, ont \u00e9t\u00e9 les pionniers de leur secteur d\u2019activit\u00e9 gr\u00e2ce au d\u00e9veloppement de nouveaux types de colles et d\u2019adh\u00e9sifs. Actuellement, nous sommes le premier fabricant ind\u00e9pendant en termes de profondeur de gamme et de nombre de r\u00e9f\u00e9rences.<\/p>\n<p>Nos produits sont des colles, adh\u00e9sifs, scellants et peintures pour tout type d\u2019applications <strong>industrielles<\/strong>, mais aussi pour l\u2019utilisateur <strong>professionnel<\/strong> et le <strong>particulier.<\/strong><\/p>\n<h2>RECHERCHE &#038; D\u00c9VELOPPEMENT, QUALIT\u00c9 ET ENGAGEMENT POUR L\u2019ENVIRONNEMENT<\/h2>\n<p>\t\tNous sommes aujourd\u2019hui encore une entreprise familiale avec son propre capital et ses propres ressources, g\u00e9r\u00e9e par les h\u00e9ritiers du fondateur. Nous comptons sur un personnel qualifi\u00e9 et fid\u00e8le \u00e0 notre politique d\u2019entreprise. Ensemble, nous maintenons l\u2019enthousiasme et l\u2019engagement au service de nos clients et distributeurs, avec un grand niveau d\u2019innovation qui nous permet d\u2019offrir des produits de la meilleure qualit\u00e9.<br \/>\n\t\t\t\t\t\t\t\t\t\t<img decoding=\"async\" width=\"1232\" height=\"342\" src=\"https:\/\/rayt.com\/wp-content\/uploads\/2020\/09\/image-6.png\" alt=\"\" srcset=\"https:\/\/rayt.com\/wp-content\/uploads\/2020\/09\/image-6.png 1232w, https:\/\/rayt.com\/wp-content\/uploads\/2020\/09\/image-6-600x167.png 600w, https:\/\/rayt.com\/wp-content\/uploads\/2020\/09\/image-6-300x83.png 300w, https:\/\/rayt.com\/wp-content\/uploads\/2020\/09\/image-6-1024x284.png 1024w, https:\/\/rayt.com\/wp-content\/uploads\/2020\/09\/image-6-768x213.png 768w\" sizes=\"(max-width: 1232px) 100vw, 1232px\" \/>\t\t\t\t\t\t\t\t\t\t\t<\/p>\n<p>Nous sommes \u00e0 la t\u00eate d\u2019un groupe industriel disposant de<b> 3 usines de production<\/b> sp\u00e9cialis\u00e9es chacune dans une gamme de produits, et situ\u00e9es dans la r\u00e9gion de Barcelone (plus pr\u00e9cis\u00e9ment \u00e0 Barber\u00e0 del Vall\u00e8s, Sant Feliu de Llobregat et La Pobla de Claramunt). Ces usines produisent les sp\u00e9cialit\u00e9s pour une gamme compl\u00e8te de produits pens\u00e9s pour de nombreux secteurs :<b> clients industriels, professionnels de secteurs divers et particuliers<\/b>, \u00e0\u00a0travers des canaux de distribution en gros et au d\u00e9tail.<\/p>\n<p>Nous disposons de nos <strong>laboratoires de R&amp;D&amp;I<\/strong> et de contr\u00f4le de la qualit\u00e9, et nous avons acquis une grande capacit\u00e9 technologique et de production qui nous permet d\u2019\u00eatre comp\u00e9titif sur le plan international, rendant ainsi hommage \u00e0 notre devise :\u00a0\u00ab\u00a0L\u2019union la plus forte\u00a0\u00bb, notre engagement permanent pour la qualit\u00e9 et le service.<\/p>\n<p>RAYT est membre de nombreux instituts technologiques et associations du secteur comme <b><a href=\"http:\/\/aidimm.com\/\">Aidimm<\/a>, <a href=\"https:\/\/www.itene.com\/\">Itene<\/a>, <a href=\"https:\/\/www.inescop.es\/es\/\">Inescop<\/a><\/b>, ainsi que membre <a href=\"http:\/\/www.asefca.org\/\"><strong>d\u2019Asefca<\/strong><\/a>.<\/p>\n<p>De plus, nous avons le privil\u00e8ge de pouvoir compter sur la collaboration de leaders au niveau mondial pour la production des mati\u00e8res premi\u00e8res, ce qui nous permet d\u2019int\u00e9grer les toutes derni\u00e8res technologies \u00e0 nos produits.<\/p>\n<p>Nous appliquons \u00e9galement une <a href=\"http:\/\/rayt.com\/wp-content\/uploads\/2021\/01\/Pol\u00edtica-Medio-Ambiente-L.Rayt-v00.pdf\"><strong>politique d\u2019engagement\u00a0pour la protection de l\u2019environnement<\/strong><\/a> <strong>et \u00e0 faveur du d\u00e9veloppement durable<\/strong> en am\u00e9liorant en permanence nos pratiques afin d\u2019offrir des produits conformes aux normes internationales en mati\u00e8re de protection environnementale<\/p>\n<style>\n    .elementor-text-editor.elementor-clearfix > p  a{\n        color: black;\n    }\n    .elementor-text-editor.elementor-clearfix > p  a:hover{\n        color: #6a8695;\n    }\n<\/style>\n<p>\t\t\t\t\t\t\t\t\t\t<img decoding=\"async\" width=\"277\" height=\"355\" src=\"https:\/\/rayt.com\/wp-content\/uploads\/2021\/03\/Laboratorios-Rayt-1.png\" alt=\"\" srcset=\"https:\/\/rayt.com\/wp-content\/uploads\/2021\/03\/Laboratorios-Rayt-1.png 277w, https:\/\/rayt.com\/wp-content\/uploads\/2021\/03\/Laboratorios-Rayt-1-234x300.png 234w\" sizes=\"(max-width: 277px) 100vw, 277px\" \/><br \/>\n\t\t\t\t\t\t\t\t\t\t<img loading=\"lazy\" decoding=\"async\" width=\"397\" height=\"279\" src=\"https:\/\/rayt.com\/wp-content\/uploads\/2020\/09\/UKAS-ISO-9001-1-1.png\" alt=\"\" srcset=\"https:\/\/rayt.com\/wp-content\/uploads\/2020\/09\/UKAS-ISO-9001-1-1.png 397w, https:\/\/rayt.com\/wp-content\/uploads\/2020\/09\/UKAS-ISO-9001-1-1-300x211.png 300w\" sizes=\"(max-width: 397px) 100vw, 397px\" \/>\t\t\t\t\t\t\t\t\t\t\t<\/p>\n<p>Nous travaillons depuis de nombreuses ann\u00e9es selon un <a href=\"http:\/\/rayt.com\/wp-content\/uploads\/2021\/01\/AN-MC-03-POLITICA-DE-LA-CALIDAD-V09-fra.pdf\"><strong>syst\u00e8me de qualit\u00e9 <\/strong><\/a>reposant sur la norme ISO 9000. Ce syst\u00e8me est adapt\u00e9 \u00e0 la norme ISO 9001, et a \u00e9t\u00e9 audit\u00e9 et certifi\u00e9 par <a href=\"https:\/\/www.lr.org\/en\/\"><strong>Lloyd\u2019s Register Quality Assurance<\/strong><\/a>.<\/p>\n<p>De plus, il est essentiel pour nous de garantir le bien-\u00eatre de nos employ\u00e9s et des parties prenantes associ\u00e9es \u00e0 Rayt. Nous appliquons \u00e0 cet \u00e9gard une <a href=\"http:\/\/rayt.com\/wp-content\/uploads\/2021\/01\/politica-PRL-pla2019.pdf\"><strong>politique int\u00e9grale de protection des risques<\/strong><\/a>\u00a0et un<a href=\"http:\/\/rayt.com\/wp-content\/uploads\/2021\/01\/C\u00f3digo-\u00c9tico-L.Rayt-v00.pdf\"><strong> code d\u00e9ontologique<\/strong><\/a>, garants du bon respect et de l\u2019application de nos principes et valeurs d\u2019entreprise.<\/p>\n","protected":false},"excerpt":{"rendered":"<p>L\u2019UNION LA PLUS FORTE INNOVANTS PAR NATURE Les LABORATORIOS RAYT,<\/p>\n","protected":false},"author":1,"featured_media":0,"parent":0,"menu_order":0,"comment_status":"closed","ping_status":"closed","template":"fullwidth-template.php","meta":{"_acf_changed":false,"footnotes":""},"acf":[],"_links":{"self":[{"href":"https:\/\/rayt.com\/fr\/wp-json\/wp\/v2\/pages\/1882"}],"collection":[{"href":"https:\/\/rayt.com\/fr\/wp-json\/wp\/v2\/pages"}],"about":[{"href":"https:\/\/rayt.com\/fr\/wp-json\/wp\/v2\/types\/page"}],"author":[{"embeddable":true,"href":"https:\/\/rayt.com\/fr\/wp-json\/wp\/v2\/users\/1"}],"replies":[{"embeddable":true,"href":"https:\/\/rayt.com\/fr\/wp-json\/wp\/v2\/comments?post=1882"}],"version-history":[{"count":0,"href":"https:\/\/rayt.com\/fr\/wp-json\/wp\/v2\/pages\/1882\/revisions"}],"wp:attachment":[{"href":"https:\/\/rayt.com\/fr\/wp-json\/wp\/v2\/media?parent=1882"}],"curies":[{"name":"wp","href":"https:\/\/api.w.org\/{rel}","templated":true}]}}