{"id":4987,"date":"2020-12-04T13:33:33","date_gmt":"2020-12-04T13:33:33","guid":{"rendered":"http:\/\/rayt.com\/blog\/"},"modified":"2021-06-23T09:29:08","modified_gmt":"2021-06-23T09:29:08","slug":"blog","status":"publish","type":"page","link":"https:\/\/rayt.com\/fr\/blog\/","title":{"rendered":"Blog"},"content":{"rendered":"\t\t<div data-elementor-type=\"wp-page\" data-elementor-id=\"4987\" class=\"elementor elementor-4987 elementor-2409\">\n\t\t\t\t\t\t<section class=\"elementor-section elementor-top-section elementor-element elementor-element-4e0c3ca elementor-section-boxed elementor-section-height-default elementor-section-height-default\" data-id=\"4e0c3ca\" data-element_type=\"section\">\n\t\t\t\t\t\t<div class=\"elementor-container elementor-column-gap-default\">\n\t\t\t\t\t<div class=\"elementor-column elementor-col-100 elementor-top-column elementor-element elementor-element-c8fdc5e\" data-id=\"c8fdc5e\" data-element_type=\"column\">\n\t\t\t<div class=\"elementor-widget-wrap elementor-element-populated\">\n\t\t\t\t\t\t<div class=\"elementor-element elementor-element-3eab837 elementor-widget elementor-widget-sc-blog\" data-id=\"3eab837\" data-element_type=\"widget\" data-settings=\"{&quot;dl_col_desktop&quot;:&quot;2&quot;,&quot;dl_col_tablet&quot;:&quot;2&quot;,&quot;dl_col_mobile&quot;:&quot;1&quot;}\" data-widget_type=\"sc-blog.default\">\n\t\t\t\t<div class=\"elementor-widget-container\">\n\t\t\t\n\t\t\n\t\t<div id=\"el-blog-masonry-3eab837\" class=\"el-blog-posts  wt-column-desktop-2 wt-column-tablet-2 wt-column-mobile-1\">\n\n\t\t\n\t\t\t<article class=\"blog-post grid-sizer post-8125 post type-post status-publish format-standard has-post-thumbnail hentry category-non-classifiee\" id=\"post-8125\">\n\t\t\t\t<div class=\"blog-post-inner\">\n\t\t\t\t\t<div class=\"entry_thumb\">\n\t\t\t\t\t\t<a href=\"https:\/\/rayt.com\/fr\/2022\/12\/22\/joyeux-noel-et-une-annee-prospere-2023\/\" class=\"entry_thumb-link\">\n\t\t\t\t\t\t\t<img fetchpriority=\"high\" decoding=\"async\" width=\"1920\" height=\"1080\" src=\"https:\/\/rayt.com\/wp-content\/uploads\/2022\/12\/Rayt-FR.jpg\" class=\"attachment-400x300-blog size-400x300-blog wp-post-image\" alt=\"\" srcset=\"https:\/\/rayt.com\/wp-content\/uploads\/2022\/12\/Rayt-FR.jpg 1920w, https:\/\/rayt.com\/wp-content\/uploads\/2022\/12\/Rayt-FR-600x338.jpg 600w, https:\/\/rayt.com\/wp-content\/uploads\/2022\/12\/Rayt-FR-300x169.jpg 300w, https:\/\/rayt.com\/wp-content\/uploads\/2022\/12\/Rayt-FR-1024x576.jpg 1024w, https:\/\/rayt.com\/wp-content\/uploads\/2022\/12\/Rayt-FR-768x432.jpg 768w, https:\/\/rayt.com\/wp-content\/uploads\/2022\/12\/Rayt-FR-1536x864.jpg 1536w\" sizes=\"(max-width: 1920px) 100vw, 1920px\" \/>\t\t\t\t\t\t<\/a>\n\t\t\t\t\t<\/div>\n\n\t\t\t\t\t<div class=\"entry_text\">\n\t\t\t\t\t\t<div class=\"entry_header\">\n\t\t\t\t\t\t\t<div class=\"meta-info show\">\n\t\t\t\t\t\t\t<a href=\"https:\/\/rayt.com\/fr\/cat\u00e9gorie\/non-classifiee\/\" class=\"post-cat\">Non classifi\u00e9(e)<\/a><span class=\"post-date\"><time class=\"entry-date published updated\" datetime=\"2022-12-22T07:54:24+00:00\">22 d\u00e9cembre 2022<\/time><\/span>\t\t\t\t\t\t\t<\/div>\n\t\t\t\t\t\t\t<h2 class=\"entry_title\"><a href=\"https:\/\/rayt.com\/fr\/2022\/12\/22\/joyeux-noel-et-une-annee-prospere-2023\/\" rel=\"bookmark\">Joyeux No\u00ebl et une Ann\u00e9e Prosp\u00e8re 2023<\/a><\/h2>\t\t\t\t\t\t<\/div>\n\t\t\t\t\t\t\t\t\t\t\t\t<div class=\"entry-excerpt\">\n\t\t\t\t\t\t\t\t\t\t\t\t\t<\/div><!-- .entry-content -->\n\t\t\t\t\t\t\t\t\t\t\t\t<a href=\"https:\/\/rayt.com\/fr\/2022\/12\/22\/joyeux-noel-et-une-annee-prospere-2023\/\" class=\"readmore\">\n\t\t\t\t\t\t\t<span class=\"dl-arrow left\"><\/span>\n\t\t\t\t\t\t\t<span class=\"dl-text\">Read More<\/span>\n\t\t\t\t\t\t\t<span class=\"dl-arrow right\"><\/span>\n\t\t\t\t\t\t<\/a>\n\t\t\t\t\t<\/div>\n\t\t\t\t<\/div>\n\t\t\t<\/article> <!-- #post-## -->\n\n\t\t\t\n\t\t\t<article class=\"blog-post grid-sizer post-6273 post type-post status-publish format-standard has-post-thumbnail hentry category-non-classifiee\" id=\"post-6273\">\n\t\t\t\t<div class=\"blog-post-inner\">\n\t\t\t\t\t<div class=\"entry_thumb\">\n\t\t\t\t\t\t<a href=\"https:\/\/rayt.com\/fr\/2020\/12\/24\/decembre-2020\/\" class=\"entry_thumb-link\">\n\t\t\t\t\t\t\t<img decoding=\"async\" width=\"421\" height=\"500\" src=\"https:\/\/rayt.com\/wp-content\/uploads\/2021\/02\/Felicitacion-Navidad-Rayt-FR-2020.gif\" class=\"attachment-400x300-blog size-400x300-blog wp-post-image\" alt=\"\" \/>\t\t\t\t\t\t<\/a>\n\t\t\t\t\t<\/div>\n\n\t\t\t\t\t<div class=\"entry_text\">\n\t\t\t\t\t\t<div class=\"entry_header\">\n\t\t\t\t\t\t\t<div class=\"meta-info show\">\n\t\t\t\t\t\t\t<a href=\"https:\/\/rayt.com\/fr\/cat\u00e9gorie\/non-classifiee\/\" class=\"post-cat\">Non classifi\u00e9(e)<\/a><span class=\"post-date\"><time class=\"entry-date published updated\" datetime=\"2020-12-24T10:12:00+00:00\">24 d\u00e9cembre 2020<\/time><\/span>\t\t\t\t\t\t\t<\/div>\n\t\t\t\t\t\t\t<h2 class=\"entry_title\"><a href=\"https:\/\/rayt.com\/fr\/2020\/12\/24\/decembre-2020\/\" rel=\"bookmark\">D\u00e9cembre 2020<\/a><\/h2>\t\t\t\t\t\t<\/div>\n\t\t\t\t\t\t\t\t\t\t\t\t<div class=\"entry-excerpt\">\n\t\t\t\t\t\t\t\t\t\t\t\t\t<\/div><!-- .entry-content -->\n\t\t\t\t\t\t\t\t\t\t\t\t<a href=\"https:\/\/rayt.com\/fr\/2020\/12\/24\/decembre-2020\/\" class=\"readmore\">\n\t\t\t\t\t\t\t<span class=\"dl-arrow left\"><\/span>\n\t\t\t\t\t\t\t<span class=\"dl-text\">Read More<\/span>\n\t\t\t\t\t\t\t<span class=\"dl-arrow right\"><\/span>\n\t\t\t\t\t\t<\/a>\n\t\t\t\t\t<\/div>\n\t\t\t\t<\/div>\n\t\t\t<\/article> <!-- #post-## -->\n\n\t\t\t\n\t\t\t<article class=\"blog-post grid-sizer post-6267 post type-post status-publish format-standard has-post-thumbnail hentry category-non-classifiee\" id=\"post-6267\">\n\t\t\t\t<div class=\"blog-post-inner\">\n\t\t\t\t\t<div class=\"entry_thumb\">\n\t\t\t\t\t\t<a href=\"https:\/\/rayt.com\/fr\/2020\/12\/24\/informations-sur-le-covid-19\/\" class=\"entry_thumb-link\">\n\t\t\t\t\t\t\t<img decoding=\"async\" width=\"1600\" height=\"900\" src=\"https:\/\/rayt.com\/wp-content\/uploads\/2021\/02\/banner-covid19-fr.jpg\" class=\"attachment-400x300-blog size-400x300-blog wp-post-image\" alt=\"\" srcset=\"https:\/\/rayt.com\/wp-content\/uploads\/2021\/02\/banner-covid19-fr.jpg 1600w, https:\/\/rayt.com\/wp-content\/uploads\/2021\/02\/banner-covid19-fr-600x338.jpg 600w, https:\/\/rayt.com\/wp-content\/uploads\/2021\/02\/banner-covid19-fr-300x169.jpg 300w, https:\/\/rayt.com\/wp-content\/uploads\/2021\/02\/banner-covid19-fr-1024x576.jpg 1024w, https:\/\/rayt.com\/wp-content\/uploads\/2021\/02\/banner-covid19-fr-768x432.jpg 768w, https:\/\/rayt.com\/wp-content\/uploads\/2021\/02\/banner-covid19-fr-1536x864.jpg 1536w\" sizes=\"(max-width: 1600px) 100vw, 1600px\" \/>\t\t\t\t\t\t<\/a>\n\t\t\t\t\t<\/div>\n\n\t\t\t\t\t<div class=\"entry_text\">\n\t\t\t\t\t\t<div class=\"entry_header\">\n\t\t\t\t\t\t\t<div class=\"meta-info show\">\n\t\t\t\t\t\t\t<a href=\"https:\/\/rayt.com\/fr\/cat\u00e9gorie\/non-classifiee\/\" class=\"post-cat\">Non classifi\u00e9(e)<\/a><span class=\"post-date\"><time class=\"entry-date published updated\" datetime=\"2020-12-24T10:10:00+00:00\">24 d\u00e9cembre 2020<\/time><\/span>\t\t\t\t\t\t\t<\/div>\n\t\t\t\t\t\t\t<h2 class=\"entry_title\"><a href=\"https:\/\/rayt.com\/fr\/2020\/12\/24\/informations-sur-le-covid-19\/\" rel=\"bookmark\">INFORMATIONS SUR LE COVID-19<\/a><\/h2>\t\t\t\t\t\t<\/div>\n\t\t\t\t\t\t\t\t\t\t\t\t<div class=\"entry-excerpt\">\n\t\t\t\t\t\t\tCompte tenu la situation exceptionnelle provoqu\u00e9e par le COVID-19 et\t\t\t\t\t\t<\/div><!-- .entry-content -->\n\t\t\t\t\t\t\t\t\t\t\t\t<a href=\"https:\/\/rayt.com\/fr\/2020\/12\/24\/informations-sur-le-covid-19\/\" class=\"readmore\">\n\t\t\t\t\t\t\t<span class=\"dl-arrow left\"><\/span>\n\t\t\t\t\t\t\t<span class=\"dl-text\">Read More<\/span>\n\t\t\t\t\t\t\t<span class=\"dl-arrow right\"><\/span>\n\t\t\t\t\t\t<\/a>\n\t\t\t\t\t<\/div>\n\t\t\t\t<\/div>\n\t\t\t<\/article> <!-- #post-## -->\n\n\t\t\t\t\t\t<div class=\"clearfix\"><\/div>\n\t\t<\/div>\n\n\t\t\n\t\t\t\t<script type=\"text\/javascript\">\n\t\t(function($){ \"use strict\";\n\t\t    $(document).ready(function($) {\n\t\t\t\t\/\/ Blog Masonry Layout\n\t\t\t\tvar grid = $('#el-blog-masonry-3eab837');\n\t\t\t\tgrid.imagesLoaded( function() {\n\t\t\t\t  grid.isotope({\n\t\t\t\t\t\titemSelector: '.blog-post',\n\t\t\t\t\t\tpercentPosition: true,\n\t\t\t\t\t\tmasonry: {\n\t\t\t\t\t\t\t\/\/ use element for option\n\t\t\t\t\t\t\tcolumnWidth: '.grid-sizer'\n\t\t\t\t\t\t}\n\t\t\t\t  });\n\t\t\t\t});\n\t\t\t});\n\t\t})(jQuery);\n\t\t<\/script>\n\t\t\t\t<\/div>\n\t\t\t\t<\/div>\n\t\t\t\t\t<\/div>\n\t\t<\/div>\n\t\t\t\t\t<\/div>\n\t\t<\/section>\n\t\t\t\t<\/div>\n\t\t","protected":false},"excerpt":{"rendered":"<p>Sin categorizar10 diciembre 2020 RAYT: 20 a\u00f1os de presencia en<\/p>\n","protected":false},"author":1,"featured_media":0,"parent":0,"menu_order":0,"comment_status":"closed","ping_status":"closed","template":"","meta":{"_acf_changed":false,"footnotes":""},"acf":[],"_links":{"self":[{"href":"https:\/\/rayt.com\/fr\/wp-json\/wp\/v2\/pages\/4987"}],"collection":[{"href":"https:\/\/rayt.com\/fr\/wp-json\/wp\/v2\/pages"}],"about":[{"href":"https:\/\/rayt.com\/fr\/wp-json\/wp\/v2\/types\/page"}],"author":[{"embeddable":true,"href":"https:\/\/rayt.com\/fr\/wp-json\/wp\/v2\/users\/1"}],"replies":[{"embeddable":true,"href":"https:\/\/rayt.com\/fr\/wp-json\/wp\/v2\/comments?post=4987"}],"version-history":[{"count":0,"href":"https:\/\/rayt.com\/fr\/wp-json\/wp\/v2\/pages\/4987\/revisions"}],"wp:attachment":[{"href":"https:\/\/rayt.com\/fr\/wp-json\/wp\/v2\/media?parent=4987"}],"curies":[{"name":"wp","href":"https:\/\/api.w.org\/{rel}","templated":true}]}}