{"id":6403,"date":"2021-02-04T12:02:48","date_gmt":"2021-02-04T12:02:48","guid":{"rendered":"http:\/\/rayt.com\/?page_id=6403"},"modified":"2022-12-16T11:41:17","modified_gmt":"2022-12-16T11:41:17","slug":"privacy-policy","status":"publish","type":"page","link":"https:\/\/rayt.com\/fr\/privacy-policy\/","title":{"rendered":"Privacy Policy"},"content":{"rendered":"\t\t<div data-elementor-type=\"wp-page\" data-elementor-id=\"6403\" class=\"elementor elementor-6403 elementor-3\">\n\t\t\t\t\t\t<section class=\"elementor-section elementor-top-section elementor-element elementor-element-787c444 elementor-section-boxed elementor-section-height-default elementor-section-height-default\" data-id=\"787c444\" data-element_type=\"section\">\n\t\t\t\t\t\t<div class=\"elementor-container elementor-column-gap-default\">\n\t\t\t\t\t<div class=\"elementor-column elementor-col-100 elementor-top-column elementor-element elementor-element-8cc1d21\" data-id=\"8cc1d21\" data-element_type=\"column\">\n\t\t\t<div class=\"elementor-widget-wrap elementor-element-populated\">\n\t\t\t\t\t\t<div class=\"elementor-element elementor-element-0a8e29f elementor-widget elementor-widget-spacer\" data-id=\"0a8e29f\" data-element_type=\"widget\" data-widget_type=\"spacer.default\">\n\t\t\t\t<div class=\"elementor-widget-container\">\n\t\t\t\t\t<div class=\"elementor-spacer\">\n\t\t\t<div class=\"elementor-spacer-inner\"><\/div>\n\t\t<\/div>\n\t\t\t\t<\/div>\n\t\t\t\t<\/div>\n\t\t\t\t\t<\/div>\n\t\t<\/div>\n\t\t\t\t\t<\/div>\n\t\t<\/section>\n\t\t\t\t<section class=\"elementor-section elementor-top-section elementor-element elementor-element-d60fc7a elementor-section-boxed elementor-section-height-default elementor-section-height-default\" data-id=\"d60fc7a\" data-element_type=\"section\">\n\t\t\t\t\t\t<div class=\"elementor-container elementor-column-gap-default\">\n\t\t\t\t\t<div class=\"elementor-column elementor-col-100 elementor-top-column elementor-element elementor-element-de43efe\" data-id=\"de43efe\" data-element_type=\"column\">\n\t\t\t<div class=\"elementor-widget-wrap elementor-element-populated\">\n\t\t\t\t\t\t<div class=\"elementor-element elementor-element-73a59af elementor-widget elementor-widget-heading\" data-id=\"73a59af\" data-element_type=\"widget\" data-widget_type=\"heading.default\">\n\t\t\t\t<div class=\"elementor-widget-container\">\n\t\t\t<h2 class=\"elementor-heading-title elementor-size-default\">Politique de confidentialit\u00e9<\/h2>\t\t<\/div>\n\t\t\t\t<\/div>\n\t\t\t\t<div class=\"elementor-element elementor-element-0c7bfb4 elementor-widget-divider--view-line elementor-widget elementor-widget-divider\" data-id=\"0c7bfb4\" data-element_type=\"widget\" data-widget_type=\"divider.default\">\n\t\t\t\t<div class=\"elementor-widget-container\">\n\t\t\t\t\t<div class=\"elementor-divider\">\n\t\t\t<span class=\"elementor-divider-separator\">\n\t\t\t\t\t\t<\/span>\n\t\t<\/div>\n\t\t\t\t<\/div>\n\t\t\t\t<\/div>\n\t\t\t\t\t<\/div>\n\t\t<\/div>\n\t\t\t\t\t<\/div>\n\t\t<\/section>\n\t\t\t\t<section class=\"elementor-section elementor-top-section elementor-element elementor-element-1640c594 elementor-section-boxed elementor-section-height-default elementor-section-height-default\" data-id=\"1640c594\" data-element_type=\"section\">\n\t\t\t\t\t\t<div class=\"elementor-container elementor-column-gap-default\">\n\t\t\t\t\t<div class=\"elementor-column elementor-col-100 elementor-top-column elementor-element elementor-element-771357b3\" data-id=\"771357b3\" data-element_type=\"column\">\n\t\t\t<div class=\"elementor-widget-wrap elementor-element-populated\">\n\t\t\t\t\t\t<div class=\"elementor-element elementor-element-56ff6a94 elementor-widget elementor-widget-text-editor\" data-id=\"56ff6a94\" data-element_type=\"widget\" data-widget_type=\"text-editor.default\">\n\t\t\t\t<div class=\"elementor-widget-container\">\n\t\t\t\t\t\t\t<h3><b>Responsable du traitement<\/b><\/h3><p><span style=\"font-weight: 400;\">La soci\u00e9t\u00e9 responsable du traitement de vos donn\u00e9es en vertu de la pr\u00e9sente politique de confidentialit\u00e9 est\u00a0:\u00a0<\/span><\/p><p><span style=\"font-weight: 400;\">LABORATORIOS RAYT, S.A.U.<\/span><\/p><p><span style=\"font-weight: 400;\">NIF\u00a0: A60106382<\/span><\/p><p><span style=\"font-weight: 400;\">Si\u00e8ge social\u00a0: C\/ Garriga n\u00ba188-200, 08910 \u2013 Badalona<\/span><\/p><p><span style=\"font-weight: 400;\">Adresse de courrier \u00e9lectronique\u00a0:<\/span><a href=\"mailto:info@rayt.com\"><span style=\"font-weight: 400;\"> info@rayt.com<\/span><\/a><\/p><p><span style=\"font-weight: 400;\">Site web\u00a0: <\/span><a href=\"http:\/\/rayt.com\/\"><span style=\"font-weight: 400;\">rayt.com<\/span><\/a><\/p><p><span style=\"font-weight: 400;\">T\u00e9l\u00e9phone\u00a0: +34 934\u00a0607\u00a0820<\/span><\/p><p><span style=\"font-weight: 400;\">Soci\u00e9t\u00e9 inscrite aupr\u00e8s du Registre du commerce de Barcelone, tome 24\u00a0160, folio 1, feuille num\u00e9ro B-65\u00a0263.<\/span><\/p><p>\u00a0<\/p><p><span style=\"font-weight: 400;\">LABORATORIOS RAYT, S.A.U. reconna\u00eet l\u2019importance de prot\u00e9ger vos donn\u00e9es personnelles et s\u2019engage \u00e0 les traiter de mani\u00e8re responsable et conform\u00e9ment \u00e0 la l\u00e9gislation en vigueur en mati\u00e8re de protection des donn\u00e9es.<\/span><\/p><p>\u00a0<\/p><p><span style=\"font-weight: 400;\">Cette politique de confidentialit\u00e9 stipule tous les aspects relatifs au traitement des donn\u00e9es des diff\u00e9rents utilisateurs naviguant ou fournissant leurs donn\u00e9es personnelles \u00e0 travers les diff\u00e9rents formulaires disponibles sur le site web.<\/span><\/p><p>\u00a0<\/p><h3><b>Donn\u00e9es personnelles<\/b><\/h3><p>\u00a0<\/p><p><span style=\"font-weight: 400;\">Les donn\u00e9es personnelles sont des informations qui vous identifient ou vous rendent identifiable. \u00c0 travers le site web, dans les champs pr\u00e9vus \u00e0 cet effet, nous recueillons les donn\u00e9es personnelles que l\u2019utilisateur nous communique\u00a0: nom, pr\u00e9nom, adresse \u00e9lectronique, t\u00e9l\u00e9phone, adresse postale, ville, etc., ainsi que toutes les donn\u00e9es que l\u2019utilisateur nous fournit volontairement en utilisant les r\u00e9seaux sociaux dont il est membre. Dans ce cas, la confidentialit\u00e9 d\u00e9pendra de la configuration \u00e9tablie par l\u2019utilisateur ainsi que des conditions g\u00e9n\u00e9rales de ces r\u00e9seaux sociaux.<\/span><\/p><p>\u00a0<\/p><p><span style=\"font-weight: 400;\">La visite sur le site n\u2019oblige pas l\u2019utilisateur \u00e0 fournir des donn\u00e9es personnelles. Toutefois, s\u2019il en fournit, ces donn\u00e9es seront trait\u00e9es conform\u00e9ment \u00e0 la loi, sous r\u00e9serve \u00e0 tout moment des principes et des droits \u00e9nonc\u00e9s dans le R\u00e8glement europ\u00e9en RGPD 2016\/679 du 27\u00a0avril\u00a02016 et de la loi espagnole LOPDGDD 3\/2018 du 5\u00a0d\u00e9cembre.<\/span><\/p><p>\u00a0<\/p><h3><b>Finalit\u00e9, dur\u00e9e et base l\u00e9gitime du traitement<\/b><span style=\"font-weight: 400;\">\u00a0:<\/span><\/h3><p>\u00a0<\/p><p><span style=\"font-weight: 400;\">Les donn\u00e9es fournies par l\u2019utilisateur seront trait\u00e9es aux fins suivantes\u00a0:<\/span><\/p><ul><li><span style=\"font-weight: 400;\">Traiter la demande faite par l\u2019utilisateur \u00e0 travers le <\/span><b>formulaire de contact<\/b><span style=\"font-weight: 400;\"> disponible sur le site web. Nous recueillons et traitons les donn\u00e9es personnelles de l\u2019utilisateur afin de traiter et de g\u00e9rer sa demande, sa requ\u00eate ou toute autre demande faite \u00e0 travers ce formulaire. Nous conserverons ces donn\u00e9es pendant le temps n\u00e9cessaire pour r\u00e9pondre \u00e0 sa demande et pendant le d\u00e9lai pr\u00e9vu par la loi, qui peut durer jusqu\u2019\u00e0 3\u00a0ans et plus.<\/span><br \/><span style=\"font-weight: 400;\">La base l\u00e9gitime du traitement des donn\u00e9es est le consentement donn\u00e9 explicitement par l\u2019utilisateur en cochant la case d\u2019acceptation de notre politique de confidentialit\u00e9 avant d\u2019envoyer sa demande. L\u2019utilisateur peut r\u00e9voquer son consentement \u00e0 tout moment sans que cela n\u2019affecte le caract\u00e8re l\u00e9gal du traitement effectu\u00e9 avant la r\u00e9vocation de ce consentement.<\/span><\/li><li><span style=\"font-weight: 400;\">Envoyer des <\/span><b>bulletins d\u2019information et des newsletters<\/b><span style=\"font-weight: 400;\"> relatifs aux produits de LABORATORIOS RAYT, S.A.U. Avec votre consentement, nous collectons et traitons vos donn\u00e9es personnelles afin de vous envoyer des informations sur nos produits et services. Nous conserverons ces donn\u00e9es tant que l\u2019utilisateur ne r\u00e9voque pas son consentement au traitement, et pendant le d\u00e9lai pr\u00e9vu par la loi, qui peut durer jusqu\u2019\u00e0 3\u00a0ans et plus.<\/span><p><span style=\"font-weight: 400;\">La base l\u00e9gitime du traitement des donn\u00e9es est le consentement donn\u00e9 explicitement par l\u2019utilisateur en cochant la case d\u2019acceptation de notre politique de confidentialit\u00e9 avant de s\u2019abonner \u00e0 la newsletter dans le formulaire pr\u00e9vu \u00e0 cet effet sur le site web. L\u2019utilisateur peut r\u00e9voquer son consentement \u00e0 tout moment sans que cela n\u2019affecte le caract\u00e8re l\u00e9gal du traitement effectu\u00e9 avant la r\u00e9vocation de ce consentement.<\/span><span style=\"font-weight: 400;\"><br \/><\/span>\u00a0<\/p><\/li><li><span style=\"font-weight: 400;\">G\u00e9rer le <\/span><b>CV<\/b><span style=\"font-weight: 400;\"> envoy\u00e9 par l\u2019int\u00e9ress\u00e9 au moyen du formulaire pr\u00e9vu \u00e0 cet effet, et l\u2019inclure dans la base de donn\u00e9es des candidats \u00e0 un emploi dans l\u2019entreprise. Ces donn\u00e9es sont trait\u00e9es pendant une p\u00e9riode maximale d\u2019un an, apr\u00e8s quoi elles sont bloqu\u00e9es pendant la p\u00e9riode l\u00e9galement \u00e9tablie, en garantissant le respect total de la confidentialit\u00e9 \u00e0 l\u2019\u00e9gard de leur traitement et de leur destruction ult\u00e9rieure.<\/span><span style=\"font-weight: 400;\">La base l\u00e9gitime pour g\u00e9rer et traiter le CV de l\u2019int\u00e9ress\u00e9 est son consentement qu\u2019il donne en l\u2019envoyant et en cochant la case d\u2019acceptation de notre politique de confidentialit\u00e9 avant l\u2019envoi. L\u2019utilisateur peut r\u00e9voquer son consentement \u00e0 tout moment sans que cela n\u2019affecte le caract\u00e8re l\u00e9gal du traitement effectu\u00e9 avant la r\u00e9vocation de ce consentement.<\/span><p>\u00a0<\/p><\/li><li><span style=\"font-weight: 400;\">Am\u00e9liorer votre exp\u00e9rience de navigation sur le site web. Nous conserverons ces donn\u00e9es tant que l\u2019utilisateur ne r\u00e9voque pas son consentement au traitement, en supprimant les cookies, et pendant le d\u00e9lai pr\u00e9vu par la loi, qui peut durer jusqu\u2019\u00e0 3\u00a0ans et plus.<\/span><p><span style=\"font-weight: 400;\">La base l\u00e9gitime pour am\u00e9liorer l\u2019exp\u00e9rience de navigation sur le site repose sur le consentement donn\u00e9 par l\u2019utilisateur en acceptant les cookies. L\u2019utilisateur peut r\u00e9voquer son consentement \u00e0 tout moment sans que cela n\u2019affecte le caract\u00e8re l\u00e9gal du traitement effectu\u00e9 avant la r\u00e9vocation de ce consentement.<\/span><\/p><p>\u00a0<\/p><\/li><li><span style=\"font-weight: 400;\">G\u00e9rer nos <\/span><b>r\u00e9seaux sociaux<\/b><span style=\"font-weight: 400;\"> et envoyer aux utilisateurs des informations relatives \u00e0 nos activit\u00e9s et produits. Nous conserverons ces donn\u00e9es tant que l\u2019utilisateur ne r\u00e9voque pas son consentement au traitement, et pendant le d\u00e9lai pr\u00e9vu par la loi, qui peut durer jusqu\u2019\u00e0 3\u00a0ans et plus.<\/span><p><span style=\"font-weight: 400;\">La base l\u00e9gitime pour g\u00e9rer nos r\u00e9seaux sociaux et envoyer nos bulletins d\u2019information et actualit\u00e9s repose sur le consentement que l\u2019utilisateur nous a donn\u00e9 \u00e0 cet \u00e9gard. L\u2019utilisateur peut r\u00e9voquer son consentement \u00e0 tout moment sans que cela n\u2019affecte le caract\u00e8re l\u00e9gal du traitement effectu\u00e9 avant la r\u00e9vocation de ce consentement.<\/span><\/p><\/li><\/ul><h3><b>Cession ou communication de donn\u00e9es personnelles et transferts internationaux<\/b><\/h3><p><span style=\"font-weight: 400;\">Vos donn\u00e9es ne seront communiqu\u00e9es ni transf\u00e9r\u00e9es \u00e0 aucun tiers, sauf en cas d\u2019obligation l\u00e9gale et sauf aux fournisseurs li\u00e9s au propri\u00e9taire du site dans le cadre d\u2019un contrat de traitement des donn\u00e9es.<\/span><\/p><p><span style=\"font-weight: 400;\">Nos serveurs sont situ\u00e9s dans l\u2019Union europ\u00e9enne, et nous faisons g\u00e9n\u00e9ralement appel \u00e0 des prestataires de services situ\u00e9s dans l\u2019Espace \u00e9conomique europ\u00e9en ou dans des pays consid\u00e9r\u00e9s comme offrant un niveau de protection ad\u00e9quat.<\/span><\/p><p><span style=\"font-weight: 400;\">Si nous devons faire appel \u00e0 des prestataires externes qui requi\u00e8rent le transfert de donn\u00e9es personnelles en dehors de l\u2019Union europ\u00e9enne ou dans des pays n\u2019offrant pas un niveau de protection ad\u00e9quat, nous veillerons \u00e0 garantir la s\u00e9curit\u00e9 et le caract\u00e8re l\u00e9gal du traitement de vos donn\u00e9es au moyen de d\u00e9cisions d\u2019ad\u00e9quation, de clauses types, de r\u00e8gles contraignantes, d\u2019exceptions ou de tout autre instrument approuv\u00e9 par l\u2019autorit\u00e9 de contr\u00f4le pour offrir les garanties n\u00e9cessaires \u00e0 la bonne ex\u00e9cution du transfert international de donn\u00e9es.<\/span><\/p><p>\u00a0<\/p><h3><b>Mise \u00e0 jour des donn\u00e9es<\/b><\/h3><p>\u00a0<\/p><p><span style=\"font-weight: 400;\">Pour pouvoir maintenir les donn\u00e9es personnelles \u00e0 jour, il est important que l\u2019utilisateur nous informe de toute modification y aff\u00e9rant. Dans le cas contraire, nous ne sommes pas responsables de la v\u00e9racit\u00e9 de ces donn\u00e9es.<\/span><\/p><p><span style=\"font-weight: 400;\">L\u2019utilisateur garantit la v\u00e9racit\u00e9 des donn\u00e9es personnelles fournies, en garantissant que toutes les informations correspondent \u00e0 sa situation r\u00e9elle, qu\u2019elles sont \u00e0 jour et exactes, et il est tenu de nous informer de tout changement.<\/span><\/p><p><span style=\"font-weight: 400;\">\u00a0<\/span><\/p><h3><b>Donn\u00e9es de tiers<\/b><\/h3><p><span style=\"font-weight: 400;\">\u00a0<\/span><\/p><p><span style=\"font-weight: 400;\">Si l\u2019utilisateur fournit \u00e0 LABORATORIOS RAYT, S.A.U. les donn\u00e9es de tiers \u00e0 quelque fin que ce soit, il garantit qu\u2019il a obtenu ces donn\u00e9es de mani\u00e8re licite, qu\u2019il a inform\u00e9 au pr\u00e9alable les personnes concern\u00e9es et obtenu leur consentement pour les communiquer, et que l\u2019information fournie est exacte et v\u00e9ridique.<\/span><\/p><p><span style=\"font-weight: 400;\">\u00a0<\/span><\/p><h3><b>Caract\u00e8re obligatoire de l\u2019information demand\u00e9e<\/b><\/h3><p><span style=\"font-weight: 400;\">\u00a0<\/span><\/p><p><span style=\"font-weight: 400;\">Les champs de donn\u00e9es de nos formulaires \u00e0 renseigner obligatoirement sont signal\u00e9s par un ast\u00e9risque (*). Si l\u2019utilisateur ne renseigne pas ces champs, ou s\u2019il ne coche pas la case d\u2019acceptation de la politique de confidentialit\u00e9, les donn\u00e9es ne seront pas envoy\u00e9es.<\/span><\/p><p><span style=\"font-weight: 400;\">\u00a0<\/span><\/p><h3><b>Utilisation des mots de passe<\/b><\/h3><p><span style=\"font-weight: 400;\">\u00a0<\/span><\/p><p><span style=\"font-weight: 400;\">Pour acc\u00e9der \u00e0 l\u2019espace priv\u00e9 du site web, l\u2019utilisateur doit ouvrir la session en saisissant son adresse \u00e9lectronique et le mot de passe g\u00e9n\u00e9r\u00e9s dans le formulaire d\u2019inscription, conform\u00e9ment aux r\u00e8gles de complexit\u00e9 \u00e9tablies \u00e0 tout moment sur le site.<\/span><\/p><p><span style=\"font-weight: 400;\">Il revient \u00e0 l\u2019utilisateur de garder en lieu s\u00fbr et de garantir la confidentialit\u00e9 de ses identifiants et\/ou des mots de passe qu\u2019il a d\u00e9finis lors de l\u2019inscription, et il s\u2019engage \u00e0 ne c\u00e9der leur utilisation \u00e0 aucun tiers, ni \u00e0 en permettre l\u2019acc\u00e8s \u00e0 quiconque.<\/span><\/p><p><span style=\"font-weight: 400;\">De m\u00eame, l\u2019utilisateur a l\u2019obligation de notifier imm\u00e9diatement au responsable du traitement tout \u00e9v\u00e9nement pouvant permettre l\u2019utilisation abusive de l\u2019identifiant et\/ou du mot de passe, comme le vol, la perte ou l\u2019acc\u00e8s non autoris\u00e9 \u00e0 ceux-ci, afin de pouvoir proc\u00e9der \u00e0 leur annulation imm\u00e9diate.<\/span><\/p><p><span style=\"font-weight: 400;\">\u00a0<\/span><\/p><h3><b>Droits des int\u00e9ress\u00e9s<\/b><\/h3><p><span style=\"font-weight: 400;\">\u00a0<\/span><\/p><p><span style=\"font-weight: 400;\">Vous avez le droit d\u2019acc\u00e9der \u00e0 vos donn\u00e9es et d\u2019obtenir la confirmation de leur traitement, ainsi que d\u2019obtenir une copie des donn\u00e9es personnelles en cours de traitement. Vous avez le droit de les mettre \u00e0 jour et de demander la modification des donn\u00e9es \u00e9ventuellement inexactes, ou de demander leur suppression lorsque les donn\u00e9es ne sont pas n\u00e9cessaires aux fins pour lesquelles elles ont \u00e9t\u00e9 obtenues. Vous pouvez demander la limitation du traitement de vos donn\u00e9es et vous y opposer en r\u00e9voquant votre consentement, ainsi qu\u2019exercer votre droit \u00e0 la portabilit\u00e9 des donn\u00e9es. De plus, vous avez le droit de ne pas faire l\u2019objet de d\u00e9cisions fond\u00e9es uniquement sur un traitement automatis\u00e9 de vos donn\u00e9es personnelles. Vous pouvez exercer vos droits en nous contactant \u00e0 C\/ Garriga, 188-200 &#8211; 08910 Badalona <\/span><span style=\"font-weight: 400;\">(Barcelone). E-mail\u00a0:<\/span><a href=\"mailto:info@rayt.com\"><span style=\"font-weight: 400;\"> info@rayt.com.<\/span><\/a><\/p><p><span style=\"font-weight: 400;\">Si vous estimez que vos droits n\u2019ont pas \u00e9t\u00e9 correctement respect\u00e9s, vous pouvez pr\u00e9senter une r\u00e9clamation aupr\u00e8s de l\u2019<\/span><span style=\"font-weight: 400;\">Autorit\u00e9 de surveillance en mati\u00e8re de donn\u00e9es personnelles \u00e0 l\u2019adresse<\/span><a href=\"http:\/\/www.aepd.es\/\"><span style=\"font-weight: 400;\"> www.aepd.es<\/span><\/a><span style=\"font-weight: 400;\">.<\/span><\/p><p><span style=\"font-weight: 400;\">\u00a0<\/span><\/p><h3><b>Traitement des donn\u00e9es des mineurs<\/b><\/h3><p><span style=\"font-weight: 400;\">\u00a0<\/span><\/p><p><span style=\"font-weight: 400;\">Toute personne ayant fourni des donn\u00e9es \u00e0 travers les formulaires de ce site web et qui en accepte le traitement d\u00e9clare avoir plus de 14 ans, l\u2019acc\u00e8s et l\u2019utilisation du portail par des mineurs de moins de 14 ans \u00e9tant interdits. Si le responsable du traitement des donn\u00e9es d\u00e9tecte \u00e0 tout moment qu\u2019un mineur de moins de 14 ans a fourni des donn\u00e9es personnelles, elles seront imm\u00e9diatement annul\u00e9es. De m\u00eame, les parents ou tuteurs l\u00e9gaux peuvent dans tous les cas contacter LABORATORIOS RAYT, S.A.U. afin de bloquer le compte d\u2019acc\u00e8s du mineur dont ils ont la charge et qui s\u2019est inscrit en falsifiant son identit\u00e9.<\/span><\/p><p><span style=\"font-weight: 400;\">\u00a0<\/span><\/p><h3><b>R\u00e9seaux sociaux<\/b><\/h3><p><span style=\"font-weight: 400;\">\u00a0<\/span><\/p><p><span style=\"font-weight: 400;\">Les r\u00e9seaux sociaux tels que Facebook, Twitter, Instagram et tout autre r\u00e9seau social ont pour but de donner une visibilit\u00e9 et une diffusion aux activit\u00e9s de notre organisation. Ces r\u00e9seaux stockent les donn\u00e9es personnelles sur leurs serveurs respectifs qui sont r\u00e9gis par leur propre politique de confidentialit\u00e9. Il est recommand\u00e9 de lire attentivement les conditions d\u2019utilisation et la politique de confidentialit\u00e9 de chaque r\u00e9seau social avant de s\u2019y inscrire, en tenant compte des diff\u00e9rentes possibilit\u00e9s de configuration en mati\u00e8re de niveau de confidentialit\u00e9 du profil d\u2019utilisateur.<\/span><\/p><p><span style=\"font-weight: 400;\">De m\u00eame, le responsable du traitement se r\u00e9serve le droit de retirer de ses r\u00e9seaux sociaux toute publication de tiers pouvant enfreindre la loi, inciter \u00e0 le faire ou contenant des messages portant atteinte \u00e0 la dignit\u00e9 des personnes ou des institutions, ainsi\u00a0<\/span><span style=\"font-weight: 400;\">que le droit de bloquer ou de d\u00e9noncer le profil \u00e0 l\u2019origine de ces messages.<\/span><\/p><p><span style=\"font-weight: 400;\">\u00a0<\/span><\/p><h3><b>Traitement des cookies<\/b><\/h3><p><span style=\"font-weight: 400;\">\u00a0<\/span><\/p><p><span style=\"font-weight: 400;\">Un cookie est un petit fichier qui est t\u00e9l\u00e9charg\u00e9 et stock\u00e9 sur le dispositif de l\u2019utilisateur lorsque celui-ci acc\u00e8de \u00e0 un site web. Les cookies permettent, entre autres, de stocker et de r\u00e9cup\u00e9rer des informations sur les habitudes de navigation de l\u2019utilisateur ou sur son ordinateur et, en fonction des informations obtenues et de la mani\u00e8re dont l\u2019ordinateur est utilis\u00e9, ils peuvent permettre de reconna\u00eetre l\u2019utilisateur.<\/span><\/p><p><span style=\"font-weight: 400;\">L\u2019utilisateur peut configurer et bloquer l\u2019installation de cookies en s\u00e9lectionnant l\u2019option correspondante dans son navigateur web. Sachez-en plus en consultant notre <\/span><a href=\"\/fr\/politica-de-cookies\/\"><span style=\"font-weight: 400;\">politique de cookies<\/span><\/a><span style=\"font-weight: 400;\">.<\/span><\/p>\t\t\t\t\t\t<\/div>\n\t\t\t\t<\/div>\n\t\t\t\t\t<\/div>\n\t\t<\/div>\n\t\t\t\t\t<\/div>\n\t\t<\/section>\n\t\t\t\t<\/div>\n\t\t","protected":false},"excerpt":{"rendered":"<p>Politique de confidentialit\u00e9 Responsable du traitement La soci\u00e9t\u00e9 responsable du<\/p>\n","protected":false},"author":1,"featured_media":0,"parent":0,"menu_order":0,"comment_status":"closed","ping_status":"open","template":"elementor_header_footer","meta":{"_acf_changed":false,"footnotes":""},"acf":[],"_links":{"self":[{"href":"https:\/\/rayt.com\/fr\/wp-json\/wp\/v2\/pages\/6403"}],"collection":[{"href":"https:\/\/rayt.com\/fr\/wp-json\/wp\/v2\/pages"}],"about":[{"href":"https:\/\/rayt.com\/fr\/wp-json\/wp\/v2\/types\/page"}],"author":[{"embeddable":true,"href":"https:\/\/rayt.com\/fr\/wp-json\/wp\/v2\/users\/1"}],"replies":[{"embeddable":true,"href":"https:\/\/rayt.com\/fr\/wp-json\/wp\/v2\/comments?post=6403"}],"version-history":[{"count":0,"href":"https:\/\/rayt.com\/fr\/wp-json\/wp\/v2\/pages\/6403\/revisions"}],"wp:attachment":[{"href":"https:\/\/rayt.com\/fr\/wp-json\/wp\/v2\/media?parent=6403"}],"curies":[{"name":"wp","href":"https:\/\/api.w.org\/{rel}","templated":true}]}}