{"id":8037,"date":"2022-09-30T12:03:24","date_gmt":"2022-09-30T12:03:24","guid":{"rendered":"https:\/\/rayt.com\/politica-de-cookies\/"},"modified":"2025-01-14T14:16:20","modified_gmt":"2025-01-14T14:16:20","slug":"politica-de-cookies","status":"publish","type":"page","link":"https:\/\/rayt.com\/fr\/politica-de-cookies\/","title":{"rendered":"Politique de cookies"},"content":{"rendered":"\t\t<div data-elementor-type=\"wp-page\" data-elementor-id=\"8037\" class=\"elementor elementor-8037 elementor-8016\">\n\t\t\t\t\t\t<section class=\"elementor-section elementor-top-section elementor-element elementor-element-787c444 elementor-section-boxed elementor-section-height-default elementor-section-height-default\" data-id=\"787c444\" data-element_type=\"section\">\n\t\t\t\t\t\t<div class=\"elementor-container elementor-column-gap-default\">\n\t\t\t\t\t<div class=\"elementor-column elementor-col-100 elementor-top-column elementor-element elementor-element-8cc1d21\" data-id=\"8cc1d21\" data-element_type=\"column\">\n\t\t\t<div class=\"elementor-widget-wrap elementor-element-populated\">\n\t\t\t\t\t\t<div class=\"elementor-element elementor-element-0a8e29f elementor-widget elementor-widget-spacer\" data-id=\"0a8e29f\" data-element_type=\"widget\" data-widget_type=\"spacer.default\">\n\t\t\t\t<div class=\"elementor-widget-container\">\n\t\t\t\t\t<div class=\"elementor-spacer\">\n\t\t\t<div class=\"elementor-spacer-inner\"><\/div>\n\t\t<\/div>\n\t\t\t\t<\/div>\n\t\t\t\t<\/div>\n\t\t\t\t\t<\/div>\n\t\t<\/div>\n\t\t\t\t\t<\/div>\n\t\t<\/section>\n\t\t\t\t<section class=\"elementor-section elementor-top-section elementor-element elementor-element-d60fc7a elementor-section-boxed elementor-section-height-default elementor-section-height-default\" data-id=\"d60fc7a\" data-element_type=\"section\">\n\t\t\t\t\t\t<div class=\"elementor-container elementor-column-gap-default\">\n\t\t\t\t\t<div class=\"elementor-column elementor-col-100 elementor-top-column elementor-element elementor-element-de43efe\" data-id=\"de43efe\" data-element_type=\"column\">\n\t\t\t<div class=\"elementor-widget-wrap elementor-element-populated\">\n\t\t\t\t\t\t<div class=\"elementor-element elementor-element-73a59af elementor-widget elementor-widget-heading\" data-id=\"73a59af\" data-element_type=\"widget\" data-widget_type=\"heading.default\">\n\t\t\t\t<div class=\"elementor-widget-container\">\n\t\t\t<h2 class=\"elementor-heading-title elementor-size-default\">POLITIQUE DE COOKIES<\/h2>\t\t<\/div>\n\t\t\t\t<\/div>\n\t\t\t\t<div class=\"elementor-element elementor-element-0c7bfb4 elementor-widget-divider--view-line elementor-widget elementor-widget-divider\" data-id=\"0c7bfb4\" data-element_type=\"widget\" data-widget_type=\"divider.default\">\n\t\t\t\t<div class=\"elementor-widget-container\">\n\t\t\t\t\t<div class=\"elementor-divider\">\n\t\t\t<span class=\"elementor-divider-separator\">\n\t\t\t\t\t\t<\/span>\n\t\t<\/div>\n\t\t\t\t<\/div>\n\t\t\t\t<\/div>\n\t\t\t\t\t<\/div>\n\t\t<\/div>\n\t\t\t\t\t<\/div>\n\t\t<\/section>\n\t\t\t\t<section class=\"elementor-section elementor-top-section elementor-element elementor-element-1640c594 elementor-section-boxed elementor-section-height-default elementor-section-height-default\" data-id=\"1640c594\" data-element_type=\"section\">\n\t\t\t\t\t\t<div class=\"elementor-container elementor-column-gap-default\">\n\t\t\t\t\t<div class=\"elementor-column elementor-col-100 elementor-top-column elementor-element elementor-element-771357b3\" data-id=\"771357b3\" data-element_type=\"column\">\n\t\t\t<div class=\"elementor-widget-wrap elementor-element-populated\">\n\t\t\t\t\t\t<div class=\"elementor-element elementor-element-56ff6a94 elementor-widget elementor-widget-text-editor\" data-id=\"56ff6a94\" data-element_type=\"widget\" data-widget_type=\"text-editor.default\">\n\t\t\t\t<div class=\"elementor-widget-container\">\n\t\t\t\t\t\t\t<p>L\u2019objectif de cette politique de cookies est de fournir des informations claires et pr\u00e9cises sur les cookies utilis\u00e9s sur notre site Web.<\/p>\n<p>Nous utilisons nos propres cookies et ceux de tiers pour am\u00e9liorer nos services, personnaliser notre site Web, faciliter la navigation de nos utilisateurs, vous offrir une meilleure exp\u00e9rience d&rsquo;utilisation du site Web, identifier et g\u00e9rer vos pr\u00e9f\u00e9rences et vous offrir la meilleure exp\u00e9rience utilisateur.<br \/>\nprobl\u00e8mes pour l&rsquo;am\u00e9liorer, faire des mesures et des statistiques d&rsquo;utilisation et vous montrer des publicit\u00e9s li\u00e9es \u00e0 vos pr\u00e9f\u00e9rences en analysant l&rsquo;utilisation du site Web.<\/p>\n<p>Nous vous informons que nous pouvons utiliser des cookies sur votre appareil \u00e0 condition que l&rsquo;utilisateur ait donn\u00e9 son consentement, sauf dans les cas o\u00f9 les cookies sont n\u00e9cessaires \u00e0 la navigation sur notre site Web. Si vous y consentez, nous pouvons utiliser des cookies pour nous aider \u00e0 comprendre vos pr\u00e9f\u00e9rences et \u00e0 personnaliser notre site Web en fonction de vos int\u00e9r\u00eats individuels.<\/p>\n<h3>QUE SONT LES COOKIES ?<\/h3>\n<p>Les cookies et autres technologies similaires telles que les objets locaux partag\u00e9s, les cookies flash ou les pixels sont des outils utilis\u00e9s par les serveurs Web pour stocker et r\u00e9cup\u00e9rer des informations sur leurs visiteurs, ainsi que pour assurer le bon fonctionnement du site.<\/p>\n<h3>TYPES DE COOKIES<\/h3>\n<p><strong>Types de cookies selon l\u2019entit\u00e9 qui les g\u00e8re :<\/strong><\/p>\n<ul>\n<li>Cookies propres : ce sont ceux qui sont envoy\u00e9s \u00e0 l&rsquo;\u00e9quipement terminal de l&rsquo;utilisateur \u00e0 partir d&rsquo;un ordinateur ou d&rsquo;un domaine g\u00e9r\u00e9 par le propri\u00e9taire du site Web et \u00e0 partir duquel le service demand\u00e9 par l&rsquo;utilisateur est fourni.<\/li>\n<li>Cookies tiers : ce sont ceux qui sont envoy\u00e9s \u00e0 l&rsquo;\u00e9quipement terminal de l&rsquo;utilisateur \u00e0 partir d&rsquo;un ordinateur ou d&rsquo;un domaine qui n&rsquo;est pas g\u00e9r\u00e9 par le propri\u00e9taire du site Web \u00e0 partir duquel le service demand\u00e9 par l&rsquo;utilisateur est fourni, mais par une autre entit\u00e9 qui traite les donn\u00e9es. obtenu via des cookies. De m\u00eame, dans le cas o\u00f9 des cookies sont install\u00e9s \u00e0 partir d&rsquo;un ordinateur ou d&rsquo;un domaine g\u00e9r\u00e9 par le propri\u00e9taire du site Web mais que les informations collect\u00e9es via eux sont g\u00e9r\u00e9es par un tiers, ils seront \u00e9galement consid\u00e9r\u00e9s comme des cookies tiers.<\/li>\n<\/ul>\n<p>Types de cookies selon leur finalit\u00e9 :<\/p>\n<ul>\n<li><strong>Cookies techniques<\/strong> : Ce sont ceux qui permettent \u00e0 l&rsquo;utilisateur de naviguer sur un site Web, une plateforme ou une application et d&rsquo;utiliser les diff\u00e9rentes options ou services qui y existent, y compris ceux que l&rsquo;\u00e9diteur utilise pour permettre la gestion et le fonctionnement du site Web et permettre son des fonctions et des services, tels que, par exemple, contr\u00f4ler le trafic et la communication de donn\u00e9es, identifier la session, acc\u00e9der aux parties \u00e0 acc\u00e8s restreint, m\u00e9moriser les \u00e9l\u00e9ments qui composent une commande, effectuer le processus d&rsquo;achat d&rsquo;une commande, g\u00e9rer le paiement, contr\u00f4ler la fraude li\u00e9e \u00e0 la s\u00e9curit\u00e9 du service, effectuer la demande d&rsquo;inscription ou de participation \u00e0 un \u00e9v\u00e9nement, comptabiliser les visites aux fins de facturation des licences des logiciels avec lesquels fonctionne le service (site web, plateforme ou application), utiliser des \u00e9l\u00e9ments de s\u00e9curit\u00e9 lors de la navigation, stocker du contenu pour la diffusion de vid\u00e9os ou de sons, permettre un contenu dynamique (par exemple, une animation de chargement d&rsquo;un texte ou d&rsquo;une image) ou partager du contenu via les r\u00e9seaux sociaux. Appartiennent \u00e9galement \u00e0 cette cat\u00e9gorie : En raison de leur nature technique, les cookies qui permettent la gestion, en la mani\u00e8re la plus efficace possible, d&rsquo;espaces publicitaires qui, en tant qu&rsquo;autre \u00e9l\u00e9ment de conception ou de \u00ab mise en page \u00bb, du service offert \u00e0 l&rsquo;utilisateur, l&rsquo;\u00e9diteur a inclus sur un site Web, une application ou une plateforme en fonction de crit\u00e8res tels que le contenu \u00e9dit\u00e9, sans collecter d&rsquo;informations aupr\u00e8s des utilisateurs \u00e0 des fins diff\u00e9rentes, telles que la personnalisation de ce contenu publicitaire ou d&rsquo;autres contenus.<\/li>\n<li><strong>Cookies de pr\u00e9f\u00e9rence ou de personnalisation<\/strong> : ce sont ceux qui permettent de m\u00e9moriser des informations afin que l&rsquo;utilisateur acc\u00e8de au service avec certaines caract\u00e9ristiques qui peuvent diff\u00e9rencier son exp\u00e9rience de celle des autres utilisateurs, comme par exemple la langue, le nombre de r\u00e9sultats \u00e0 afficher lorsque l&rsquo;utilisateur effectue une recherche, l&rsquo;apparence ou le contenu du service en fonction du type de navigateur via lequel l&rsquo;utilisateur acc\u00e8de au service ou de la r\u00e9gion \u00e0 partir de laquelle l&rsquo;utilisateur acc\u00e8de au service, etc.<\/li>\n<li><strong>Cookies d&rsquo;analyse ou de mesure<\/strong> : Ce sont ceux qui permettent \u00e0 leur responsable de surveiller et d&rsquo;analyser le comportement des utilisateurs des sites Web auxquels ils sont li\u00e9s, y compris la quantification des impacts des publicit\u00e9s. Les informations collect\u00e9es via ce type de cookies sont utilis\u00e9es pour mesurer l&rsquo;activit\u00e9 des sites Web, de l&rsquo;application ou de la plateforme, afin d&rsquo;introduire des am\u00e9liorations bas\u00e9es sur l&rsquo;analyse des donn\u00e9es sur l&rsquo;utilisation faite par les utilisateurs du service.<\/li>\n<li><strong>Cookies de publicit\u00e9 comportementale<\/strong> : ce sont ceux qui permettent la gestion, de la mani\u00e8re la plus efficace possible, des espaces publicitaires du site Web. Ces cookies stockent des informations sur le comportement des utilisateurs obtenues gr\u00e2ce \u00e0 l&rsquo;observation continue de leurs habitudes de navigation, ce qui permet de d\u00e9velopper un profil sp\u00e9cifique pour afficher de la publicit\u00e9 en fonction de celui-ci.<\/li>\n<li><strong>Cookies de g\u00e9olocalisation<\/strong> : utilis\u00e9s pour savoir o\u00f9 se trouve un utilisateur lors d&rsquo;une demande de service. Ce cookie est anonyme et est utilis\u00e9, par exemple, pour vous proposer des informations appropri\u00e9es en fonction du pays dans lequel vous vous trouvez.<\/li>\n<\/ul>\n<p><strong>Types de cookies selon la dur\u00e9e pendant laquelle ils restent activ\u00e9s<\/strong> :<\/p>\n<ul>\n<li><strong>Cookies de session<\/strong> : sont con\u00e7us pour collecter et stocker des donn\u00e9es pendant que l&rsquo;utilisateur acc\u00e8de \u00e0 un site Web. Ils sont g\u00e9n\u00e9ralement utilis\u00e9s pour stocker des informations qui n&rsquo;ont d&rsquo;int\u00e9r\u00eat que pour fournir le service demand\u00e9 par l&rsquo;utilisateur \u00e0 une seule occasion (par exemple, une liste de produits achet\u00e9s) et disparaissent \u00e0 la fin de la session.<\/li>\n<li><strong>Cookies persistants<\/strong> : ce sont des cookies dans lesquels les donn\u00e9es restent stock\u00e9es sur l&rsquo;appareil et peuvent \u00eatre consult\u00e9es et trait\u00e9es pendant une p\u00e9riode d\u00e9finie par le responsable du cookie, qui peut aller de quelques minutes \u00e0 plusieurs ann\u00e9es.<\/li>\n<\/ul>\n<h3>COOKIES UTILIS\u00c9S SUR NOTRE SITE WEB<\/h3>\n<p><strong>Cookies obligatoires<\/strong> :<\/p>\n<table border=\"1\" cellspacing=\"0\" cellpadding=\"20\">\n<tbody>\n<tr>\n<td>Nombre<\/td>\n<td>Host<\/td>\n<td>Duraci\u00f3n<\/td>\n<td>Tipo<\/td>\n<td>Finalidad<\/td>\n<\/tr>\n<tr>\n<td>CookieConsent<\/td>\n<td>Cookiebot<\/td>\n<td>1 a\u00f1o<\/td>\n<td>HTTP<\/td>\n<td>Almacena el estado de consentimiento de cookies del usuario para el dominio actual<\/td>\n<\/tr>\n<tr>\n<td>_GRECAPTCHA<\/td>\n<td>Google<\/td>\n<td>180 d\u00edas<\/td>\n<td>HTTP<\/td>\n<td>Esta cookie se utiliza para distinguir entre humanos y bots. Esto es beneficioso para la web con el objeto de elaborar informes v\u00e1lidos sobre el uso de su web.<\/td>\n<\/tr>\n<tr>\n<td>rc::a<\/td>\n<td>Google<\/td>\n<td>Persistente<\/td>\n<td>HTML<\/td>\n<td>Esta cookie se utiliza para distinguir entre humanos y bots. Esto es beneficioso para la web con el objeto de elaborar informes v\u00e1lidos sobre el uso de su web.<\/td>\n<\/tr>\n<tr>\n<td>rc::b<\/td>\n<td>Google<\/td>\n<td>Session<\/td>\n<td>HTML<\/td>\n<td>Esta cookie se utiliza para distinguir entre humanos y bots.<\/td>\n<\/tr>\n<tr>\n<td>rc::c<\/td>\n<td>Google<\/td>\n<td>Session<\/td>\n<td>HTML<\/td>\n<td>Esta cookie se utiliza para distinguir entre humanos y bots.<\/td>\n<\/tr>\n<tr>\n<td>_grecaptcha<\/td>\n<td>Rayt.com<\/td>\n<td>Persistente<\/td>\n<td>HTML<\/td>\n<td>Esta cookie se utiliza para distinguir entre humanos y bots. Esto es beneficioso para la web con el objeto de elaborar informes v\u00e1lidos sobre el uso de su web.<\/td>\n<\/tr>\n<tr>\n<td>wc_cart_hash_#<\/td>\n<td>Rayt.com<\/td>\n<td>Persistente<\/td>\n<td>HTML<\/td>\n<td>Pendiente<\/td>\n<\/tr>\n<tr>\n<td>wc_fragments_#<\/td>\n<td>Rayt.com<\/td>\n<td>Session<\/td>\n<td>HTML<\/td>\n<td>Pendiente<\/td>\n<\/tr>\n<\/tbody>\n<\/table>\n<p><strong>Cookies de pr\u00e9f\u00e9rence :<\/strong><\/p>\n<table border=\"1\" cellspacing=\"0\" cellpadding=\"20\">\n<tbody>\n<tr>\n<td>Nombre<\/td>\n<td>Host<\/td>\n<td>Duraci\u00f3n<\/td>\n<td>Tipo<\/td>\n<td>Finalidad<\/td>\n<\/tr>\n<tr>\n<td>wp-wpml_current_language<\/td>\n<td>Rayt.com<\/td>\n<td>1 d\u00edas<\/td>\n<td>HTTP<\/td>\n<td>Designa el c\u00f3digo de pa\u00eds que se calcula seg\u00fan la direcci\u00f3n IP del usuario. Utilizada para determinar qu\u00e9 idioma deber\u00eda usarse para usuarios.<\/td>\n<\/tr>\n<\/tbody>\n<\/table>\n<p><strong>Cookies statistiques<\/strong> :<\/p>\n<table border=\"1\" cellspacing=\"0\" cellpadding=\"20\">\n<tbody>\n<tr>\n<td>Nombre<\/td>\n<td>Host<\/td>\n<td>Duraci\u00f3n<\/td>\n<td>Tipo<\/td>\n<td>Finalidad<\/td>\n<\/tr>\n<tr>\n<td>_ga<\/td>\n<td>Rayt.com<\/td>\n<td>400 d\u00edas<\/td>\n<td>HTTP<\/td>\n<td>Registra una identificaci\u00f3n \u00fanica que se utiliza para generar datos estad\u00edsticos acerca de c\u00f3mo utiliza el visitante el sitio web.<\/td>\n<\/tr>\n<tr>\n<td>_gat<\/td>\n<td>Rayt.com<\/td>\n<td>1 d\u00eda<\/td>\n<td>HTTP<\/td>\n<td>Utilizado por Google Analytics para controlar la tasa de peticiones<\/td>\n<\/tr>\n<tr>\n<td>_gid<\/td>\n<td>Rayt.com<\/td>\n<td>1 d\u00eda<\/td>\n<td>HTTP<\/td>\n<td>Registra una identificaci\u00f3n \u00fanica que se utiliza para generar datos estad\u00edsticos acerca de c\u00f3mo utiliza el visitante el sitio web.<\/td>\n<\/tr>\n<\/tbody>\n<\/table>\n<h3><\/h3>\n<h3>COMMENT D\u00c9SACTIVER LES COOKIES DANS LES NAVIGATEURS ?<\/h3>\n<p>L&rsquo;utilisateur peut, \u00e0 tout moment, autoriser, bloquer ou supprimer les cookies install\u00e9s sur son ordinateur en modifiant les param\u00e8tres de configuration du navigateur install\u00e9 sur son ordinateur :<\/p>\n<ul>\n<li><a href=\"https:\/\/support.google.com\/chrome\/answer\/95647?hl=es&amp;sc_ref_bbva=https%3A%2F%2Fwww.bbva.es%2Fsistema%2Fmeta%2Faviso-legal%2Findex.jsp\">Chrome<\/a> Param\u00e8tres -&gt; Afficher les param\u00e8tres avanc\u00e9s -&gt; Confidentialit\u00e9 -&gt; Param\u00e8tres de contenu.<br \/>\nPour plus d&rsquo;informations, vous pouvez consulter\u00a0<a href=\"https:\/\/support.google.com\/chrome\/answer\/95647?hl=es&amp;ref_topic=3434352\">Assistance Google<\/a> ou Aide du navigateur.<\/li>\n<li><a href=\"https:\/\/www.microsoft.com\/es-es\/edge\">Edge<\/a> Outils -&gt; Options Internet -&gt; Confidentialit\u00e9 -&gt; Param\u00e8tres.<br \/>\nPour plus d&rsquo;informations, vous pouvez consulter\u00a0<a href=\"http:\/\/windows.microsoft.com\/es-es\/internet-explorer\/delete-managecookies#ie=ie-11\" target=\"_blank\" rel=\"noopener\">Assistance Microsoft<\/a> ou Aide du navigateur.<\/li>\n<li><a href=\"http:\/\/support.mozilla.org\/es\/kb\/habilitar-y-deshabilitar-cookies-que-los-sitios-we?sc_ref_bbva=https%3A%2F%2Fwww.bbva.es%2Fsistema%2Fmeta%2Faviso-legal%2Findex.jsp\">Firefox<\/a>: Outils -&gt; Options -&gt; Confidentialit\u00e9 -&gt; Historique -&gt; Param\u00e8tres personnalis\u00e9s.<br \/>\nPour plus d&rsquo;informations, vous pouvez consulter\u00a0<a href=\"https:\/\/support.mozilla.org\/es\/\" target=\"_blank\" rel=\"noopener\">Assistance Mozilla<\/a> ou Aide du navigateur.<\/li>\n<li><a href=\"http:\/\/support.apple.com\/kb\/ph5042?sc_ref_bbva=https%3A%2F%2Fwww.bbva.es%2Fsistema%2Fmeta%2Faviso-legal%2Findex.jsp\">Safari<\/a> Pr\u00e9f\u00e9rences -&gt; S\u00e9curit\u00e9.<br \/>\nPour plus d&rsquo;informations, vous pouvez consulter\u00a0<a href=\"https:\/\/support.apple.com\/es-es\/HT201265\" target=\"_blank\" rel=\"noopener\">Assistance Apple<\/a> ou Aide du navigateur.<\/li>\n<\/ul>\n<p>La d\u00e9sactivation des cookies ne vous emp\u00eache pas de naviguer sur le site Web, bien que l&rsquo;utilisation de certains de ses services puisse \u00eatre limit\u00e9e et, par cons\u00e9quent, votre exp\u00e9rience de navigation puisse \u00eatre moins satisfaisante.<\/p>\n<h3>RETIRER LE CONSENTEMENT<\/h3>\n<p>L&rsquo;utilisateur peut r\u00e9voquer \u00e0 tout moment son consentement relatif \u00e0 la Politique de Cookies et peut supprimer les cookies stock\u00e9s sur son appareil via les param\u00e8tres et configurations de son navigateur Internet, comme indiqu\u00e9 ci-dessus.<\/p>\n<p>Cette politique de cookies peut \u00eatre modifi\u00e9e lorsque la l\u00e9gislation en vigueur l&rsquo;exige \u00e0 tout moment ou lorsqu&rsquo;il existe une variation dans le type de cookies utilis\u00e9s sur le site Web. Pour cette raison, nous vous recommandons de consulter cette politique chaque fois que vous acc\u00e9dez \u00e0 notre site Web afin d&rsquo;\u00eatre ad\u00e9quatement inform\u00e9.<br \/>\nsur comment et pourquoi nous utilisons les cookies.<\/p>\n\t\t\t\t\t\t<\/div>\n\t\t\t\t<\/div>\n\t\t\t\t\t<\/div>\n\t\t<\/div>\n\t\t\t\t\t<\/div>\n\t\t<\/section>\n\t\t\t\t<\/div>\n\t\t","protected":false},"excerpt":{"rendered":"<p>POLITIQUE DE COOKIES L\u2019objectif de cette politique de cookies est<\/p>\n","protected":false},"author":4,"featured_media":0,"parent":0,"menu_order":0,"comment_status":"closed","ping_status":"closed","template":"elementor_header_footer","meta":{"_acf_changed":false,"footnotes":""},"acf":[],"_links":{"self":[{"href":"https:\/\/rayt.com\/fr\/wp-json\/wp\/v2\/pages\/8037"}],"collection":[{"href":"https:\/\/rayt.com\/fr\/wp-json\/wp\/v2\/pages"}],"about":[{"href":"https:\/\/rayt.com\/fr\/wp-json\/wp\/v2\/types\/page"}],"author":[{"embeddable":true,"href":"https:\/\/rayt.com\/fr\/wp-json\/wp\/v2\/users\/4"}],"replies":[{"embeddable":true,"href":"https:\/\/rayt.com\/fr\/wp-json\/wp\/v2\/comments?post=8037"}],"version-history":[{"count":3,"href":"https:\/\/rayt.com\/fr\/wp-json\/wp\/v2\/pages\/8037\/revisions"}],"predecessor-version":[{"id":8503,"href":"https:\/\/rayt.com\/fr\/wp-json\/wp\/v2\/pages\/8037\/revisions\/8503"}],"wp:attachment":[{"href":"https:\/\/rayt.com\/fr\/wp-json\/wp\/v2\/media?parent=8037"}],"curies":[{"name":"wp","href":"https:\/\/api.w.org\/{rel}","templated":true}]}}