{"id":8547,"date":"2025-01-30T07:21:37","date_gmt":"2025-01-30T07:21:37","guid":{"rendered":"https:\/\/rayt.com\/mentions-legales\/"},"modified":"2025-01-30T07:21:39","modified_gmt":"2025-01-30T07:21:39","slug":"mentions-legales","status":"publish","type":"page","link":"https:\/\/rayt.com\/fr\/mentions-legales\/","title":{"rendered":"Mentions l\u00e9gales"},"content":{"rendered":"\t\t<div data-elementor-type=\"wp-page\" data-elementor-id=\"8547\" class=\"elementor elementor-8547 elementor-6838\">\n\t\t\t\t\t\t<section class=\"elementor-section elementor-top-section elementor-element elementor-element-ecc43c9 elementor-section-boxed elementor-section-height-default elementor-section-height-default\" data-id=\"ecc43c9\" data-element_type=\"section\">\n\t\t\t\t\t\t<div class=\"elementor-container elementor-column-gap-default\">\n\t\t\t\t\t<div class=\"elementor-column elementor-col-100 elementor-top-column elementor-element elementor-element-962657e\" data-id=\"962657e\" data-element_type=\"column\">\n\t\t\t<div class=\"elementor-widget-wrap elementor-element-populated\">\n\t\t\t\t\t\t<div class=\"elementor-element elementor-element-8e70b3e elementor-widget elementor-widget-spacer\" data-id=\"8e70b3e\" data-element_type=\"widget\" data-widget_type=\"spacer.default\">\n\t\t\t\t<div class=\"elementor-widget-container\">\n\t\t\t\t\t<div class=\"elementor-spacer\">\n\t\t\t<div class=\"elementor-spacer-inner\"><\/div>\n\t\t<\/div>\n\t\t\t\t<\/div>\n\t\t\t\t<\/div>\n\t\t\t\t\t<\/div>\n\t\t<\/div>\n\t\t\t\t\t<\/div>\n\t\t<\/section>\n\t\t\t\t<section class=\"elementor-section elementor-top-section elementor-element elementor-element-7620400 elementor-section-boxed elementor-section-height-default elementor-section-height-default\" data-id=\"7620400\" data-element_type=\"section\">\n\t\t\t\t\t\t<div class=\"elementor-container elementor-column-gap-default\">\n\t\t\t\t\t<div class=\"elementor-column elementor-col-100 elementor-top-column elementor-element elementor-element-99f4a42\" data-id=\"99f4a42\" data-element_type=\"column\">\n\t\t\t<div class=\"elementor-widget-wrap elementor-element-populated\">\n\t\t\t\t\t\t<div class=\"elementor-element elementor-element-8180e0d elementor-widget elementor-widget-heading\" data-id=\"8180e0d\" data-element_type=\"widget\" data-widget_type=\"heading.default\">\n\t\t\t\t<div class=\"elementor-widget-container\">\n\t\t\t<h2 class=\"elementor-heading-title elementor-size-default\">MENTIONS L\u00c9GALES<\/h2>\t\t<\/div>\n\t\t\t\t<\/div>\n\t\t\t\t<div class=\"elementor-element elementor-element-920b7b1 elementor-widget-divider--view-line elementor-widget elementor-widget-divider\" data-id=\"920b7b1\" data-element_type=\"widget\" data-widget_type=\"divider.default\">\n\t\t\t\t<div class=\"elementor-widget-container\">\n\t\t\t\t\t<div class=\"elementor-divider\">\n\t\t\t<span class=\"elementor-divider-separator\">\n\t\t\t\t\t\t<\/span>\n\t\t<\/div>\n\t\t\t\t<\/div>\n\t\t\t\t<\/div>\n\t\t\t\t\t<\/div>\n\t\t<\/div>\n\t\t\t\t\t<\/div>\n\t\t<\/section>\n\t\t\t\t<section class=\"elementor-section elementor-top-section elementor-element elementor-element-36d94a elementor-section-boxed elementor-section-height-default elementor-section-height-default\" data-id=\"36d94a\" data-element_type=\"section\">\n\t\t\t\t\t\t<div class=\"elementor-container elementor-column-gap-default\">\n\t\t\t\t\t<div class=\"elementor-column elementor-col-100 elementor-top-column elementor-element elementor-element-581c072d\" data-id=\"581c072d\" data-element_type=\"column\">\n\t\t\t<div class=\"elementor-widget-wrap elementor-element-populated\">\n\t\t\t\t\t\t<div class=\"elementor-element elementor-element-6615513f elementor-widget elementor-widget-text-editor\" data-id=\"6615513f\" data-element_type=\"widget\" data-widget_type=\"text-editor.default\">\n\t\t\t\t<div class=\"elementor-widget-container\">\n\t\t\t\t\t\t\t<h2>LOI SUR LES SERVICES DE LA SOCI\u00c9T\u00c9 DE L\u2019INFORMATION (LSSI)<\/h2>\r\n\r\n<p>LABORATORIOS RAYT, S.A.U., responsable du site Web, ci-apr\u00e8s RESPONSABLE, met \u00e0 la disposition des utilisateurs le pr\u00e9sent document avec lequel il entend se conformer aux obligations \u00e9nonc\u00e9es dans la Loi 34\/2002 du 11 juillet, sur les Services de la Soci\u00e9t\u00e9 de l\u2019Information et du Commerce \u00c9lectronique (LSSICE), BOE N\u00ba 166, et informe \u00e9galement tous les utilisateurs du site Web des conditions d\u2019utilisation.<\/p>\r\n\r\n<p>Toute personne acc\u00e9dant \u00e0 ce site Web assume le r\u00f4le d\u2019utilisateur, s\u2019engageant \u00e0 respecter rigoureusement l\u2019application des dispositions \u00e9nonc\u00e9es, ainsi que toute autre disposition l\u00e9gale \u00e9ventuellement applicable.<\/p>\r\n\r\n<p>LABORATORIOS RAYT, S.A.U. se r\u00e9serve le droit de modifier tout type d\u2019information pouvant appara\u00eetre sur le site, sans aucune d\u2019obligation de conseiller ou d\u2019informer les utilisateurs de telles obligations, \u00e9tant entendu qu\u2019il suffit de publier sur le site Web du RESPONSABLE.<\/p>\r\n<p>\u00a0<\/p>\r\n\r\n<h2>1. DONN\u00c9ES D\u2019IDENTIFICATION<\/h2>\r\n\r\n<p>Nom du domaine : rayt.com <br \/>Nombre comercial: RAYT<br \/>D\u00e9nomination commerciale : LABORATORIOS RAYT, S.A.U. <br \/>NIF: A60106382 <br \/>Si\u00e8ge sociale : C\/ Garriga n\u00ba188-200, 08910 &#8211; Badalona <br \/>T\u00e9l\u00e9phone : 934607820 <br \/>e-mail: info@rayt.com <br \/>Donn\u00e9es d\u2019enregistrement : (Mercantil \/ P\u00fablico): Barcelona, Tomo 24.160, Folio 1, Hoja N\u00famero B-65.263<\/p>\r\n\r\n<h2>\u00a0<\/h2>\r\n<h2>2. DROITS DE PROPRI\u00c9T\u00c9 INTELLECTUELLE ET INDUSTRIELLE<\/h2>\r\n\r\n<p>Le site Web, y compris, mais sans s\u2019y limiter, sa programmation, son \u00e9dition, sa compilation et d\u2019autres \u00e9l\u00e9ments n\u00e9cessaires \u00e0 son fonctionnement, les conceptions, logos, textes et\/ou graphiques sont la propri\u00e9t\u00e9 exclusive du RESPONSABLE \u00e0 l\u2019exception des contenus dont il dispose d\u2019une licence ou d\u2019une autorisation expresse de la part des auteurs. Tous les contenus du site Web sont d\u00fbment prot\u00e9g\u00e9s par les r\u00e8gles en mati\u00e8re de propri\u00e9t\u00e9 intellectuelle et industrielle, et inscrits dans les registres publics correspondants.\r\nQuel que soit le but pour lequel ils ont \u00e9t\u00e9 con\u00e7us, la reproduction totale ou partielle, l\u2019utilisation, l\u2019exploitation, la distribution et la commercialisation n\u00e9cessitent, dans tous les cas, l\u2019autorisation \u00e9crite pr\u00e9alable du RESPONSABLE. Toute utilisation non autoris\u00e9e au pr\u00e9alable est consid\u00e9r\u00e9e comme une violation grave des droits de propri\u00e9t\u00e9 intellectuelle ou industrielle de l\u2019auteur. Les conceptions, logos, textes et\/ou graphiques ext\u00e9rieurs au RESPONSABLE et susceptibles d\u2019appara\u00eetre sur le site appartiennent \u00e0 leurs propri\u00e9taires respectifs, qui sont eux-m\u00eames responsables de la controverse qui pourrait na\u00eetre \u00e0 leur sujet. Le RESPONSABLE autorise express\u00e9ment les tiers \u00e0 rediriger directement vers le contenu sp\u00e9cifique du site, et dans tous les cas, au site Web principal shop.rayt.com. Le RESPONSABLE reconna\u00eet en faveur de ses propri\u00e9taires les droits de propri\u00e9t\u00e9 intellectuelle et industrielle correspondants, n\u2019impliquant pas sa mention ou son apparition sur le site Web, l\u2019existence de droits ou de la responsabilit\u00e9 de ceux-ci, ni leur endossement, parrainage ou recommandation. Pour r\u00e9clamer d\u2019\u00e9ventuelles violations des droits de la propri\u00e9t\u00e9 intellectuelle ou industrielle, ainsi que de tout contenu du site Web, vous pouvez le faire par courrier \u00e9lectronique \u00e0 l\u2019adresse info@rayt.com.\r\n<\/p>\r\n\r\n<h2>\u00a0<\/h2>\r\n<h2>3. EXEMPTION DE RESPONSABILIT\u00c9S<\/h2>\r\n\r\n<p>Le RESPONSABLE est exempt de tout type de responsabilit\u00e9 d\u00e9coulant des informations publi\u00e9es sur son site Web, \u00e0 condition que ces informations aient \u00e9t\u00e9 manipul\u00e9es ou introduites par un tiers.<\/p>\r\n\r\n<h3>\u00a0<\/h3>\r\n<h3>Utilisation de Cookies<\/h3>\r\n\r\n<p>Ce site Web peut utiliser des cookies techniques (petits fichiers d\u2019informations que le serveur envoie \u00e0 l\u2019ordinateur de la personne acc\u00e9dant \u00e0 la page) pour s\u2019acquitter de certaines fonctions jug\u00e9es essentielles pour le bon fonctionnement et la visualisation du site. Les cookies utilis\u00e9s ont, dans tous les cas, un caract\u00e8re temporaire, dans le seul but de rendre la navigation plus efficace, et ils disparaissent \u00e0 la fin de la session de l\u2019utilisateur. Dans tous les cas, ces cookies fournissent des donn\u00e9es personnelles par eux-m\u00eames et ne seront pas utilis\u00e9s pour les collecter.<\/p>\r\n\r\n<p>Gr\u00e2ce \u00e0 l\u2019utilisation de cookies, il est \u00e9galement possible que le serveur sur lequel le site Web est situ\u00e9 reconna\u00eet le navigateur utilis\u00e9 par l\u2019utilisateur afin de faciliter la navigation, par exemple en permettant aux utilisateurs d\u00e9j\u00e0 enregistr\u00e9s dans les zones, services, promotions ou des concours r\u00e9serv\u00e9s exclusivement pour eux sans avoir \u00e0 s\u2019inscrire \u00e0 chaque visite. Ils peuvent \u00e9galement \u00eatre utilis\u00e9s pour mesurer l\u2019audience, les param\u00e8tres de trafic, contr\u00f4ler la progression et le nombre d\u2019entr\u00e9es, etc., \u00e9tant dans ce cas des cookies techniquement utilisables mais b\u00e9n\u00e9fiques pour l\u2019utilisateur. Ce site Web n\u2019installe pas de cookies utilisables sans le consentement pr\u00e9alable de l\u2019utilisateur.<\/p>\r\n\r\n<p>L\u2019utilisateur a la possibilit\u00e9 de configurer son navigateur pour \u00eatre averti de la r\u00e9ception de cookies et pour emp\u00eacher son installation sur son ordinateur. Veuillez consulter les instructions de votre navigateur pour d\u00e9velopper ces informations.<\/p>\r\n\r\n<h3>\u00a0<\/h3>\r\n<h3>Politique de liens<\/h3>\r\n\r\n<p>\u00c0 partir du site Web, il est possible qu\u2019il soit redirig\u00e9 vers le contenu de sites Web tiers. \u00c9tant donn\u00e9 que le RESPONSABLE ne peut pas toujours contr\u00f4ler le contenu introduit par des tiers sur leurs sites Web respectifs, n\u2019assume aucune responsabilit\u00e9 \u00e0 l\u2019\u00e9gard de ce contenu. En tout \u00e9tat de cause, il proc\u00e9dera \u00e0 la suppression imm\u00e9diate de tout contenu susceptible d\u2019\u00eatre contraire \u00e0 la l\u00e9gislation nationale ou internationale, aux bonnes m\u0153urs ou \u00e0 l\u2019ordre public, ainsi qu\u2019\u00e0 la suppression imm\u00e9diate de la redirection vers le site Web, en attirant l\u2019attention des autorit\u00e9s comp\u00e9tentes sur le contenu en question.<\/p>\r\n\r\n<p>Le RESPONSABLE n\u2019est pas responsable des informations et du contenu stock\u00e9s par les forums, les chats, les g\u00e9n\u00e9rateurs de blogs, les commentaires, les r\u00e9seaux sociaux ou tout autre moyen permettant \u00e0 des tiers de publier des contenus de mani\u00e8re ind\u00e9pendante sur le site Web du RESPONSABLE. Toutefois, et conform\u00e9ment aux dispositions des articles 11 et 16 de la LSSICE, il est mis \u00e0 la disposition de tous les utilisateurs, autorit\u00e9s et forces de s\u00e9curit\u00e9, collaborant activement \u00e0 l\u2019\u00e9limination ou, le cas \u00e9ch\u00e9ant, au blocage de tout contenu susceptible d\u2019\u00eatre affect\u00e9 ou affect\u00e9. contrevient \u00e0 la l\u00e9gislation nationale ou internationale, aux droits de tiers, \u00e0 la moralit\u00e9 et \u00e0 l\u2019ordre public. Dans le cas o\u00f9 l\u2019utilisateur estime que le contenu du site Web contient un contenu susceptible d\u2019\u00eatre concern\u00e9 par cette classification, veuillez en informer imm\u00e9diatement l\u2019administrateur du site Web.<\/p>\r\n\r\n<p>Ce site Web a \u00e9t\u00e9 examin\u00e9 et test\u00e9 pour fonctionner correctement. Au d\u00e9but, le bon fonctionnement peut \u00eatre garanti 365 jours par an et 24 heures par jour. Cependant, le RESPONSABLE n\u2019exclut pas la possibilit\u00e9 de certaines erreurs de programmation, ou qui sont la cause de force majeure, de catastrophes naturelles, de gr\u00e8ves ou de circonstances similaires rendant l\u2019acc\u00e8s impossible au site Web.<\/p>\r\n\r\n<h3>\u00a0<\/h3>\r\n<h3>Adresses IP<\/h3>\r\n\r\n<p>Les serveurs du site Web peuvent d\u00e9tecter automatiquement l\u2019adresse IP et le nom de domaine utilis\u00e9s par l\u2019utilisateur. Une adresse IP est un num\u00e9ro attribu\u00e9 automatiquement \u00e0 un ordinateur lorsqu\u2019il se connecte \u00e0 Internet. Toutes ces informations sont enregistr\u00e9es dans un fichier d\u2019activit\u00e9 de serveur d\u00fbment enregistr\u00e9 qui permet le traitement ult\u00e9rieur des donn\u00e9es afin d\u2019obtenir uniquement des mesures statistiques permettant de conna\u00eetre le nombre de pages imprim\u00e9es, le nombre de visites effectu\u00e9es sur les serveurs Web, l\u2019ordre des visites, le point d\u2019acc\u00e8s, etc.<\/p>\r\n\r\n<h2>\u00a0<\/h2>\r\n<h2>4. LOI APPLICABLE ET JURIDICTION COMP\u00c9TENTE<\/h2>\r\n\r\n<p>La loi espagnole sera la seule applicable pour la r\u00e9solution de tous les litiges, controverses d\u2019interpr\u00e9tation ou disputes relatives aux termes qui composent les textes juridiques, ainsi que toute question li\u00e9e aux services ou aux activit\u00e9s qui sont d\u00e9velopp\u00e9es dans ce site Web.<\/p>\r\n\t\t\t\t\t\t<\/div>\n\t\t\t\t<\/div>\n\t\t\t\t\t<\/div>\n\t\t<\/div>\n\t\t\t\t\t<\/div>\n\t\t<\/section>\n\t\t\t\t<\/div>\n\t\t","protected":false},"excerpt":{"rendered":"<p>MENTIONS L\u00c9GALES LOI SUR LES SERVICES DE LA SOCI\u00c9T\u00c9 DE<\/p>\n","protected":false},"author":1,"featured_media":0,"parent":0,"menu_order":0,"comment_status":"closed","ping_status":"closed","template":"elementor_header_footer","meta":{"_acf_changed":false,"footnotes":""},"acf":[],"_links":{"self":[{"href":"https:\/\/rayt.com\/fr\/wp-json\/wp\/v2\/pages\/8547"}],"collection":[{"href":"https:\/\/rayt.com\/fr\/wp-json\/wp\/v2\/pages"}],"about":[{"href":"https:\/\/rayt.com\/fr\/wp-json\/wp\/v2\/types\/page"}],"author":[{"embeddable":true,"href":"https:\/\/rayt.com\/fr\/wp-json\/wp\/v2\/users\/1"}],"replies":[{"embeddable":true,"href":"https:\/\/rayt.com\/fr\/wp-json\/wp\/v2\/comments?post=8547"}],"version-history":[{"count":3,"href":"https:\/\/rayt.com\/fr\/wp-json\/wp\/v2\/pages\/8547\/revisions"}],"predecessor-version":[{"id":8550,"href":"https:\/\/rayt.com\/fr\/wp-json\/wp\/v2\/pages\/8547\/revisions\/8550"}],"wp:attachment":[{"href":"https:\/\/rayt.com\/fr\/wp-json\/wp\/v2\/media?parent=8547"}],"curies":[{"name":"wp","href":"https:\/\/api.w.org\/{rel}","templated":true}]}}