{"id":8552,"date":"2025-01-30T07:46:21","date_gmt":"2025-01-30T07:46:21","guid":{"rendered":"https:\/\/rayt.com\/politique-de-confidentialite-sur-les-reseaux-sociaux\/"},"modified":"2025-01-30T07:46:23","modified_gmt":"2025-01-30T07:46:23","slug":"politique-de-confidentialite-sur-les-reseaux-sociaux","status":"publish","type":"page","link":"https:\/\/rayt.com\/fr\/politique-de-confidentialite-sur-les-reseaux-sociaux\/","title":{"rendered":"POLITIQUE DE CONFIDENTIALIT\u00c9 SUR LES R\u00c9SEAUX SOCIAUX"},"content":{"rendered":"\t\t<div data-elementor-type=\"wp-page\" data-elementor-id=\"8552\" class=\"elementor elementor-8552 elementor-8406\">\n\t\t\t\t\t\t<section class=\"elementor-section elementor-top-section elementor-element elementor-element-ecc43c9 elementor-section-boxed elementor-section-height-default elementor-section-height-default\" data-id=\"ecc43c9\" data-element_type=\"section\">\n\t\t\t\t\t\t<div class=\"elementor-container elementor-column-gap-default\">\n\t\t\t\t\t<div class=\"elementor-column elementor-col-100 elementor-top-column elementor-element elementor-element-962657e\" data-id=\"962657e\" data-element_type=\"column\">\n\t\t\t<div class=\"elementor-widget-wrap elementor-element-populated\">\n\t\t\t\t\t\t<div class=\"elementor-element elementor-element-8e70b3e elementor-widget elementor-widget-spacer\" data-id=\"8e70b3e\" data-element_type=\"widget\" data-widget_type=\"spacer.default\">\n\t\t\t\t<div class=\"elementor-widget-container\">\n\t\t\t\t\t<div class=\"elementor-spacer\">\n\t\t\t<div class=\"elementor-spacer-inner\"><\/div>\n\t\t<\/div>\n\t\t\t\t<\/div>\n\t\t\t\t<\/div>\n\t\t\t\t\t<\/div>\n\t\t<\/div>\n\t\t\t\t\t<\/div>\n\t\t<\/section>\n\t\t\t\t<section class=\"elementor-section elementor-top-section elementor-element elementor-element-7620400 elementor-section-boxed elementor-section-height-default elementor-section-height-default\" data-id=\"7620400\" data-element_type=\"section\">\n\t\t\t\t\t\t<div class=\"elementor-container elementor-column-gap-default\">\n\t\t\t\t\t<div class=\"elementor-column elementor-col-100 elementor-top-column elementor-element elementor-element-99f4a42\" data-id=\"99f4a42\" data-element_type=\"column\">\n\t\t\t<div class=\"elementor-widget-wrap elementor-element-populated\">\n\t\t\t\t\t\t<div class=\"elementor-element elementor-element-8180e0d elementor-widget elementor-widget-heading\" data-id=\"8180e0d\" data-element_type=\"widget\" data-widget_type=\"heading.default\">\n\t\t\t\t<div class=\"elementor-widget-container\">\n\t\t\t<h2 class=\"elementor-heading-title elementor-size-default\">Politique de confidentialit\u00e9 sur les r\u00e9seaux sociaux<\/h2>\t\t<\/div>\n\t\t\t\t<\/div>\n\t\t\t\t<div class=\"elementor-element elementor-element-920b7b1 elementor-widget-divider--view-line elementor-widget elementor-widget-divider\" data-id=\"920b7b1\" data-element_type=\"widget\" data-widget_type=\"divider.default\">\n\t\t\t\t<div class=\"elementor-widget-container\">\n\t\t\t\t\t<div class=\"elementor-divider\">\n\t\t\t<span class=\"elementor-divider-separator\">\n\t\t\t\t\t\t<\/span>\n\t\t<\/div>\n\t\t\t\t<\/div>\n\t\t\t\t<\/div>\n\t\t\t\t\t<\/div>\n\t\t<\/div>\n\t\t\t\t\t<\/div>\n\t\t<\/section>\n\t\t\t\t<section class=\"elementor-section elementor-top-section elementor-element elementor-element-36d94a elementor-section-boxed elementor-section-height-default elementor-section-height-default\" data-id=\"36d94a\" data-element_type=\"section\">\n\t\t\t\t\t\t<div class=\"elementor-container elementor-column-gap-default\">\n\t\t\t\t\t<div class=\"elementor-column elementor-col-100 elementor-top-column elementor-element elementor-element-581c072d\" data-id=\"581c072d\" data-element_type=\"column\">\n\t\t\t<div class=\"elementor-widget-wrap elementor-element-populated\">\n\t\t\t\t\t\t<div class=\"elementor-element elementor-element-6615513f elementor-widget elementor-widget-text-editor\" data-id=\"6615513f\" data-element_type=\"widget\" data-widget_type=\"text-editor.default\">\n\t\t\t\t<div class=\"elementor-widget-container\">\n\t\t\t\t\t\t\t<h2>1. INFORMATION \u00c0 L\u2019UTILISATEUR<\/h2>\n<h3>Qui est responsable du traitement des donn\u00e9es personnelles?<\/h3>\n<p>LABORATORIOS RAYT, S.A.U. (ci-apr\u00e8s le RESPONSABLE) sera le responsable du traitement des donn\u00e9es personnelles des PERSONNES qui ont proc\u00e9d\u00e9 \u00e0 la cr\u00e9ation d&rsquo;un profil sur l&rsquo;un des r\u00e9seaux sociaux, et elles seront trait\u00e9es comme conform\u00e9ment aux dispositions du R\u00e8glement (UE) 2016\/679 du 27 avril (RGPD), Loi organique 3\/2018 du 5 d\u00e9cembre (LOPDGDD), et Loi relative aux services de la soci\u00e9t\u00e9 de l&rsquo;information et au commerce \u00e9lectronique (LSSI), fournissant les informations de traitement suivantes:<\/p>\n<h3>Pourquoi traitons-nous vos donn\u00e9es personnelles?<\/h3>\n<p><strong>Objet du traitement<\/strong>: maintenir une relation entre l&rsquo;UTILISATEUR et le RESPONSABLE, ce qui peut inclure les op\u00e9rations suivantes:<\/p>\n<ul>\n<li>Traiter les demandes et les requ\u00eates adress\u00e9es au responsable<\/li>\n<li>Informer sur les activit\u00e9s et \u00e9v\u00e9nements organis\u00e9s par le responsable<\/li>\n<li>Informer sur les produits ou services offerts par le responsable<\/li>\n<li>Interagir par le biais des profils officiels<\/li>\n<\/ul>\n<p>Lorsque le RESPONSABLE collecte et traite des donn\u00e9es personnelles via ses r\u00e9seaux sociaux, les UTILISATEURS seront inform\u00e9s de la finalit\u00e9 de ladite collecte, ainsi que de leurs droits en ce qui concerne leurs donn\u00e9es personnelles, qui ne seront utilis\u00e9es qu\u2019uniquement aux fins indiqu\u00e9es et seront conserv\u00e9es en toute s\u00e9curit\u00e9.<\/p>\n<p><strong>Base juridique du traitement<\/strong>: la personne concern\u00e9e a consenti au traitement de ses donn\u00e9es \u00e0 caract\u00e8re personnel pour une ou plusieurs finalit\u00e9s d\u00e9termin\u00e9es (article 6.1.a du GDPR).<\/p>\n<p>En revanche, l&rsquo;UTILISATEUR peut acc\u00e9der \u00e0 tout moment aux politiques de confidentialit\u00e9 du r\u00e9seau social, ainsi que configurer son profil pour garantir sa confidentialit\u00e9.<\/p>\n<h3>Pendant combien de temps conserverons-nous vos donn\u00e9es personnelles?<\/h3>\n<p><strong>Crit\u00e8res de conservation des donn\u00e9es<\/strong>: elles seront conserv\u00e9es tant que l&rsquo;UTILISATEUR ne r\u00e9voque pas le consentement donn\u00e9, comme indiqu\u00e9 dans cette politique de confidentialit\u00e9.<\/p>\n<h3>\u00c0 qui fournissons-nous vos donn\u00e9es personnelles?<\/h3>\n<p><strong>Communication de donn\u00e9es<\/strong>: les informations fournies par l&rsquo;UTILISATEUR via les r\u00e9seaux sociaux du RESPONSABLE, y compris ses donn\u00e9es personnelles, peuvent \u00eatre publi\u00e9es, toujours en fonction des services utilis\u00e9s par l&rsquo;UTILISATEUR, et peuvent donc \u00eatre accessibles \u00e0 d&rsquo;autres utilisateurs tiers des r\u00e9seaux sociaux. \u00c0 partir du profil de chaque r\u00e9seau social, l&rsquo;UTILISATEUR peut configurer les informations qu&rsquo;il souhaite rendre publiques dans chaque cas, consulter les autorisations accord\u00e9es, les supprimer ou les d\u00e9sactiver, comme toute application tierce qu&rsquo;il ne souhaite plus utiliser.<\/p>\n<p>Aucune communication de donn\u00e9es personnelles \u00e0 des tiers en dehors du r\u00e9seau social n&rsquo;est pr\u00e9vue, sauf, si cela est indispensable au d\u00e9veloppement et \u00e0 l&rsquo;ex\u00e9cution des finalit\u00e9s du traitement, \u00e0 nos prestataires de services li\u00e9s aux communications, avec lesquels le RESPONSABLE a sign\u00e9 les contrats de confidentialit\u00e9 et de traitement des donn\u00e9es requis par la r\u00e9glementation en vigueur en mati\u00e8re de protection de la vie priv\u00e9e.<\/p>\n<h3>Quels sont vos droits?<\/h3>\n<p><strong>Droits de l&rsquo;UTILISATEUR<\/strong>: ils ne peuvent \u00eatre exerc\u00e9s qu\u2019en relation avec les informations qui sont sous le contr\u00f4le du RESPONSABLE.<\/p>\n<ul>\n<li>Droit de retirer le consentement \u00e0 tout moment.<\/li>\n<li>Droit d&rsquo;acc\u00e8s, de rectification, de portabilit\u00e9 et de suppression de ses donn\u00e9es, et limitation ou opposition \u00e0 leur traitement.<\/li>\n<li>Droit de porter plainte aupr\u00e8s de l\u2019autorit\u00e9 de surveillance (www.aepd.es) s\u2019il consid\u00e8re que le traitement n\u2019est pas conforme \u00e0 la r\u00e9glementation en vigueur.<\/li>\n<\/ul>\n<p><strong>Coordonn\u00e9es de contact pour exercer vos droits:<\/strong><br \/>\nLABORATORIOS RAYT, S.A.U. C\/ Garriga, 188-200 &#8211; 08912 Badalona (Barcelona), Espagne. E-mail: info@rayt.com<br \/>\nLa politique compl\u00e8te de confidentialit\u00e9 est disponible au site www.rayt.com<\/p>\n<h3>2. UTILISATION DU PROFIL<\/h3>\n<p>Le RESPONSABLE mettra en \u0153uvre les actions suivantes:<\/p>\n<ul>\n<li>Acc\u00e8s aux informations publiques du profil<\/li>\n<li>Publication sur le profil de l&rsquo;UTILISATEUR de toutes les informations d\u00e9j\u00e0 publi\u00e9es sur le r\u00e9seau social du RESPONSABLE<\/li>\n<li>Envoyer des messages personnels et individuels par le biais des canaux du r\u00e9seau social<\/li>\n<li>Mises \u00e0 jour de l&rsquo;\u00e9tat de la page qui sera publi\u00e9e sur le profil de l&rsquo;UTILISATEUR<\/li>\n<\/ul>\n<p>L\u2019UTILISATEUR peut \u00e0 tout moment contr\u00f4ler ses connexions, supprimer les contenus qui ne l\u2019int\u00e9ressent plus et limiter les personnes avec lesquelles il partage ses connexions en acc\u00e9dant \u00e0 ses param\u00e8tres de confidentialit\u00e9.<br \/>\nPour ce faire, vous devez acc\u00e9der \u00e0 vos param\u00e8tres o\u00f9 vous trouverez diff\u00e9rentes possibilit\u00e9s de configuration en fonction du degr\u00e9 de confidentialit\u00e9 du profil utilisateur sur le r\u00e9seau social.<\/p>\n<h3>3. PUBLICATIONS<\/h3>\n<p>L&rsquo;objectif des r\u00e9seaux sociaux est de faire visible et diffuser les activit\u00e9s r\u00e9alis\u00e9es par le RESPONSABLE. Ces instruments conservent les donn\u00e9es personnelles dans les serveurs des services respectifs et sont r\u00e9gis par sa propre politique de confidentialit\u00e9.<\/p>\n<p>L&rsquo;UTILISATEUR, une fois qu\u2019il est abonn\u00e9 ou qu&rsquo;il a rejoint le r\u00e9seau social du RESPONSABLE, peut publier des commentaires, des liens, des images, des photographies ou tout autre type de contenu multim\u00e9dia dont il est titulaire.<\/p>\n<p>L&rsquo;UTILISATEUR, dans tout le cas, doit \u00eatre le propri\u00e9taire du contenu publi\u00e9, jouir des droits d&rsquo;auteur et de propri\u00e9t\u00e9 intellectuelle ou avoir le consentement des tiers concern\u00e9s.<\/p>\n<p>Toute publication sur le r\u00e9seau social qu\u2019il s\u2019agisse de textes, graphiques, photographies, vid\u00e9os, etc., qui porte atteinte ou serait susceptible de porter atteinte \u00e0 la moralit\u00e9, \u00e0 l&rsquo;\u00e9thique, au bon go\u00fbt ou \u00e0 la biens\u00e9ance, et\/ou qui transgressent les droits de propri\u00e9t\u00e9 intellectuelle ou industrielle, le droit \u00e0 l\u2019image ou la loi, est express\u00e9ment interdite. Les commentaires ou contenus offensants, diffamatoires, ill\u00e9gaux ou inappropri\u00e9s dans les profils de l\u2019entreprise ne seront pas tol\u00e9r\u00e9s. La soci\u00e9t\u00e9 se r\u00e9serve le droit de supprimer ces commentaires et contenus et de bloquer les utilisateurs responsables.<\/p>\n<p>Dans ces cas, le RESPONSABLE se r\u00e9serve le droit de supprimer imm\u00e9diatement le contenu, sans communication pr\u00e9alable, et peut demander le blocage permanent de l&rsquo;UTILISATEUR.<\/p>\n<p>Le RESPONSABLE ne sera pas responsable du contenu librement publi\u00e9 par l&rsquo;UTILISATEUR.<\/p>\n<p>L&rsquo;UTILISATEUR doit prendre en consid\u00e9ration que ses publications seront connues par des autres utilisateurs, c\u2019est pourquoi il est lui-m\u00eame le premier responsable de sa vie priv\u00e9e.<\/p>\n<p>Les images susceptibles d&rsquo;\u00eatre publi\u00e9es sur le r\u00e9seau social ne seront stock\u00e9es dans aucun fichier par le RESPONSABLE, mais elles resteront sur le r\u00e9seau social.<\/p>\n<h3>4. DONN\u00c9ES DE MINEURS OU DE PERSONNES HANDICAP\u00c9ES<\/h3>\n<p>Il est recommand\u00e9 de consulter et de lire les conditions d&rsquo;utilisation et la politique de confidentialit\u00e9 de chaque r\u00e9seau social lors de l&rsquo;inscription, en tenant compte des diff\u00e9rentes conditions d&rsquo;\u00e2ge.<\/p>\n<p>De m\u00eame, le RESPONSABLE sera express\u00e9ment exon\u00e9r\u00e9 de toute responsabilit\u00e9 qui pourrait en d\u00e9couler de l&rsquo;utilisation des r\u00e9seaux sociaux par des mineurs ou des personnes ayant des capacit\u00e9s particuli\u00e8res et dont l&rsquo;acc\u00e8s devrait \u00eatre fait sous la supervision et le contr\u00f4le de leurs repr\u00e9sentants l\u00e9gaux.<\/p>\n<p>Le RESPONSABLE se r\u00e9serve le droit de modifier cette politique \u00e0 tout moment. Les modifications seront communiqu\u00e9es via nos profils de r\u00e9seaux sociaux et\/ou notre site Web.<\/p>\n\t\t\t\t\t\t<\/div>\n\t\t\t\t<\/div>\n\t\t\t\t\t<\/div>\n\t\t<\/div>\n\t\t\t\t\t<\/div>\n\t\t<\/section>\n\t\t\t\t<\/div>\n\t\t","protected":false},"excerpt":{"rendered":"<p>Politique de confidentialit\u00e9 sur les r\u00e9seaux sociaux 1. INFORMATION \u00c0<\/p>\n","protected":false},"author":1,"featured_media":0,"parent":0,"menu_order":0,"comment_status":"closed","ping_status":"closed","template":"elementor_header_footer","meta":{"_acf_changed":false,"footnotes":""},"acf":[],"_links":{"self":[{"href":"https:\/\/rayt.com\/fr\/wp-json\/wp\/v2\/pages\/8552"}],"collection":[{"href":"https:\/\/rayt.com\/fr\/wp-json\/wp\/v2\/pages"}],"about":[{"href":"https:\/\/rayt.com\/fr\/wp-json\/wp\/v2\/types\/page"}],"author":[{"embeddable":true,"href":"https:\/\/rayt.com\/fr\/wp-json\/wp\/v2\/users\/1"}],"replies":[{"embeddable":true,"href":"https:\/\/rayt.com\/fr\/wp-json\/wp\/v2\/comments?post=8552"}],"version-history":[{"count":3,"href":"https:\/\/rayt.com\/fr\/wp-json\/wp\/v2\/pages\/8552\/revisions"}],"predecessor-version":[{"id":8555,"href":"https:\/\/rayt.com\/fr\/wp-json\/wp\/v2\/pages\/8552\/revisions\/8555"}],"wp:attachment":[{"href":"https:\/\/rayt.com\/fr\/wp-json\/wp\/v2\/media?parent=8552"}],"curies":[{"name":"wp","href":"https:\/\/api.w.org\/{rel}","templated":true}]}}