{"id":1138,"date":"2020-10-27T14:22:41","date_gmt":"2020-11-19T11:49:42","guid":{"rendered":"http:\/\/rayt.com\/?post_type=product&#038;p=1138"},"modified":"2020-11-20T12:07:57","modified_gmt":"2020-11-20T12:07:57","slug":"uzin-kr-416","status":"publish","type":"product","link":"https:\/\/rayt.com\/fr\/producto\/uzin-kr-416\/","title":{"rendered":"UZIN KR 416"},"content":{"rendered":"<p>R\u00e9sine acrylique bi-composants pour sceller, remplir et r\u00e9parer les fissures jusqu\u2019\u00e0 1 mm de large, en combinaison avec les agrafes UZIN. Applicable sur des chapes de ma\u00e7onnerie (b\u00e9ton, ciment, granite, c\u00e9ramique, etc.).<\/p>\n<h4>CARACT\u00c9RISTIQUES<\/h4>\n<p>Prise rapide (r\u00e9action sans temp\u00e9rature). Convient en int\u00e9rieur et ext\u00e9rieur. Produit non standard, fourni sur demande. D\u00e9lai estim\u00e9 15 jours. Temps de travail : 10 \u2013 20 min. Praticable : 1 heure. S\u00e9chage : durcissement final 12 \u2013 24 heures.<\/p>\n","protected":false},"excerpt":{"rendered":"<p>R\u00e9sine acrylique bi-composants pour sceller, remplir et r\u00e9parer les fissures<\/p>\n","protected":false},"featured_media":1139,"comment_status":"open","ping_status":"closed","template":"","meta":{"_acf_changed":false},"product_cat":[320,317,323],"product_tag":[],"acf":[],"_links":{"self":[{"href":"https:\/\/rayt.com\/fr\/wp-json\/wp\/v2\/product\/1138"}],"collection":[{"href":"https:\/\/rayt.com\/fr\/wp-json\/wp\/v2\/product"}],"about":[{"href":"https:\/\/rayt.com\/fr\/wp-json\/wp\/v2\/types\/product"}],"replies":[{"embeddable":true,"href":"https:\/\/rayt.com\/fr\/wp-json\/wp\/v2\/comments?post=1138"}],"wp:featuredmedia":[{"embeddable":true,"href":"https:\/\/rayt.com\/fr\/wp-json\/wp\/v2\/media\/1139"}],"wp:attachment":[{"href":"https:\/\/rayt.com\/fr\/wp-json\/wp\/v2\/media?parent=1138"}],"wp:term":[{"taxonomy":"product_cat","embeddable":true,"href":"https:\/\/rayt.com\/fr\/wp-json\/wp\/v2\/product_cat?post=1138"},{"taxonomy":"product_tag","embeddable":true,"href":"https:\/\/rayt.com\/fr\/wp-json\/wp\/v2\/product_tag?post=1138"}],"curies":[{"name":"wp","href":"https:\/\/api.w.org\/{rel}","templated":true}]}}