{"id":1140,"date":"2020-11-16T08:44:08","date_gmt":"2020-11-20T08:43:37","guid":{"rendered":"http:\/\/rayt.com\/?post_type=product&#038;p=1140"},"modified":"2020-11-20T11:59:09","modified_gmt":"2020-11-20T11:59:09","slug":"uzin-kr-516","status":"publish","type":"product","link":"https:\/\/rayt.com\/fr\/producto\/uzin-kr-516\/","title":{"rendered":"UZIN KR 516"},"content":{"rendered":"<p>R\u00e9sine de silicate bi-composants pour r\u00e9parer et remplir les fissures jusqu\u2019\u00e0 1 mm sur des chapes de ma\u00e7onnerie, en combinaison avec les agrafes UZIN.<\/p>\n<h4>CARACT\u00c9RISTIQUES<\/h4>\n<p>Convient en int\u00e9rieur et ext\u00e9rieur.<br \/>\nPrise tr\u00e8s rapide (r\u00e9action avec temp\u00e9rature).<br \/>\nProduit non standard, fourni sur demande. D\u00e9lai estim\u00e9 15 jours.<br \/>\nTemps de travail : 6 \u2013 12 min.<br \/>\nPraticable : 45 min<br \/>\nS\u00e9chage : durcissement final 12 \u2013 24 heures.<\/p>\n","protected":false},"excerpt":{"rendered":"<p>R\u00e9sine de silicate bi-composants pour r\u00e9parer et remplir les fissures<\/p>\n","protected":false},"featured_media":1141,"comment_status":"open","ping_status":"closed","template":"","meta":{"_acf_changed":false},"product_cat":[320,317,323],"product_tag":[],"acf":[],"_links":{"self":[{"href":"https:\/\/rayt.com\/fr\/wp-json\/wp\/v2\/product\/1140"}],"collection":[{"href":"https:\/\/rayt.com\/fr\/wp-json\/wp\/v2\/product"}],"about":[{"href":"https:\/\/rayt.com\/fr\/wp-json\/wp\/v2\/types\/product"}],"replies":[{"embeddable":true,"href":"https:\/\/rayt.com\/fr\/wp-json\/wp\/v2\/comments?post=1140"}],"wp:featuredmedia":[{"embeddable":true,"href":"https:\/\/rayt.com\/fr\/wp-json\/wp\/v2\/media\/1141"}],"wp:attachment":[{"href":"https:\/\/rayt.com\/fr\/wp-json\/wp\/v2\/media?parent=1140"}],"wp:term":[{"taxonomy":"product_cat","embeddable":true,"href":"https:\/\/rayt.com\/fr\/wp-json\/wp\/v2\/product_cat?post=1140"},{"taxonomy":"product_tag","embeddable":true,"href":"https:\/\/rayt.com\/fr\/wp-json\/wp\/v2\/product_tag?post=1140"}],"curies":[{"name":"wp","href":"https:\/\/api.w.org\/{rel}","templated":true}]}}