{"id":1153,"date":"2020-11-16T08:31:43","date_gmt":"2020-11-20T09:31:29","guid":{"rendered":"http:\/\/rayt.com\/?post_type=product&#038;p=1153"},"modified":"2021-05-25T11:54:36","modified_gmt":"2021-05-25T11:54:36","slug":"uzin-nc-182","status":"publish","type":"product","link":"https:\/\/rayt.com\/fr\/producto\/uzin-nc-182\/","title":{"rendered":"UZIN NC 182"},"content":{"rendered":"<p>ENDUIT DE RAGR\u00c9AGE \u00e0 base de ciment pour la r\u00e9paration de marches d\u2019escaliers, l\u2019\u00e9rosion des sols et des murs, creux, etc.<\/p>\n<h4>CARACT\u00c9RISTIQUES<\/h4>\n<p>Tr\u00e8s r\u00e9sistant. S\u00e9chage rapide.<br \/>\nM\u00e9lange : 3,25\/4 litres d\u2019eau par sac de 12,5 kg.<br \/>\nConsommation : 1,5 kg de poudre x m2 x mm d\u2019\u00e9paisseur. Usage en int\u00e9rieur.<br \/>\nTemps de travail : environ 25 minutes<br \/>\nTemps de s\u00e9chage pour pose : 1 heure<br \/>\n\u00c9paisseur : Sans limite par phase de travail.<br \/>\nCouleur : gris.<\/p>\n","protected":false},"excerpt":{"rendered":"<p>ENDUIT DE RAGR\u00c9AGE \u00e0 base de ciment pour la r\u00e9paration<\/p>\n","protected":false},"featured_media":1154,"comment_status":"open","ping_status":"closed","template":"","meta":{"_acf_changed":false},"product_cat":[320,317,329],"product_tag":[],"acf":[],"_links":{"self":[{"href":"https:\/\/rayt.com\/fr\/wp-json\/wp\/v2\/product\/1153"}],"collection":[{"href":"https:\/\/rayt.com\/fr\/wp-json\/wp\/v2\/product"}],"about":[{"href":"https:\/\/rayt.com\/fr\/wp-json\/wp\/v2\/types\/product"}],"replies":[{"embeddable":true,"href":"https:\/\/rayt.com\/fr\/wp-json\/wp\/v2\/comments?post=1153"}],"wp:featuredmedia":[{"embeddable":true,"href":"https:\/\/rayt.com\/fr\/wp-json\/wp\/v2\/media\/1154"}],"wp:attachment":[{"href":"https:\/\/rayt.com\/fr\/wp-json\/wp\/v2\/media?parent=1153"}],"wp:term":[{"taxonomy":"product_cat","embeddable":true,"href":"https:\/\/rayt.com\/fr\/wp-json\/wp\/v2\/product_cat?post=1153"},{"taxonomy":"product_tag","embeddable":true,"href":"https:\/\/rayt.com\/fr\/wp-json\/wp\/v2\/product_tag?post=1153"}],"curies":[{"name":"wp","href":"https:\/\/api.w.org\/{rel}","templated":true}]}}