{"id":1202,"date":"2020-11-16T09:05:49","date_gmt":"2020-11-20T10:47:49","guid":{"rendered":"http:\/\/rayt.com\/?post_type=product&#038;p=1202"},"modified":"2021-02-24T08:33:48","modified_gmt":"2021-02-24T08:33:48","slug":"blumecril-suelos-y-paredes-c-1346-a","status":"publish","type":"product","link":"https:\/\/rayt.com\/fr\/producto\/blumecril-suelos-y-paredes-c-1346-a\/","title":{"rendered":"Blumecril suelos y paredes C-1346-A"},"content":{"rendered":"<p>Appr\u00eat universel \u00e0 base de r\u00e9sines synth\u00e9tiques en dispersion aqueuse, pour renforcer le support et limiter l\u2019absorption de la surface, comme pont d\u2019union pour les couches d\u2019enduits de ragr\u00e9age, pour des surfaces en granite, c\u00e9ramique, b\u00e9ton, cr\u00e9pis en pl\u00e2tre, en panneaux de placopl\u00e2tre, anhydrite (sulfate de calcium), etc.<\/p>\n<h4>CARACT\u00c9RISTIQUES<\/h4>\n<p>Consommation : 100\/150 g\/m2.<br \/>\nPour sols et murs. (Int\u00e9rieur-ext\u00e9rieur)<br \/>\nOdeur : neutre.<br \/>\nApplication : rouleau en mousse.<br \/>\nDilution dans l\u2019eau : Supports non absorbants pr\u00eat \u00e0 l\u2019usage, absorbants 1:1, murs : 1:2,1:3.<br \/>\nS\u00e9chage : de 2 \u00e0 4 heures sur des surfaces absorbantes (anhydrite 12 heures), de 12 \u00e0 24 heures sur des surfaces non absorbantes.<br \/>\nIninflammable.<\/p>\n","protected":false},"excerpt":{"rendered":"<p>Appr\u00eat universel \u00e0 base de r\u00e9sines synth\u00e9tiques en dispersion aqueuse,<\/p>\n","protected":false},"featured_media":5309,"comment_status":"open","ping_status":"closed","template":"","meta":{"_acf_changed":false},"product_cat":[332,317,335],"product_tag":[],"acf":[],"_links":{"self":[{"href":"https:\/\/rayt.com\/fr\/wp-json\/wp\/v2\/product\/1202"}],"collection":[{"href":"https:\/\/rayt.com\/fr\/wp-json\/wp\/v2\/product"}],"about":[{"href":"https:\/\/rayt.com\/fr\/wp-json\/wp\/v2\/types\/product"}],"replies":[{"embeddable":true,"href":"https:\/\/rayt.com\/fr\/wp-json\/wp\/v2\/comments?post=1202"}],"wp:featuredmedia":[{"embeddable":true,"href":"https:\/\/rayt.com\/fr\/wp-json\/wp\/v2\/media\/5309"}],"wp:attachment":[{"href":"https:\/\/rayt.com\/fr\/wp-json\/wp\/v2\/media?parent=1202"}],"wp:term":[{"taxonomy":"product_cat","embeddable":true,"href":"https:\/\/rayt.com\/fr\/wp-json\/wp\/v2\/product_cat?post=1202"},{"taxonomy":"product_tag","embeddable":true,"href":"https:\/\/rayt.com\/fr\/wp-json\/wp\/v2\/product_tag?post=1202"}],"curies":[{"name":"wp","href":"https:\/\/api.w.org\/{rel}","templated":true}]}}