{"id":1204,"date":"2020-11-16T08:24:51","date_gmt":"2020-11-20T10:51:14","guid":{"rendered":"http:\/\/rayt.com\/?post_type=product&#038;p=1204"},"modified":"2020-11-20T12:02:26","modified_gmt":"2020-11-20T12:02:26","slug":"uzin-pe-360-plus","status":"publish","type":"product","link":"https:\/\/rayt.com\/fr\/producto\/uzin-pe-360-plus\/","title":{"rendered":"UZIN PE 360 plus"},"content":{"rendered":"<p>Appr\u00eat de r\u00e9sines en base aqueuse, sans solvants.<br \/>\nPour des surfaces absorbantes, comme pont d\u2019union pour les couches d\u2019enduits de ragr\u00e9age, pour des surfaces en b\u00e9ton, cr\u00e9pis en pl\u00e2tre, en panneaux de placopl\u00e2tre, anhydrite (sulfate de calcium), etc. Chauffage radiant \u00e0 l\u2019eau.<\/p>\n<h4>CARACT\u00c9RISTIQUES<\/h4>\n<p>Consommation : 80 &#8211; 150 g\/m2<br \/>\nS\u00e9chage : rapide (30-60 minutes)<br \/>\nApplication : rouleau en nylon ou en mousse.<br \/>\nEmicode : EC 1 PLUS<br \/>\nProduit non standard, fourni sur demande. D\u00e9lai estim\u00e9 15 jours.<\/p>\n","protected":false},"excerpt":{"rendered":"<p>Appr\u00eat de r\u00e9sines en base aqueuse, sans solvants. Pour des<\/p>\n","protected":false},"featured_media":1162,"comment_status":"open","ping_status":"closed","template":"","meta":{"_acf_changed":false},"product_cat":[332,317,335],"product_tag":[],"acf":[],"_links":{"self":[{"href":"https:\/\/rayt.com\/fr\/wp-json\/wp\/v2\/product\/1204"}],"collection":[{"href":"https:\/\/rayt.com\/fr\/wp-json\/wp\/v2\/product"}],"about":[{"href":"https:\/\/rayt.com\/fr\/wp-json\/wp\/v2\/types\/product"}],"replies":[{"embeddable":true,"href":"https:\/\/rayt.com\/fr\/wp-json\/wp\/v2\/comments?post=1204"}],"wp:featuredmedia":[{"embeddable":true,"href":"https:\/\/rayt.com\/fr\/wp-json\/wp\/v2\/media\/1162"}],"wp:attachment":[{"href":"https:\/\/rayt.com\/fr\/wp-json\/wp\/v2\/media?parent=1204"}],"wp:term":[{"taxonomy":"product_cat","embeddable":true,"href":"https:\/\/rayt.com\/fr\/wp-json\/wp\/v2\/product_cat?post=1204"},{"taxonomy":"product_tag","embeddable":true,"href":"https:\/\/rayt.com\/fr\/wp-json\/wp\/v2\/product_tag?post=1204"}],"curies":[{"name":"wp","href":"https:\/\/api.w.org\/{rel}","templated":true}]}}