{"id":1208,"date":"2020-11-13T11:54:07","date_gmt":"2020-11-20T10:57:53","guid":{"rendered":"http:\/\/rayt.com\/?post_type=product&#038;p=1208"},"modified":"2020-11-20T12:04:28","modified_gmt":"2020-11-20T12:04:28","slug":"uzin-pe-260","status":"publish","type":"product","link":"https:\/\/rayt.com\/fr\/producto\/uzin-pe-260\/","title":{"rendered":"UZIN PE 260"},"content":{"rendered":"<p>Appr\u00eat en caoutchouc synth\u00e9tique \u00e0 base aqueuse.<br \/>\nPour surfaces absorbantes ou non, bois, vieille peinture, rev\u00eatements \u00e9poxy, restes de colle, c\u00e9ramique, etc. (int\u00e9rieur).<\/p>\n<h4>CARACT\u00c9RISTIQUES<\/h4>\n<p>Consommation : 100 &#8211; 150 g\/m2, produit sans solvant.<br \/>\nS\u00e9chage : sur supports absorbants et non absorbants : 1 heure.<br \/>\nApplication : spatule lisse et \u00e9lastique ou rouleau en mousse. Emicode : EC 1 PLUS<br \/>\nProduit non standard, fourni sur demande. D\u00e9lai estim\u00e9 15 jours.<\/p>\n","protected":false},"excerpt":{"rendered":"<p>Appr\u00eat en caoutchouc synth\u00e9tique \u00e0 base aqueuse. Pour surfaces absorbantes<\/p>\n","protected":false},"featured_media":1209,"comment_status":"open","ping_status":"closed","template":"","meta":{"_acf_changed":false},"product_cat":[332,317,335],"product_tag":[],"acf":[],"_links":{"self":[{"href":"https:\/\/rayt.com\/fr\/wp-json\/wp\/v2\/product\/1208"}],"collection":[{"href":"https:\/\/rayt.com\/fr\/wp-json\/wp\/v2\/product"}],"about":[{"href":"https:\/\/rayt.com\/fr\/wp-json\/wp\/v2\/types\/product"}],"replies":[{"embeddable":true,"href":"https:\/\/rayt.com\/fr\/wp-json\/wp\/v2\/comments?post=1208"}],"wp:featuredmedia":[{"embeddable":true,"href":"https:\/\/rayt.com\/fr\/wp-json\/wp\/v2\/media\/1209"}],"wp:attachment":[{"href":"https:\/\/rayt.com\/fr\/wp-json\/wp\/v2\/media?parent=1208"}],"wp:term":[{"taxonomy":"product_cat","embeddable":true,"href":"https:\/\/rayt.com\/fr\/wp-json\/wp\/v2\/product_cat?post=1208"},{"taxonomy":"product_tag","embeddable":true,"href":"https:\/\/rayt.com\/fr\/wp-json\/wp\/v2\/product_tag?post=1208"}],"curies":[{"name":"wp","href":"https:\/\/api.w.org\/{rel}","templated":true}]}}