{"id":1211,"date":"2020-11-13T11:43:21","date_gmt":"2020-11-20T11:01:06","guid":{"rendered":"http:\/\/rayt.com\/?post_type=product&#038;p=1211"},"modified":"2021-02-08T12:22:46","modified_gmt":"2021-02-08T12:22:46","slug":"uzin-pe-470-ab","status":"publish","type":"product","link":"https:\/\/rayt.com\/fr\/producto\/uzin-pe-470-ab\/","title":{"rendered":"UZIN PE 470 (A+B)"},"content":{"rendered":"<p>Appr\u00eat \u00e0 base de r\u00e9sine \u00e9poxy bi-composants, sans solvant, sans eau, tr\u00e8s fluide, pour compacter et imperm\u00e9abiliser des bases min\u00e9rales avant la pose d\u2019un enduit de ragr\u00e9age ou du rev\u00eatement de sol.<br \/>\nConvient \u00e0 la fois pour les chapes d\u2019int\u00e9rieur et d\u2019ext\u00e9rieur.<br \/>\nRenforcement ou r\u00e9novation de zones de chapes instables ou molles (b\u00e9ton, anhydrite, magn\u00e9sie, sulfate de calcium).<\/p>\n<h4>CARACT\u00c9RISTIQUES<\/h4>\n<p>Consommation : 200 &#8211; 800 g\/m2 par couche, en fonction des objectifs (renforcer, imperm\u00e9abiliser, etc.).<br \/>\nApplication : rouleau. Spatule dent\u00e9e B2 ou C1. Utiliser un m\u00e9langeur m\u00e9canique.<br \/>\nPour niveler avec un enduit, sabler ou poser un appr\u00eat avec PE 280.<\/p>\n","protected":false},"excerpt":{"rendered":"<p>Appr\u00eat \u00e0 base de r\u00e9sine \u00e9poxy bi-composants, sans solvant, sans<\/p>\n","protected":false},"featured_media":1180,"comment_status":"open","ping_status":"closed","template":"","meta":{"_acf_changed":false},"product_cat":[332,338,317],"product_tag":[],"acf":[],"_links":{"self":[{"href":"https:\/\/rayt.com\/fr\/wp-json\/wp\/v2\/product\/1211"}],"collection":[{"href":"https:\/\/rayt.com\/fr\/wp-json\/wp\/v2\/product"}],"about":[{"href":"https:\/\/rayt.com\/fr\/wp-json\/wp\/v2\/types\/product"}],"replies":[{"embeddable":true,"href":"https:\/\/rayt.com\/fr\/wp-json\/wp\/v2\/comments?post=1211"}],"wp:featuredmedia":[{"embeddable":true,"href":"https:\/\/rayt.com\/fr\/wp-json\/wp\/v2\/media\/1180"}],"wp:attachment":[{"href":"https:\/\/rayt.com\/fr\/wp-json\/wp\/v2\/media?parent=1211"}],"wp:term":[{"taxonomy":"product_cat","embeddable":true,"href":"https:\/\/rayt.com\/fr\/wp-json\/wp\/v2\/product_cat?post=1211"},{"taxonomy":"product_tag","embeddable":true,"href":"https:\/\/rayt.com\/fr\/wp-json\/wp\/v2\/product_tag?post=1211"}],"curies":[{"name":"wp","href":"https:\/\/api.w.org\/{rel}","templated":true}]}}