{"id":1213,"date":"2020-11-13T11:36:10","date_gmt":"2020-11-20T11:04:00","guid":{"rendered":"http:\/\/rayt.com\/?post_type=product&#038;p=1213"},"modified":"2021-02-08T12:24:02","modified_gmt":"2021-02-08T12:24:02","slug":"uzin-pe-630","status":"publish","type":"product","link":"https:\/\/rayt.com\/fr\/producto\/uzin-pe-630\/","title":{"rendered":"UZIN PE 630"},"content":{"rendered":"<p>Appr\u00eat bi-composants en dispersion \/ ciment, p\u00e2teux et \u00e0 s\u00e9chage tr\u00e8s rapide pour les chapes en r\u00e9novation. Gr\u00e2ce \u00e0 sa qualit\u00e9 \u00ab\u00a0semi-flexible\u00a0\u00bb, cet appr\u00eat accompagne parfaitement les mouvements de la chape.<br \/>\nConvient pour planchers en bois, qu\u2019ils soient massifs, OSB, en agglom\u00e9r\u00e9 ou en parquet, en c\u00e9ramique, avec des peintures r\u00e9sistantes \u00e0 l\u2019humidit\u00e9, \u00e0 la pierre naturelle.<br \/>\nAppliquer avant la pose d\u2019un enduit de ragr\u00e9age.<\/p>\n<h4>CARACT\u00c9RISTIQUES<\/h4>\n<p>Usage en int\u00e9rieur.<br \/>\nProduit non standard, fourni sur demande. D\u00e9lai estim\u00e9 15 jours.<br \/>\nConsommation : 100 &#8211; 600 g\/m2<br \/>\nApplication : Spatule plate, sans dents.<\/p>\n","protected":false},"excerpt":{"rendered":"<p>Appr\u00eat bi-composants en dispersion \/ ciment, p\u00e2teux et \u00e0 s\u00e9chage<\/p>\n","protected":false},"featured_media":1214,"comment_status":"open","ping_status":"closed","template":"","meta":{"_acf_changed":false},"product_cat":[332,317,341],"product_tag":[],"acf":[],"_links":{"self":[{"href":"https:\/\/rayt.com\/fr\/wp-json\/wp\/v2\/product\/1213"}],"collection":[{"href":"https:\/\/rayt.com\/fr\/wp-json\/wp\/v2\/product"}],"about":[{"href":"https:\/\/rayt.com\/fr\/wp-json\/wp\/v2\/types\/product"}],"replies":[{"embeddable":true,"href":"https:\/\/rayt.com\/fr\/wp-json\/wp\/v2\/comments?post=1213"}],"wp:featuredmedia":[{"embeddable":true,"href":"https:\/\/rayt.com\/fr\/wp-json\/wp\/v2\/media\/1214"}],"wp:attachment":[{"href":"https:\/\/rayt.com\/fr\/wp-json\/wp\/v2\/media?parent=1213"}],"wp:term":[{"taxonomy":"product_cat","embeddable":true,"href":"https:\/\/rayt.com\/fr\/wp-json\/wp\/v2\/product_cat?post=1213"},{"taxonomy":"product_tag","embeddable":true,"href":"https:\/\/rayt.com\/fr\/wp-json\/wp\/v2\/product_tag?post=1213"}],"curies":[{"name":"wp","href":"https:\/\/api.w.org\/{rel}","templated":true}]}}