{"id":1217,"date":"2020-11-13T11:28:36","date_gmt":"2020-11-20T11:16:12","guid":{"rendered":"http:\/\/rayt.com\/?post_type=product&#038;p=1217"},"modified":"2020-11-20T12:07:09","modified_gmt":"2020-11-20T12:07:09","slug":"nc-133-p3","status":"publish","type":"product","link":"https:\/\/rayt.com\/fr\/producto\/nc-133-p3\/","title":{"rendered":"NC 133 P3"},"content":{"rendered":"<p>ENDUIT DE RAGR\u00c9AGE. Mortier en poudre enrichi de ciments rapides sp\u00e9ciaux, d\u2019agr\u00e9gats min\u00e9raux, d\u2019agents fluidifiants et d\u2019additifs<br \/>\nEn le m\u00e9langeant \u00e0 l\u2019eau, on obtient un enduit de ragr\u00e9age \u00e0 prise hydraulique rapide. Convient pour sols soumis \u00e0 des exigences moyennes, dans le domaine de la construction neuve et de la restauration professionnelle et r\u00e9sidentielle.<br \/>\nPour sols l\u00e9gers. Classification P-3 norme fran\u00e7aise.<\/p>\n<h4>CARACT\u00c9RISTIQUES<\/h4>\n<p>Couleur : ros\u00e9.<br \/>\nM\u00e9lange : 6 litres d\u2019eau par sac de 25 kg.<br \/>\nConsommation : 1,5 kg de poudre x m2 x mm d\u2019\u00e9paisseur.<br \/>\n\u00c9paisseur : de 3 \u00e0 10 mm maximum.<br \/>\nPraticable : Apr\u00e8s 4 h. Pr\u00eat pour l\u2019installation : 24-48 heures pour textiles et PVC. De 3 \u00e0 5 jours parquet<br \/>\nConforme \u00e0 la norme : DIN EN 13 813 CE-C16-F4 Emicode EC1R PLUS.<\/p>\n","protected":false},"excerpt":{"rendered":"<p>ENDUIT DE RAGR\u00c9AGE. Mortier en poudre enrichi de ciments rapides<\/p>\n","protected":false},"featured_media":0,"comment_status":"open","ping_status":"closed","template":"","meta":{"_acf_changed":false},"product_cat":[344,317],"product_tag":[],"acf":[],"_links":{"self":[{"href":"https:\/\/rayt.com\/fr\/wp-json\/wp\/v2\/product\/1217"}],"collection":[{"href":"https:\/\/rayt.com\/fr\/wp-json\/wp\/v2\/product"}],"about":[{"href":"https:\/\/rayt.com\/fr\/wp-json\/wp\/v2\/types\/product"}],"replies":[{"embeddable":true,"href":"https:\/\/rayt.com\/fr\/wp-json\/wp\/v2\/comments?post=1217"}],"wp:attachment":[{"href":"https:\/\/rayt.com\/fr\/wp-json\/wp\/v2\/media?parent=1217"}],"wp:term":[{"taxonomy":"product_cat","embeddable":true,"href":"https:\/\/rayt.com\/fr\/wp-json\/wp\/v2\/product_cat?post=1217"},{"taxonomy":"product_tag","embeddable":true,"href":"https:\/\/rayt.com\/fr\/wp-json\/wp\/v2\/product_tag?post=1217"}],"curies":[{"name":"wp","href":"https:\/\/api.w.org\/{rel}","templated":true}]}}