{"id":1245,"date":"2020-11-13T10:48:20","date_gmt":"2020-11-23T09:36:09","guid":{"rendered":"http:\/\/rayt.com\/?post_type=product&#038;p=1245"},"modified":"2020-11-23T09:36:09","modified_gmt":"2020-11-23T09:36:09","slug":"uzin-ke-2000-s","status":"publish","type":"product","link":"https:\/\/rayt.com\/fr\/producto\/uzin-ke-2000-s\/","title":{"rendered":"UZIN KE 2000 S"},"content":{"rendered":"<p>Adh\u00e9sif polyvalent \u00e0 une face, \u00e0 base de r\u00e9sines synth\u00e9tiques sans solvant.<br \/>\nAutocollant possible. Long temps de travail. Pose possible sur feuille anti-humidit\u00e9.<br \/>\nPour PVC de tous types, mur et sol.<br \/>\nPour sols en caoutchouc\/gomme jusqu\u2019\u00e0 4 mm d\u2019\u00e9paisseur, moquette support synth\u00e9tique. Sur bases absorbantes ou non.<\/p>\n<h4>CARACT\u00c9RISTIQUES<\/h4>\n<p>Consommation \/ application : PVC, caoutchouc et linol\u00e9um : 250 &#8211; 320 g\/m2 spatule A2. Sur feuille anti-humidit\u00e9 : 180 &#8211; 200 g\/m2 spatule A-5. Moquette : 320 &#8211; 380 g\/m2 spatule B1.<\/p>\n","protected":false},"excerpt":{"rendered":"<p>Adh\u00e9sif polyvalent \u00e0 une face, \u00e0 base de r\u00e9sines synth\u00e9tiques<\/p>\n","protected":false},"featured_media":1242,"comment_status":"open","ping_status":"closed","template":"","meta":{"_acf_changed":false},"product_cat":[347,317,350],"product_tag":[],"acf":[],"_links":{"self":[{"href":"https:\/\/rayt.com\/fr\/wp-json\/wp\/v2\/product\/1245"}],"collection":[{"href":"https:\/\/rayt.com\/fr\/wp-json\/wp\/v2\/product"}],"about":[{"href":"https:\/\/rayt.com\/fr\/wp-json\/wp\/v2\/types\/product"}],"replies":[{"embeddable":true,"href":"https:\/\/rayt.com\/fr\/wp-json\/wp\/v2\/comments?post=1245"}],"wp:featuredmedia":[{"embeddable":true,"href":"https:\/\/rayt.com\/fr\/wp-json\/wp\/v2\/media\/1242"}],"wp:attachment":[{"href":"https:\/\/rayt.com\/fr\/wp-json\/wp\/v2\/media?parent=1245"}],"wp:term":[{"taxonomy":"product_cat","embeddable":true,"href":"https:\/\/rayt.com\/fr\/wp-json\/wp\/v2\/product_cat?post=1245"},{"taxonomy":"product_tag","embeddable":true,"href":"https:\/\/rayt.com\/fr\/wp-json\/wp\/v2\/product_tag?post=1245"}],"curies":[{"name":"wp","href":"https:\/\/api.w.org\/{rel}","templated":true}]}}