{"id":1257,"date":"2020-11-13T10:39:06","date_gmt":"2020-11-23T09:48:46","guid":{"rendered":"http:\/\/rayt.com\/?post_type=product&#038;p=1257"},"modified":"2020-11-23T09:48:46","modified_gmt":"2020-11-23T09:48:46","slug":"uzin-le-43","status":"publish","type":"product","link":"https:\/\/rayt.com\/fr\/producto\/uzin-le-43\/","title":{"rendered":"UZIN LE 43"},"content":{"rendered":"<p>Adh\u00e9sif en dispersion aqueuse sans solvant sp\u00e9cialement con\u00e7u pour la pose de linol\u00e9um en rouleau et en carreaux de jusqu\u2019\u00e0 4 mm.<br \/>\nSur bases absorbantes. Usage en int\u00e9rieur.<br \/>\nExcellent pouvoir de fixation initial, odeur discr\u00e8te, r\u00e9sistant au chauffage radiant \u00e0 l\u2019eau.<\/p>\n<h4>CARACT\u00c9RISTIQUES<\/h4>\n<p>Consommation : 350-400 g\/m2<br \/>\nApplication : spatule dent\u00e9e B-1.<br \/>\nTemp\u00e9rature de travail : au moins 15 \u00baC dans le sol.<\/p>\n<p>&nbsp;<\/p>\n<p>&nbsp;<\/p>\n","protected":false},"excerpt":{"rendered":"<p>Adh\u00e9sif en dispersion aqueuse sans solvant sp\u00e9cialement con\u00e7u pour la<\/p>\n","protected":false},"featured_media":1258,"comment_status":"open","ping_status":"closed","template":"","meta":{"_acf_changed":false},"product_cat":[347,353,317],"product_tag":[],"acf":[],"_links":{"self":[{"href":"https:\/\/rayt.com\/fr\/wp-json\/wp\/v2\/product\/1257"}],"collection":[{"href":"https:\/\/rayt.com\/fr\/wp-json\/wp\/v2\/product"}],"about":[{"href":"https:\/\/rayt.com\/fr\/wp-json\/wp\/v2\/types\/product"}],"replies":[{"embeddable":true,"href":"https:\/\/rayt.com\/fr\/wp-json\/wp\/v2\/comments?post=1257"}],"wp:featuredmedia":[{"embeddable":true,"href":"https:\/\/rayt.com\/fr\/wp-json\/wp\/v2\/media\/1258"}],"wp:attachment":[{"href":"https:\/\/rayt.com\/fr\/wp-json\/wp\/v2\/media?parent=1257"}],"wp:term":[{"taxonomy":"product_cat","embeddable":true,"href":"https:\/\/rayt.com\/fr\/wp-json\/wp\/v2\/product_cat?post=1257"},{"taxonomy":"product_tag","embeddable":true,"href":"https:\/\/rayt.com\/fr\/wp-json\/wp\/v2\/product_tag?post=1257"}],"curies":[{"name":"wp","href":"https:\/\/api.w.org\/{rel}","templated":true}]}}