{"id":1268,"date":"2020-11-13T10:29:02","date_gmt":"2020-11-23T09:59:01","guid":{"rendered":"http:\/\/rayt.com\/?post_type=product&#038;p=1268"},"modified":"2021-02-08T12:25:11","modified_gmt":"2021-02-08T12:25:11","slug":"uzin-uz-57","status":"publish","type":"product","link":"https:\/\/rayt.com\/fr\/producto\/uzin-uz-57\/","title":{"rendered":"UZIN UZ 57"},"content":{"rendered":"<p>Adh\u00e9sif \u00e0 base de r\u00e9sines en dispersion aqueuse sans solvant, \u00e0 tr\u00e8s faible \u00e9mission.<br \/>\nAdapt\u00e9 pour pratiquement tous les rev\u00eatements textiles.<br \/>\nBon pouvoir de fixation initial et grande r\u00e9sistance finale.<\/p>\n<h4>CARACT\u00c9RISTIQUES<\/h4>\n<p>Usage en int\u00e9rieur.<br \/>\nProduit non standard, fourni sur demande. D\u00e9lai estim\u00e9 15 jours.<br \/>\nConsommation : 300 \u2013 550 g\/m2.<br \/>\nApplication : spatule dent\u00e9e A2 (300-350), B1 (350-450) B2 (500-550).<\/p>\n","protected":false},"excerpt":{"rendered":"<p>Adh\u00e9sif \u00e0 base de r\u00e9sines en dispersion aqueuse sans solvant,<\/p>\n","protected":false},"featured_media":1262,"comment_status":"open","ping_status":"closed","template":"","meta":{"_acf_changed":false},"product_cat":[347,356,317],"product_tag":[],"acf":[],"_links":{"self":[{"href":"https:\/\/rayt.com\/fr\/wp-json\/wp\/v2\/product\/1268"}],"collection":[{"href":"https:\/\/rayt.com\/fr\/wp-json\/wp\/v2\/product"}],"about":[{"href":"https:\/\/rayt.com\/fr\/wp-json\/wp\/v2\/types\/product"}],"replies":[{"embeddable":true,"href":"https:\/\/rayt.com\/fr\/wp-json\/wp\/v2\/comments?post=1268"}],"wp:featuredmedia":[{"embeddable":true,"href":"https:\/\/rayt.com\/fr\/wp-json\/wp\/v2\/media\/1262"}],"wp:attachment":[{"href":"https:\/\/rayt.com\/fr\/wp-json\/wp\/v2\/media?parent=1268"}],"wp:term":[{"taxonomy":"product_cat","embeddable":true,"href":"https:\/\/rayt.com\/fr\/wp-json\/wp\/v2\/product_cat?post=1268"},{"taxonomy":"product_tag","embeddable":true,"href":"https:\/\/rayt.com\/fr\/wp-json\/wp\/v2\/product_tag?post=1268"}],"curies":[{"name":"wp","href":"https:\/\/api.w.org\/{rel}","templated":true}]}}