{"id":1279,"date":"2020-11-13T10:24:18","date_gmt":"2020-11-23T10:09:34","guid":{"rendered":"http:\/\/rayt.com\/?post_type=product&#038;p=1279"},"modified":"2020-11-23T10:09:34","modified_gmt":"2020-11-23T10:09:34","slug":"uzin-ke-2000-sl-conductor","status":"publish","type":"product","link":"https:\/\/rayt.com\/fr\/producto\/uzin-ke-2000-sl-conductor\/","title":{"rendered":"UZIN KE 2000 SL CONDUCTOR"},"content":{"rendered":"<p>Adh\u00e9sif sans solvant \u00e0 base de fibres de carbone pour la pose de rev\u00eatements de sol homog\u00e8nes en PVC et en caoutchouc conducteur, de moquettes conductrices et de linol\u00e9um conducteur jusqu\u2019\u00e0 4 mm.<br \/>\nUnilat\u00e9ral. Sur sols absorbants ou non, et chauffage radiant (eau).<\/p>\n<h4>CARACT\u00c9RISTIQUES<\/h4>\n<p>Consommation : 250-600 g\/m2.<br \/>\nCouleur : gris fonc\u00e9.<br \/>\nApplication : spatule dent\u00e9e 23\/80 pour PVC et caoutchouc. 23 TL pour moquette et linol\u00e9um.<\/p>\n","protected":false},"excerpt":{"rendered":"<p>Adh\u00e9sif sans solvant \u00e0 base de fibres de carbone pour<\/p>\n","protected":false},"featured_media":1274,"comment_status":"open","ping_status":"closed","template":"","meta":{"_acf_changed":false},"product_cat":[347,359,317],"product_tag":[],"acf":[],"_links":{"self":[{"href":"https:\/\/rayt.com\/fr\/wp-json\/wp\/v2\/product\/1279"}],"collection":[{"href":"https:\/\/rayt.com\/fr\/wp-json\/wp\/v2\/product"}],"about":[{"href":"https:\/\/rayt.com\/fr\/wp-json\/wp\/v2\/types\/product"}],"replies":[{"embeddable":true,"href":"https:\/\/rayt.com\/fr\/wp-json\/wp\/v2\/comments?post=1279"}],"wp:featuredmedia":[{"embeddable":true,"href":"https:\/\/rayt.com\/fr\/wp-json\/wp\/v2\/media\/1274"}],"wp:attachment":[{"href":"https:\/\/rayt.com\/fr\/wp-json\/wp\/v2\/media?parent=1279"}],"wp:term":[{"taxonomy":"product_cat","embeddable":true,"href":"https:\/\/rayt.com\/fr\/wp-json\/wp\/v2\/product_cat?post=1279"},{"taxonomy":"product_tag","embeddable":true,"href":"https:\/\/rayt.com\/fr\/wp-json\/wp\/v2\/product_tag?post=1279"}],"curies":[{"name":"wp","href":"https:\/\/api.w.org\/{rel}","templated":true}]}}