{"id":1299,"date":"2020-11-13T09:53:22","date_gmt":"2020-11-23T10:29:46","guid":{"rendered":"http:\/\/rayt.com\/?post_type=product&#038;p=1299"},"modified":"2020-11-23T10:29:46","modified_gmt":"2020-11-23T10:29:46","slug":"uzin-kr-421-l","status":"publish","type":"product","link":"https:\/\/rayt.com\/fr\/producto\/uzin-kr-421-l\/","title":{"rendered":"UZIN KR 421 L"},"content":{"rendered":"<p>Adh\u00e9sif \u00e9poxy bi-composants pour la pose de sols conducteurs en caoutchouc, PVC et linol\u00e9um.<\/p>\n<h4>CARACT\u00c9RISTIQUES<\/h4>\n<p>Usage en int\u00e9rieur et ext\u00e9rieur.<br \/>\nProduit non standard, fourni sur demande. D\u00e9lai estim\u00e9 15 jours.<br \/>\nUnilat\u00e9ral. Sur sols absorbants et non absorbants.<br \/>\nConsommation : 200-600 g\/m2.<br \/>\nCouleur : noir.<br \/>\nApplication : Spatules dent\u00e9es A2,A5 sols lisses B1, B2 sols rugueux.<\/p>\n","protected":false},"excerpt":{"rendered":"<p>Adh\u00e9sif \u00e9poxy bi-composants pour la pose de sols conducteurs en<\/p>\n","protected":false},"featured_media":1295,"comment_status":"open","ping_status":"closed","template":"","meta":{"_acf_changed":false},"product_cat":[347,359,317],"product_tag":[],"acf":[],"_links":{"self":[{"href":"https:\/\/rayt.com\/fr\/wp-json\/wp\/v2\/product\/1299"}],"collection":[{"href":"https:\/\/rayt.com\/fr\/wp-json\/wp\/v2\/product"}],"about":[{"href":"https:\/\/rayt.com\/fr\/wp-json\/wp\/v2\/types\/product"}],"replies":[{"embeddable":true,"href":"https:\/\/rayt.com\/fr\/wp-json\/wp\/v2\/comments?post=1299"}],"wp:featuredmedia":[{"embeddable":true,"href":"https:\/\/rayt.com\/fr\/wp-json\/wp\/v2\/media\/1295"}],"wp:attachment":[{"href":"https:\/\/rayt.com\/fr\/wp-json\/wp\/v2\/media?parent=1299"}],"wp:term":[{"taxonomy":"product_cat","embeddable":true,"href":"https:\/\/rayt.com\/fr\/wp-json\/wp\/v2\/product_cat?post=1299"},{"taxonomy":"product_tag","embeddable":true,"href":"https:\/\/rayt.com\/fr\/wp-json\/wp\/v2\/product_tag?post=1299"}],"curies":[{"name":"wp","href":"https:\/\/api.w.org\/{rel}","templated":true}]}}