{"id":1309,"date":"2020-11-13T09:09:26","date_gmt":"2020-11-23T10:55:35","guid":{"rendered":"http:\/\/rayt.com\/?post_type=product&#038;p=1309"},"modified":"2020-11-23T10:55:35","modified_gmt":"2020-11-23T10:55:35","slug":"uzin-kr-430-ab","status":"publish","type":"product","link":"https:\/\/rayt.com\/fr\/producto\/uzin-kr-430-ab\/","title":{"rendered":"UZIN KR 430 (A+B)"},"content":{"rendered":"<p>Adh\u00e9sif en polyur\u00e9thane bi-composants pour la pose de rev\u00eatements de sol en gomme\/caoutchouc par carreaux de 10 mm, en PVC et LVT, et par carreaux de linol\u00e9um jusqu\u2019\u00e0 4 mm. Sur bases absorbantes ou non.<\/p>\n<h4>CARACT\u00c9RISTIQUES<\/h4>\n<p>Usage en int\u00e9rieur et ext\u00e9rieur.<br \/>\nProduit non standard, fourni sur demande. D\u00e9lai estim\u00e9 15 jours.<br \/>\nTemps de vie du m\u00e9lange : 20 \u2013 30 min.<br \/>\nTemps de travail : environ 40 min.<br \/>\nTemp\u00e9rature minimale : 15 \u00baC<br \/>\nConsommation : 250-600 g\/m2. Face arri\u00e8re lisse ou l\u00e9g\u00e8rement rugueuse.<br \/>\nApplication : spatule dent\u00e9e A2, A5, B1, B2.<\/p>\n<p>&nbsp;<\/p>\n","protected":false},"excerpt":{"rendered":"<p>Adh\u00e9sif en polyur\u00e9thane bi-composants pour la pose de rev\u00eatements de<\/p>\n","protected":false},"featured_media":1305,"comment_status":"open","ping_status":"closed","template":"","meta":{"_acf_changed":false},"product_cat":[371,317],"product_tag":[],"acf":[],"_links":{"self":[{"href":"https:\/\/rayt.com\/fr\/wp-json\/wp\/v2\/product\/1309"}],"collection":[{"href":"https:\/\/rayt.com\/fr\/wp-json\/wp\/v2\/product"}],"about":[{"href":"https:\/\/rayt.com\/fr\/wp-json\/wp\/v2\/types\/product"}],"replies":[{"embeddable":true,"href":"https:\/\/rayt.com\/fr\/wp-json\/wp\/v2\/comments?post=1309"}],"wp:featuredmedia":[{"embeddable":true,"href":"https:\/\/rayt.com\/fr\/wp-json\/wp\/v2\/media\/1305"}],"wp:attachment":[{"href":"https:\/\/rayt.com\/fr\/wp-json\/wp\/v2\/media?parent=1309"}],"wp:term":[{"taxonomy":"product_cat","embeddable":true,"href":"https:\/\/rayt.com\/fr\/wp-json\/wp\/v2\/product_cat?post=1309"},{"taxonomy":"product_tag","embeddable":true,"href":"https:\/\/rayt.com\/fr\/wp-json\/wp\/v2\/product_tag?post=1309"}],"curies":[{"name":"wp","href":"https:\/\/api.w.org\/{rel}","templated":true}]}}