{"id":1319,"date":"2020-11-13T08:34:33","date_gmt":"2020-11-23T11:22:50","guid":{"rendered":"http:\/\/rayt.com\/?post_type=product&#038;p=1319"},"modified":"2020-11-23T11:22:50","modified_gmt":"2020-11-23T11:22:50","slug":"uzin-ke-66","status":"publish","type":"product","link":"https:\/\/rayt.com\/fr\/producto\/uzin-ke-66\/","title":{"rendered":"UZIN KE 66"},"content":{"rendered":"<p>Adh\u00e9sif en dispersion renforc\u00e9 de fibres, sans solvant, avec un temps d\u2019a\u00e9ration tr\u00e8s court.<br \/>\nExcellente adh\u00e9rence initiale. Tr\u00e8s r\u00e9sistant au cisaillement. Pour la pose de rev\u00eatements de sols en PVC, LVT, caoutchouc (4 mm) en rouleaux et carreaux.<\/p>\n<h4>CARACT\u00c9RISTIQUES<\/h4>\n<p>Usage en int\u00e9rieur.<br \/>\nProduit non standard, fourni sur demande. D\u00e9lai estim\u00e9 15 jours.<br \/>\nConsommation : 240-280 g\/m2.<br \/>\nApplication : Spatule dent\u00e9e A1 (240), A2 (280).<\/p>\n","protected":false},"excerpt":{"rendered":"<p>Adh\u00e9sif en dispersion renforc\u00e9 de fibres, sans solvant, avec un<\/p>\n","protected":false},"featured_media":1314,"comment_status":"open","ping_status":"closed","template":"","meta":{"_acf_changed":false},"product_cat":[383,386,317],"product_tag":[],"acf":[],"_links":{"self":[{"href":"https:\/\/rayt.com\/fr\/wp-json\/wp\/v2\/product\/1319"}],"collection":[{"href":"https:\/\/rayt.com\/fr\/wp-json\/wp\/v2\/product"}],"about":[{"href":"https:\/\/rayt.com\/fr\/wp-json\/wp\/v2\/types\/product"}],"replies":[{"embeddable":true,"href":"https:\/\/rayt.com\/fr\/wp-json\/wp\/v2\/comments?post=1319"}],"wp:featuredmedia":[{"embeddable":true,"href":"https:\/\/rayt.com\/fr\/wp-json\/wp\/v2\/media\/1314"}],"wp:attachment":[{"href":"https:\/\/rayt.com\/fr\/wp-json\/wp\/v2\/media?parent=1319"}],"wp:term":[{"taxonomy":"product_cat","embeddable":true,"href":"https:\/\/rayt.com\/fr\/wp-json\/wp\/v2\/product_cat?post=1319"},{"taxonomy":"product_tag","embeddable":true,"href":"https:\/\/rayt.com\/fr\/wp-json\/wp\/v2\/product_tag?post=1319"}],"curies":[{"name":"wp","href":"https:\/\/api.w.org\/{rel}","templated":true}]}}