{"id":1330,"date":"2020-11-13T08:31:21","date_gmt":"2020-11-23T11:33:27","guid":{"rendered":"http:\/\/rayt.com\/?post_type=product&#038;p=1330"},"modified":"2020-11-25T09:07:28","modified_gmt":"2020-11-25T09:07:28","slug":"uzin-ke-62","status":"publish","type":"product","link":"https:\/\/rayt.com\/fr\/producto\/uzin-ke-62\/","title":{"rendered":"UZIN KE 62"},"content":{"rendered":"<p>Adh\u00e9sif en dispersion renforc\u00e9 de fibres, sans solvant, avec une excellente adh\u00e9rence initiale. Pour la pose de rev\u00eatements de sols en PVC, (LVT en feuilles et carreaux).<\/p>\n<h4>CARACT\u00c9RISTIQUES<\/h4>\n<p>Usage int\u00e9rieur.<br \/>\nProduit non standard, fourni sur demande. D\u00e9lai estim\u00e9 15 jours.<br \/>\nConsommation : 280 &#8211; 320 g\/m2.<br \/>\nApplication : Spatule dent\u00e9e A1 pour PVC de d\u00e9coration (280 g), A2 pour LVT (320 g).<\/p>\n","protected":false},"excerpt":{"rendered":"<p>Adh\u00e9sif en dispersion renforc\u00e9 de fibres, sans solvant, avec une<\/p>\n","protected":false},"featured_media":1331,"comment_status":"open","ping_status":"closed","template":"","meta":{"_acf_changed":false},"product_cat":[383,386,317],"product_tag":[],"acf":[],"_links":{"self":[{"href":"https:\/\/rayt.com\/fr\/wp-json\/wp\/v2\/product\/1330"}],"collection":[{"href":"https:\/\/rayt.com\/fr\/wp-json\/wp\/v2\/product"}],"about":[{"href":"https:\/\/rayt.com\/fr\/wp-json\/wp\/v2\/types\/product"}],"replies":[{"embeddable":true,"href":"https:\/\/rayt.com\/fr\/wp-json\/wp\/v2\/comments?post=1330"}],"wp:featuredmedia":[{"embeddable":true,"href":"https:\/\/rayt.com\/fr\/wp-json\/wp\/v2\/media\/1331"}],"wp:attachment":[{"href":"https:\/\/rayt.com\/fr\/wp-json\/wp\/v2\/media?parent=1330"}],"wp:term":[{"taxonomy":"product_cat","embeddable":true,"href":"https:\/\/rayt.com\/fr\/wp-json\/wp\/v2\/product_cat?post=1330"},{"taxonomy":"product_tag","embeddable":true,"href":"https:\/\/rayt.com\/fr\/wp-json\/wp\/v2\/product_tag?post=1330"}],"curies":[{"name":"wp","href":"https:\/\/api.w.org\/{rel}","templated":true}]}}