{"id":1340,"date":"2020-11-18T09:40:35","date_gmt":"2020-11-23T12:07:19","guid":{"rendered":"http:\/\/rayt.com\/?post_type=product&#038;p=1340"},"modified":"2021-02-24T10:12:00","modified_gmt":"2021-02-24T10:12:00","slug":"novopren-super","status":"publish","type":"product","link":"https:\/\/rayt.com\/fr\/producto\/novopren-super\/","title":{"rendered":"Novopren S\u00faper"},"content":{"rendered":"<p>Adh\u00e9sif de contact \u00e0 base de caoutchouc chloropr\u00e8ne dans des solvants, pouvant servir non seulement comme adh\u00e9sif \u00e0 usage g\u00e9n\u00e9ral en menuiserie-\u00e9b\u00e9nisterie mais \u00e9galement pour la pose de rev\u00eatements l\u00e9gers (linol\u00e9um, gommes, li\u00e8ge, etc.), de mat\u00e9riaux isolants, de panneaux de placopl\u00e2tre, etc. sur des sols, \u00e0 des plafonds, et dans des escaliers correctement pr\u00e9par\u00e9s.<br \/>\nNe convient pas pour encoller des rev\u00eatements en PVC, ni pour le polystyr\u00e8ne expans\u00e9.<\/p>\n<h4>CARACT\u00c9RISTIQUES<\/h4>\n<p>Inflammable.<br \/>\nSi l\u2019adh\u00e9sif doit supporter des temp\u00e9ratures d\u2019encollage sup\u00e9rieures \u00e0 60 \u00baC, notre produit V-7107 de vulcanisation \u00e0 froid doit \u00eatre ajout\u00e9.<br \/>\nConsommation : 200-250 ml\/m2 par c\u00f4t\u00e9.<br \/>\nApplication : spatule dent\u00e9e A1- rouleau &#8211; pinceau<\/p>\n<p>&nbsp;<\/p>\n","protected":false},"excerpt":{"rendered":"<p>Adh\u00e9sif de contact \u00e0 base de caoutchouc chloropr\u00e8ne dans des<\/p>\n","protected":false},"featured_media":1335,"comment_status":"open","ping_status":"closed","template":"","meta":{"_acf_changed":false},"product_cat":[388,317,392],"product_tag":[],"acf":[],"_links":{"self":[{"href":"https:\/\/rayt.com\/fr\/wp-json\/wp\/v2\/product\/1340"}],"collection":[{"href":"https:\/\/rayt.com\/fr\/wp-json\/wp\/v2\/product"}],"about":[{"href":"https:\/\/rayt.com\/fr\/wp-json\/wp\/v2\/types\/product"}],"replies":[{"embeddable":true,"href":"https:\/\/rayt.com\/fr\/wp-json\/wp\/v2\/comments?post=1340"}],"wp:featuredmedia":[{"embeddable":true,"href":"https:\/\/rayt.com\/fr\/wp-json\/wp\/v2\/media\/1335"}],"wp:attachment":[{"href":"https:\/\/rayt.com\/fr\/wp-json\/wp\/v2\/media?parent=1340"}],"wp:term":[{"taxonomy":"product_cat","embeddable":true,"href":"https:\/\/rayt.com\/fr\/wp-json\/wp\/v2\/product_cat?post=1340"},{"taxonomy":"product_tag","embeddable":true,"href":"https:\/\/rayt.com\/fr\/wp-json\/wp\/v2\/product_tag?post=1340"}],"curies":[{"name":"wp","href":"https:\/\/api.w.org\/{rel}","templated":true}]}}