{"id":1385,"date":"2020-10-20T11:38:18","date_gmt":"2020-11-24T09:32:01","guid":{"rendered":"http:\/\/rayt.com\/?post_type=product&#038;p=1385"},"modified":"2020-11-24T09:32:01","modified_gmt":"2020-11-24T09:32:01","slug":"nc-172-biturbo","status":"publish","type":"product","link":"https:\/\/rayt.com\/fr\/producto\/nc-172-biturbo\/","title":{"rendered":"NC 172 Biturbo"},"content":{"rendered":"<p>ENDUIT DE RAGR\u00c9AGE ULTRA RAPIDE \u00e0 base de ciment de grandes prestations, avec un grand ajout de mat\u00e9riaux synth\u00e9tiques et de fluidifiants pour un s\u00e9chage tr\u00e8s rapide. Extr\u00eamement r\u00e9sistant, facile \u00e0 poncer.<br \/>\nM\u00e9lange : 6 \u00e0 6,5 litres d\u2019eau par sac de 25 kg.<br \/>\nConsommation : 1,5 kg x m2 x mm d\u2019\u00e9paisseur. Pour des \u00e9paisseurs de 10 \u00e0 15 mm, ajouter 30 % de sable de silice de 1 mm. De 15 \u00e0 50 mm, ajouter 50 % de sable.<\/p>\n<h4>CARACT\u00c9RISTIQUES<\/h4>\n<p>Usage en int\u00e9rieur.<br \/>\nTemps de travail : maximum 15 minutes.<br \/>\nPraticable : apr\u00e8s 60 minutes.<br \/>\nCouleur : gris fonc\u00e9.<br \/>\nPose du rev\u00eatement : \u00e0 partir de 60 minutes *(apr\u00e8s que le sol soit praticable). Parquet, li\u00e8ge, polyol\u00e9fine et pur, apr\u00e8s 12 heures.<\/p>\n","protected":false},"excerpt":{"rendered":"<p>ENDUIT DE RAGR\u00c9AGE ULTRA RAPIDE \u00e0 base de ciment de<\/p>\n","protected":false},"featured_media":1359,"comment_status":"open","ping_status":"closed","template":"","meta":{"_acf_changed":false},"product_cat":[344,317],"product_tag":[],"acf":[],"_links":{"self":[{"href":"https:\/\/rayt.com\/fr\/wp-json\/wp\/v2\/product\/1385"}],"collection":[{"href":"https:\/\/rayt.com\/fr\/wp-json\/wp\/v2\/product"}],"about":[{"href":"https:\/\/rayt.com\/fr\/wp-json\/wp\/v2\/types\/product"}],"replies":[{"embeddable":true,"href":"https:\/\/rayt.com\/fr\/wp-json\/wp\/v2\/comments?post=1385"}],"wp:featuredmedia":[{"embeddable":true,"href":"https:\/\/rayt.com\/fr\/wp-json\/wp\/v2\/media\/1359"}],"wp:attachment":[{"href":"https:\/\/rayt.com\/fr\/wp-json\/wp\/v2\/media?parent=1385"}],"wp:term":[{"taxonomy":"product_cat","embeddable":true,"href":"https:\/\/rayt.com\/fr\/wp-json\/wp\/v2\/product_cat?post=1385"},{"taxonomy":"product_tag","embeddable":true,"href":"https:\/\/rayt.com\/fr\/wp-json\/wp\/v2\/product_tag?post=1385"}],"curies":[{"name":"wp","href":"https:\/\/api.w.org\/{rel}","templated":true}]}}