{"id":1399,"date":"2020-10-20T14:47:07","date_gmt":"2020-11-24T09:47:18","guid":{"rendered":"http:\/\/rayt.com\/?post_type=product&#038;p=1399"},"modified":"2020-12-30T09:49:55","modified_gmt":"2020-12-30T09:49:55","slug":"primacola-plus-c-10","status":"publish","type":"product","link":"https:\/\/rayt.com\/fr\/producto\/primacola-plus-c-10\/","title":{"rendered":"Primacola Plus C-10"},"content":{"rendered":"<p>Adh\u00e9sif acrylique sans solvant pour sols en PVC en rouleaux et en carreaux, moquette perfor\u00e9e et support synth\u00e9tique, rev\u00eatements en noix de coco et en sisal, avec face arri\u00e8re en latex, linol\u00e9um jusqu\u2019\u00e0 3,2 mm, et caoutchouc jusqu\u2019\u00e0 4 mm. Convient \u00e9galement pour la pose de PVC sur des feuilles d\u2019interposition, en fibre de verre (anti-humidit\u00e9) en rouleaux.<\/p>\n<h4>CARACT\u00c9RISTIQUES<\/h4>\n<p>Usage en int\u00e9rieur.<br \/>\nConsommation : spatule A5 180 g\/m2 PVC sur feuille d\u2019interposition. Spatule A2 250 g\/m2 face arri\u00e8re lisse. Spatule B2 400 g\/m2 rugueux \/ structur\u00e9. Spatule B3 450 g\/m2 textile \/ linol\u00e9um, reliefs \u00e9pais.<br \/>\nApplication : Spatule en fonction de la face arri\u00e8re.<\/p>\n","protected":false},"excerpt":{"rendered":"<p>Adh\u00e9sif acrylique sans solvant pour sols en PVC en rouleaux<\/p>\n","protected":false},"featured_media":1394,"comment_status":"open","ping_status":"closed","template":"","meta":{"_acf_changed":false},"product_cat":[347,317,350],"product_tag":[],"acf":[],"_links":{"self":[{"href":"https:\/\/rayt.com\/fr\/wp-json\/wp\/v2\/product\/1399"}],"collection":[{"href":"https:\/\/rayt.com\/fr\/wp-json\/wp\/v2\/product"}],"about":[{"href":"https:\/\/rayt.com\/fr\/wp-json\/wp\/v2\/types\/product"}],"replies":[{"embeddable":true,"href":"https:\/\/rayt.com\/fr\/wp-json\/wp\/v2\/comments?post=1399"}],"wp:featuredmedia":[{"embeddable":true,"href":"https:\/\/rayt.com\/fr\/wp-json\/wp\/v2\/media\/1394"}],"wp:attachment":[{"href":"https:\/\/rayt.com\/fr\/wp-json\/wp\/v2\/media?parent=1399"}],"wp:term":[{"taxonomy":"product_cat","embeddable":true,"href":"https:\/\/rayt.com\/fr\/wp-json\/wp\/v2\/product_cat?post=1399"},{"taxonomy":"product_tag","embeddable":true,"href":"https:\/\/rayt.com\/fr\/wp-json\/wp\/v2\/product_tag?post=1399"}],"curies":[{"name":"wp","href":"https:\/\/api.w.org\/{rel}","templated":true}]}}