{"id":1422,"date":"2020-11-24T10:30:38","date_gmt":"2020-11-24T10:36:43","guid":{"rendered":"http:\/\/rayt.com\/?post_type=product&#038;p=1422"},"modified":"2021-03-01T11:15:03","modified_gmt":"2021-03-01T11:15:03","slug":"primacola-c-15","status":"publish","type":"product","link":"https:\/\/rayt.com\/fr\/producto\/primacola-c-15\/","title":{"rendered":"Primacola C-15"},"content":{"rendered":"<p>Adh\u00e9sif acrylique sans solvant pour sols en PVC en rouleaux et en carreaux, moquette perfor\u00e9e et support synth\u00e9tique, rev\u00eatements en noix de coco et en sisal, avec face arri\u00e8re en latex, et linol\u00e9um jusqu\u2019\u00e0 3,2 mm.<br \/>\nConvient \u00e9galement pour la pose de PVC sur des feuilles d\u2019interposition, en fibre de verre (anti-humidit\u00e9) en rouleaux.<\/p>\n<h4>CARACT\u00c9RISTIQUES<\/h4>\n<p>Usage en int\u00e9rieur.<br \/>\nPour du caoutchouc jusqu\u2019\u00e0 4 mm, utiliser PRIMACOLA PLUS C-10.<br \/>\nConsommation\/application : spatule A5 200 g\/m2 PVC sur feuille d\u2019interposition. Spatule A2 300 g\/m2 face arri\u00e8re lisse. Spatule B2 450 g\/m2 rugueux \/ structur\u00e9. Spatule B3 500 g\/m2 textile \/ linol\u00e9um, reliefs \u00e9pais.<\/p>\n<p>&nbsp;<\/p>\n","protected":false},"excerpt":{"rendered":"<p>Adh\u00e9sif acrylique sans solvant pour sols en PVC en rouleaux<\/p>\n","protected":false},"featured_media":5671,"comment_status":"open","ping_status":"closed","template":"","meta":{"_acf_changed":false},"product_cat":[347,317,350],"product_tag":[],"acf":[],"_links":{"self":[{"href":"https:\/\/rayt.com\/fr\/wp-json\/wp\/v2\/product\/1422"}],"collection":[{"href":"https:\/\/rayt.com\/fr\/wp-json\/wp\/v2\/product"}],"about":[{"href":"https:\/\/rayt.com\/fr\/wp-json\/wp\/v2\/types\/product"}],"replies":[{"embeddable":true,"href":"https:\/\/rayt.com\/fr\/wp-json\/wp\/v2\/comments?post=1422"}],"wp:featuredmedia":[{"embeddable":true,"href":"https:\/\/rayt.com\/fr\/wp-json\/wp\/v2\/media\/5671"}],"wp:attachment":[{"href":"https:\/\/rayt.com\/fr\/wp-json\/wp\/v2\/media?parent=1422"}],"wp:term":[{"taxonomy":"product_cat","embeddable":true,"href":"https:\/\/rayt.com\/fr\/wp-json\/wp\/v2\/product_cat?post=1422"},{"taxonomy":"product_tag","embeddable":true,"href":"https:\/\/rayt.com\/fr\/wp-json\/wp\/v2\/product_tag?post=1422"}],"curies":[{"name":"wp","href":"https:\/\/api.w.org\/{rel}","templated":true}]}}