{"id":1430,"date":"2020-10-27T08:55:17","date_gmt":"2020-11-24T10:52:02","guid":{"rendered":"http:\/\/rayt.com\/?post_type=product&#038;p=1430"},"modified":"2021-02-24T10:06:15","modified_gmt":"2021-02-24T10:06:15","slug":"primacola-c-100-premium","status":"publish","type":"product","link":"https:\/\/rayt.com\/fr\/producto\/primacola-c-100-premium\/","title":{"rendered":"Primacola C-100 Premium"},"content":{"rendered":"<p>Adh\u00e9sif polyvalent \u00e0 une face, \u00e0 base de r\u00e9sines synth\u00e9tiques sans solvant.<br \/>\nAutocollant possible. Long temps de travail. Pose possible sur feuille anti-humidit\u00e9.<br \/>\nPour PVC de tous types, mur et sol.<br \/>\nPour sols en caoutchouc\/gomme jusqu\u2019\u00e0 4 mm d\u2019\u00e9paisseur, moquette support synth\u00e9tique. Sur bases absorbantes ou non.<\/p>\n<h4>CARACT\u00c9RISTIQUES<\/h4>\n<p>Consommation : spatule A2 250 &#8211; 320 g\/m2. PVC, caoutchouc et linol\u00e9um. Spatule A-5 180-200 g\/m2 sur feuille anti-humidit\u00e9. Spatule B1 320-380 g\/m2 Moquette,<br \/>\nApplication : Spatule en fonction de la face arri\u00e8re.<\/p>\n<p>&nbsp;<\/p>\n<p>&nbsp;<\/p>\n","protected":false},"excerpt":{"rendered":"<p>Adh\u00e9sif polyvalent \u00e0 une face, \u00e0 base de r\u00e9sines synth\u00e9tiques<\/p>\n","protected":false},"featured_media":1427,"comment_status":"open","ping_status":"closed","template":"","meta":{"_acf_changed":false},"product_cat":[347,317,350],"product_tag":[],"acf":[],"_links":{"self":[{"href":"https:\/\/rayt.com\/fr\/wp-json\/wp\/v2\/product\/1430"}],"collection":[{"href":"https:\/\/rayt.com\/fr\/wp-json\/wp\/v2\/product"}],"about":[{"href":"https:\/\/rayt.com\/fr\/wp-json\/wp\/v2\/types\/product"}],"replies":[{"embeddable":true,"href":"https:\/\/rayt.com\/fr\/wp-json\/wp\/v2\/comments?post=1430"}],"wp:featuredmedia":[{"embeddable":true,"href":"https:\/\/rayt.com\/fr\/wp-json\/wp\/v2\/media\/1427"}],"wp:attachment":[{"href":"https:\/\/rayt.com\/fr\/wp-json\/wp\/v2\/media?parent=1430"}],"wp:term":[{"taxonomy":"product_cat","embeddable":true,"href":"https:\/\/rayt.com\/fr\/wp-json\/wp\/v2\/product_cat?post=1430"},{"taxonomy":"product_tag","embeddable":true,"href":"https:\/\/rayt.com\/fr\/wp-json\/wp\/v2\/product_tag?post=1430"}],"curies":[{"name":"wp","href":"https:\/\/api.w.org\/{rel}","templated":true}]}}