{"id":1440,"date":"2020-10-21T09:01:30","date_gmt":"2020-11-24T11:05:12","guid":{"rendered":"http:\/\/rayt.com\/?post_type=product&#038;p=1440"},"modified":"2021-03-01T11:15:23","modified_gmt":"2021-03-01T11:15:23","slug":"c-1703-especial-linoleum","status":"publish","type":"product","link":"https:\/\/rayt.com\/fr\/producto\/c-1703-especial-linoleum\/","title":{"rendered":"C-1703 Especial lin\u00f3leum"},"content":{"rendered":"<p>Adh\u00e9sif en dispersion aqueuse sans solvant sp\u00e9cialement con\u00e7u pour la pose de linol\u00e9um en rouleau, de linol\u00e9um en li\u00e8ge et de rev\u00eatements compos\u00e9s de linol\u00e9um et de chlorure de polyvinyle avec support en li\u00e8ge.<br \/>\nSur bases absorbantes.<br \/>\nExcellent pouvoir de fixation initial, odeur discr\u00e8te, r\u00e9sistant au chauffage radiant \u00e0 l\u2019eau.<\/p>\n<h4>CARACT\u00c9RISTIQUES<\/h4>\n<p>Consommation : 400 \u2013 450 g\/m2<br \/>\nApplication : spatule dent\u00e9e B-1, B-2.<br \/>\nTemp\u00e9rature de travail : au moins 15 \u00baC dans le sol.<\/p>\n<p>&nbsp;<\/p>\n","protected":false},"excerpt":{"rendered":"<p>Adh\u00e9sif en dispersion aqueuse sans solvant sp\u00e9cialement con\u00e7u pour la<\/p>\n","protected":false},"featured_media":1435,"comment_status":"open","ping_status":"closed","template":"","meta":{"_acf_changed":false},"product_cat":[347,353,317],"product_tag":[],"acf":[],"_links":{"self":[{"href":"https:\/\/rayt.com\/fr\/wp-json\/wp\/v2\/product\/1440"}],"collection":[{"href":"https:\/\/rayt.com\/fr\/wp-json\/wp\/v2\/product"}],"about":[{"href":"https:\/\/rayt.com\/fr\/wp-json\/wp\/v2\/types\/product"}],"replies":[{"embeddable":true,"href":"https:\/\/rayt.com\/fr\/wp-json\/wp\/v2\/comments?post=1440"}],"wp:featuredmedia":[{"embeddable":true,"href":"https:\/\/rayt.com\/fr\/wp-json\/wp\/v2\/media\/1435"}],"wp:attachment":[{"href":"https:\/\/rayt.com\/fr\/wp-json\/wp\/v2\/media?parent=1440"}],"wp:term":[{"taxonomy":"product_cat","embeddable":true,"href":"https:\/\/rayt.com\/fr\/wp-json\/wp\/v2\/product_cat?post=1440"},{"taxonomy":"product_tag","embeddable":true,"href":"https:\/\/rayt.com\/fr\/wp-json\/wp\/v2\/product_tag?post=1440"}],"curies":[{"name":"wp","href":"https:\/\/api.w.org\/{rel}","templated":true}]}}