{"id":1452,"date":"2020-10-21T09:10:38","date_gmt":"2020-11-24T11:16:14","guid":{"rendered":"http:\/\/rayt.com\/?post_type=product&#038;p=1452"},"modified":"2021-02-22T10:53:23","modified_gmt":"2021-02-22T10:53:23","slug":"benkola-revestimientos-ligeros","status":"publish","type":"product","link":"https:\/\/rayt.com\/fr\/producto\/benkola-revestimientos-ligeros\/","title":{"rendered":"Benkola Revestimientos ligeros"},"content":{"rendered":"<p>Colle pr\u00eate \u00e0 l\u2019emploi \u00e0 la texture fine, facile \u00e0 appliquer, pour des rev\u00eatements vinyliques, avec ou sans face arri\u00e8re en toile non tiss\u00e9e.<\/p>\n<h4>CARACT\u00c9RISTIQUES<\/h4>\n<p>Excellente adh\u00e9rence sans odeur et ininflammable.<br \/>\nSur supports normalement absorbants.<br \/>\nFacile \u00e0 appliquer sur le mur, soit par rouleau \u00e0 poil court, soit par spatule dent\u00e9e A-4\/A-5.<br \/>\nRendement : 150-200 g\/m2<br \/>\nUsage en int\u00e9rieur.<\/p>\n","protected":false},"excerpt":{"rendered":"<p>Colle pr\u00eate \u00e0 l\u2019emploi \u00e0 la texture fine, facile \u00e0<\/p>\n","protected":false},"featured_media":1446,"comment_status":"open","ping_status":"closed","template":"","meta":{"_acf_changed":false},"product_cat":[347,362,317],"product_tag":[],"acf":[],"_links":{"self":[{"href":"https:\/\/rayt.com\/fr\/wp-json\/wp\/v2\/product\/1452"}],"collection":[{"href":"https:\/\/rayt.com\/fr\/wp-json\/wp\/v2\/product"}],"about":[{"href":"https:\/\/rayt.com\/fr\/wp-json\/wp\/v2\/types\/product"}],"replies":[{"embeddable":true,"href":"https:\/\/rayt.com\/fr\/wp-json\/wp\/v2\/comments?post=1452"}],"wp:featuredmedia":[{"embeddable":true,"href":"https:\/\/rayt.com\/fr\/wp-json\/wp\/v2\/media\/1446"}],"wp:attachment":[{"href":"https:\/\/rayt.com\/fr\/wp-json\/wp\/v2\/media?parent=1452"}],"wp:term":[{"taxonomy":"product_cat","embeddable":true,"href":"https:\/\/rayt.com\/fr\/wp-json\/wp\/v2\/product_cat?post=1452"},{"taxonomy":"product_tag","embeddable":true,"href":"https:\/\/rayt.com\/fr\/wp-json\/wp\/v2\/product_tag?post=1452"}],"curies":[{"name":"wp","href":"https:\/\/api.w.org\/{rel}","templated":true}]}}