{"id":1482,"date":"2020-10-21T11:33:59","date_gmt":"2020-11-24T11:53:43","guid":{"rendered":"http:\/\/rayt.com\/?post_type=product&#038;p=1482"},"modified":"2021-02-22T09:22:40","modified_gmt":"2021-02-22T09:22:40","slug":"c-1278-a-uko","status":"publish","type":"product","link":"https:\/\/rayt.com\/fr\/producto\/c-1278-a-uko\/","title":{"rendered":"C-1278-A UKO"},"content":{"rendered":"<p>Colle pr\u00eat \u00e0 l\u2019emploi pour la pose de carrelage en c\u00e9ramique sur d\u2019autres carreaux existants, sur des panneaux acoustiques, isolants, sur du polystyr\u00e8ne expans\u00e9 (EPS) et extrud\u00e9 (XPS).<\/p>\n<h4>CARACT\u00c9RISTIQUES<\/h4>\n<p>Consommation : 700 &#8211; 1600 g\/m2<br \/>\nApplication : Spatule dent\u00e9e C, H, 31 ou 36.\u00a0\u00bb<\/p>\n","protected":false},"excerpt":{"rendered":"<p>Colle pr\u00eat \u00e0 l\u2019emploi pour la pose de carrelage en<\/p>\n","protected":false},"featured_media":1477,"comment_status":"open","ping_status":"closed","template":"","meta":{"_acf_changed":false},"product_cat":[347,368,317],"product_tag":[],"acf":[],"_links":{"self":[{"href":"https:\/\/rayt.com\/fr\/wp-json\/wp\/v2\/product\/1482"}],"collection":[{"href":"https:\/\/rayt.com\/fr\/wp-json\/wp\/v2\/product"}],"about":[{"href":"https:\/\/rayt.com\/fr\/wp-json\/wp\/v2\/types\/product"}],"replies":[{"embeddable":true,"href":"https:\/\/rayt.com\/fr\/wp-json\/wp\/v2\/comments?post=1482"}],"wp:featuredmedia":[{"embeddable":true,"href":"https:\/\/rayt.com\/fr\/wp-json\/wp\/v2\/media\/1477"}],"wp:attachment":[{"href":"https:\/\/rayt.com\/fr\/wp-json\/wp\/v2\/media?parent=1482"}],"wp:term":[{"taxonomy":"product_cat","embeddable":true,"href":"https:\/\/rayt.com\/fr\/wp-json\/wp\/v2\/product_cat?post=1482"},{"taxonomy":"product_tag","embeddable":true,"href":"https:\/\/rayt.com\/fr\/wp-json\/wp\/v2\/product_tag?post=1482"}],"curies":[{"name":"wp","href":"https:\/\/api.w.org\/{rel}","templated":true}]}}