{"id":1498,"date":"2020-10-21T11:45:41","date_gmt":"2020-11-25T07:34:56","guid":{"rendered":"http:\/\/rayt.com\/?post_type=product&#038;p=1498"},"modified":"2020-11-25T07:34:56","modified_gmt":"2020-11-25T07:34:56","slug":"epoxi-klak-ab","status":"publish","type":"product","link":"https:\/\/rayt.com\/fr\/producto\/epoxi-klak-ab\/","title":{"rendered":"Epoxi Klak (A+B)"},"content":{"rendered":"<p>Adh\u00e9sif \u00e9poxy bi-composants pour la pose de rev\u00eatements de sol en gomme\/caoutchouc, pelouse artificielle.<br \/>\nSur base absorbantes ou non, en rouleau ou en carreaux.<\/p>\n<h4>CARACT\u00c9RISTIQUES<\/h4>\n<p>Temps de travail : environ 30 min. Sans eau ni solvants.<br \/>\nTemp\u00e9rature minimale : 15 \u00baC.<br \/>\nUsage : int\u00e9rieur et ext\u00e9rieur.<br \/>\nConsommation : 800-1200 g\/m2. Face arri\u00e8re lisse ou l\u00e9g\u00e8rement rugueuse.<br \/>\nApplication : spatule dent\u00e9e B1,B2, B11. Sans eau ni solvants.<br \/>\nUtiliser un m\u00e9langeur m\u00e9canique.<\/p>\n","protected":false},"excerpt":{"rendered":"<p>Adh\u00e9sif \u00e9poxy bi-composants pour la pose de rev\u00eatements de sol<\/p>\n","protected":false},"featured_media":1495,"comment_status":"open","ping_status":"closed","template":"","meta":{"_acf_changed":false},"product_cat":[371,317,428],"product_tag":[],"acf":[],"_links":{"self":[{"href":"https:\/\/rayt.com\/fr\/wp-json\/wp\/v2\/product\/1498"}],"collection":[{"href":"https:\/\/rayt.com\/fr\/wp-json\/wp\/v2\/product"}],"about":[{"href":"https:\/\/rayt.com\/fr\/wp-json\/wp\/v2\/types\/product"}],"replies":[{"embeddable":true,"href":"https:\/\/rayt.com\/fr\/wp-json\/wp\/v2\/comments?post=1498"}],"wp:featuredmedia":[{"embeddable":true,"href":"https:\/\/rayt.com\/fr\/wp-json\/wp\/v2\/media\/1495"}],"wp:attachment":[{"href":"https:\/\/rayt.com\/fr\/wp-json\/wp\/v2\/media?parent=1498"}],"wp:term":[{"taxonomy":"product_cat","embeddable":true,"href":"https:\/\/rayt.com\/fr\/wp-json\/wp\/v2\/product_cat?post=1498"},{"taxonomy":"product_tag","embeddable":true,"href":"https:\/\/rayt.com\/fr\/wp-json\/wp\/v2\/product_tag?post=1498"}],"curies":[{"name":"wp","href":"https:\/\/api.w.org\/{rel}","templated":true}]}}