{"id":1506,"date":"2020-10-21T20:24:15","date_gmt":"2020-11-25T07:47:48","guid":{"rendered":"http:\/\/rayt.com\/?post_type=product&#038;p=1506"},"modified":"2021-02-24T08:46:54","modified_gmt":"2021-02-24T08:46:54","slug":"novopur-parquet","status":"publish","type":"product","link":"https:\/\/rayt.com\/fr\/producto\/novopur-parquet\/","title":{"rendered":"Novopur Parquet"},"content":{"rendered":"<p>Adh\u00e9sif \u00e9lastom\u00e8re monocomposant qui se r\u00e9ticule sous l\u2019effet de l\u2019humidit\u00e9 atmosph\u00e9rique, et sans isocyanates ni silicones.<br \/>\nIl est con\u00e7u pour tous les types de parquet massif jusqu\u2019\u00e0 130 mm d\u2019\u00e9paisseur et de parquet stratifi\u00e9.<br \/>\nExcellente adh\u00e9rence sans besoin d\u2019appr\u00eat sur la plupart des supports tels que le bois, l\u2019agglom\u00e9r\u00e9 hydrophobe, les chapes en ciment ou en anhydrite, les peintures adh\u00e9sives, le carrelage, la pierre, etc. Application facile et non agressive pour le vernis. Permet la pose de parquet dans des environnements difficiles (sols chauffants, salles de bain, etc.).<\/p>\n<h4>CARACT\u00c9RISTIQUES<\/h4>\n<p>Temps de travail : environ 30 min.<br \/>\nConsommation : 1,00 \u2013 1,20 kg\/m2. Sans eau. Sans solvants.<br \/>\nApplication : spatule dent\u00e9e B-3.<\/p>\n","protected":false},"excerpt":{"rendered":"<p>Adh\u00e9sif \u00e9lastom\u00e8re monocomposant qui se r\u00e9ticule sous l\u2019effet de l\u2019humidit\u00e9<\/p>\n","protected":false},"featured_media":1503,"comment_status":"open","ping_status":"closed","template":"","meta":{"_acf_changed":false},"product_cat":[371,377,317],"product_tag":[],"acf":[],"_links":{"self":[{"href":"https:\/\/rayt.com\/fr\/wp-json\/wp\/v2\/product\/1506"}],"collection":[{"href":"https:\/\/rayt.com\/fr\/wp-json\/wp\/v2\/product"}],"about":[{"href":"https:\/\/rayt.com\/fr\/wp-json\/wp\/v2\/types\/product"}],"replies":[{"embeddable":true,"href":"https:\/\/rayt.com\/fr\/wp-json\/wp\/v2\/comments?post=1506"}],"wp:featuredmedia":[{"embeddable":true,"href":"https:\/\/rayt.com\/fr\/wp-json\/wp\/v2\/media\/1503"}],"wp:attachment":[{"href":"https:\/\/rayt.com\/fr\/wp-json\/wp\/v2\/media?parent=1506"}],"wp:term":[{"taxonomy":"product_cat","embeddable":true,"href":"https:\/\/rayt.com\/fr\/wp-json\/wp\/v2\/product_cat?post=1506"},{"taxonomy":"product_tag","embeddable":true,"href":"https:\/\/rayt.com\/fr\/wp-json\/wp\/v2\/product_tag?post=1506"}],"curies":[{"name":"wp","href":"https:\/\/api.w.org\/{rel}","templated":true}]}}