{"id":1514,"date":"2020-10-21T20:48:06","date_gmt":"2020-11-25T07:59:26","guid":{"rendered":"http:\/\/rayt.com\/?post_type=product&#038;p=1514"},"modified":"2023-04-25T14:18:00","modified_gmt":"2023-04-25T14:18:00","slug":"c-75-pu-ab","status":"publish","type":"product","link":"https:\/\/rayt.com\/fr\/producto\/c-75-pu-ab\/","title":{"rendered":"C-75-PU (A+B)"},"content":{"rendered":"<p>Adh\u00e9sif en polyur\u00e9thane bi-composants, sans eau ni solvant, pour la pose de parquet massif, vernis ou non vernis, sur supports absorbants ou non absorbants.<\/p>\n<h4>CARACT\u00c9RISTIQUES<\/h4>\n<p>Temps de travail : environ 30 min.<br \/>\nConsommation : 1,00 \u2013 1,20 kg\/m2. Sans eau. Sans solvants.<br \/>\nApplication : spatule dent\u00e9e B-3.<\/p>\n<p>&nbsp;<\/p>\n<p><strong>Pour une utilisation s\u00fbre des mousses contenant des diisocyanates, nous proposons \u00e0 nos utilisateurs une formation \u00e0 la s\u00e9curit\u00e9, obligatoire pour les utilisateurs professionnels et industriels.<\/strong><\/p>\n<p><a class=\"fasc-button fasc-size-large fasc-type-flat fasc-style-bold\" style=\"background-color: #ff010b; color: #ffffff;\" target=\"_blank\" rel=\"noopener noreferrer\" href=\"https:\/\/isopa-aisbl.idloom.events\/048-fr\">Nous offrons une formation en ligne gratuite, ainsi qu&rsquo;un certificat de fin d&rsquo;\u00e9tudes, avec le code suivant : FEICA_21_N3<\/a><\/p>\n","protected":false},"excerpt":{"rendered":"<p>Adh\u00e9sif en polyur\u00e9thane bi-composants, sans eau ni solvant, pour la<\/p>\n","protected":false},"featured_media":1511,"comment_status":"open","ping_status":"closed","template":"","meta":{"_acf_changed":false},"product_cat":[371,377,317],"product_tag":[],"acf":[],"_links":{"self":[{"href":"https:\/\/rayt.com\/fr\/wp-json\/wp\/v2\/product\/1514"}],"collection":[{"href":"https:\/\/rayt.com\/fr\/wp-json\/wp\/v2\/product"}],"about":[{"href":"https:\/\/rayt.com\/fr\/wp-json\/wp\/v2\/types\/product"}],"replies":[{"embeddable":true,"href":"https:\/\/rayt.com\/fr\/wp-json\/wp\/v2\/comments?post=1514"}],"wp:featuredmedia":[{"embeddable":true,"href":"https:\/\/rayt.com\/fr\/wp-json\/wp\/v2\/media\/1511"}],"wp:attachment":[{"href":"https:\/\/rayt.com\/fr\/wp-json\/wp\/v2\/media?parent=1514"}],"wp:term":[{"taxonomy":"product_cat","embeddable":true,"href":"https:\/\/rayt.com\/fr\/wp-json\/wp\/v2\/product_cat?post=1514"},{"taxonomy":"product_tag","embeddable":true,"href":"https:\/\/rayt.com\/fr\/wp-json\/wp\/v2\/product_tag?post=1514"}],"curies":[{"name":"wp","href":"https:\/\/api.w.org\/{rel}","templated":true}]}}