{"id":1523,"date":"2020-10-21T07:57:56","date_gmt":"2020-11-25T08:10:52","guid":{"rendered":"http:\/\/rayt.com\/?post_type=product&#038;p=1523"},"modified":"2023-04-25T14:42:25","modified_gmt":"2023-04-25T14:42:25","slug":"novopur-cesped-artificial-bi-componente","status":"publish","type":"product","link":"https:\/\/rayt.com\/fr\/producto\/novopur-cesped-artificial-bi-componente\/","title":{"rendered":"Novopur C\u00e9sped Artificial Bi-componente"},"content":{"rendered":"<p>Adh\u00e9sif de grande qualit\u00e9 \u00e0 base de r\u00e9sine sp\u00e9ciale \u00e0 deux composants, sans eau ni solvant, sp\u00e9cialement con\u00e7u pour la pose de pelouse artificielle, en rouleaux ou par morceaux, sur des bases absorbantes et non absorbantes. Int\u00e9rieur et ext\u00e9rieur.<br \/>\nCet adh\u00e9sif est particuli\u00e8rement recommand\u00e9 pour la pose de grandes surfaces de rev\u00eatements ext\u00e9rieurs tels que les terrasses, les zones en plein air, les abords de piscine, etc.<\/p>\n<h4>CARACT\u00c9RISTIQUES<\/h4>\n<p>Temps de travail : 30 min. maximum.<br \/>\nTemps de vie du m\u00e9lange dans l\u2019emballage : 20 min. maximum.<br \/>\nConsommation : 1000-1200 g\/m2.<br \/>\nApplication : spatule dent\u00e9e B3.<\/p>\n<p>&nbsp;<\/p>\n<p><strong>Pour une utilisation s\u00fbre des mousses contenant des diisocyanates, nous proposons \u00e0 nos utilisateurs une formation \u00e0 la s\u00e9curit\u00e9, obligatoire pour les utilisateurs professionnels et industriels.<\/strong><\/p>\n<p><a class=\"fasc-button fasc-size-large fasc-type-flat fasc-style-bold\" style=\"background-color: #ff010b; color: #ffffff;\" target=\"_blank\" rel=\"noopener noreferrer\" href=\"https:\/\/isopa-aisbl.idloom.events\/048-fr\">Nous offrons une formation en ligne gratuite, ainsi qu&rsquo;un certificat de fin d&rsquo;\u00e9tudes, avec le code suivant : FEICA_21_N3<\/a><\/p>\n","protected":false},"excerpt":{"rendered":"<p>Adh\u00e9sif de grande qualit\u00e9 \u00e0 base de r\u00e9sine sp\u00e9ciale \u00e0<\/p>\n","protected":false},"featured_media":1518,"comment_status":"open","ping_status":"closed","template":"","meta":{"_acf_changed":false},"product_cat":[371,380,317],"product_tag":[],"acf":[],"_links":{"self":[{"href":"https:\/\/rayt.com\/fr\/wp-json\/wp\/v2\/product\/1523"}],"collection":[{"href":"https:\/\/rayt.com\/fr\/wp-json\/wp\/v2\/product"}],"about":[{"href":"https:\/\/rayt.com\/fr\/wp-json\/wp\/v2\/types\/product"}],"replies":[{"embeddable":true,"href":"https:\/\/rayt.com\/fr\/wp-json\/wp\/v2\/comments?post=1523"}],"wp:featuredmedia":[{"embeddable":true,"href":"https:\/\/rayt.com\/fr\/wp-json\/wp\/v2\/media\/1518"}],"wp:attachment":[{"href":"https:\/\/rayt.com\/fr\/wp-json\/wp\/v2\/media?parent=1523"}],"wp:term":[{"taxonomy":"product_cat","embeddable":true,"href":"https:\/\/rayt.com\/fr\/wp-json\/wp\/v2\/product_cat?post=1523"},{"taxonomy":"product_tag","embeddable":true,"href":"https:\/\/rayt.com\/fr\/wp-json\/wp\/v2\/product_tag?post=1523"}],"curies":[{"name":"wp","href":"https:\/\/api.w.org\/{rel}","templated":true}]}}