{"id":1532,"date":"2020-10-21T22:23:00","date_gmt":"2020-11-25T08:25:44","guid":{"rendered":"http:\/\/rayt.com\/?post_type=product&#038;p=1532"},"modified":"2021-03-01T11:18:55","modified_gmt":"2021-03-01T11:18:55","slug":"novopur-cesped-artificial-monocomponente","status":"publish","type":"product","link":"https:\/\/rayt.com\/fr\/producto\/novopur-cesped-artificial-monocomponente\/","title":{"rendered":"Novopur C\u00e9sped Artificial Monocomponente"},"content":{"rendered":"<p>Adh\u00e9sif de grande qualit\u00e9 avec un base sp\u00e9ciale en polym\u00e8res modifi\u00e9s silane \u00e0 un composant, sans eau ni solvant, sp\u00e9cialement con\u00e7u pour la pose de pelouse artificielle, en rouleaux ou par morceaux, sur des bases absorbantes et non absorbantes.<br \/>\nInt\u00e9rieur et ext\u00e9rieur.<br \/>\nCet adh\u00e9sif est particuli\u00e8rement recommand\u00e9 pour la pose de grandes surfaces de rev\u00eatements ext\u00e9rieurs tels que les terrasses, les zones en plein air, les abords de piscine, etc.<\/p>\n<h4>CARACT\u00c9RISTIQUES<\/h4>\n<p>Temps de travail : 30 min. maximum.<br \/>\nSupporte des temp\u00e9ratures de &#8211; 40 \u00e0 + 90 \u00baC.<br \/>\nConsommation par c\u00f4t\u00e9 : 1400-2000 g\/m2.<br \/>\nApplication : spatule dent\u00e9e B3.<\/p>\n","protected":false},"excerpt":{"rendered":"<p>Adh\u00e9sif de grande qualit\u00e9 avec un base sp\u00e9ciale en polym\u00e8res<\/p>\n","protected":false},"featured_media":1528,"comment_status":"open","ping_status":"closed","template":"","meta":{"_acf_changed":false},"product_cat":[371,380,317],"product_tag":[],"acf":[],"_links":{"self":[{"href":"https:\/\/rayt.com\/fr\/wp-json\/wp\/v2\/product\/1532"}],"collection":[{"href":"https:\/\/rayt.com\/fr\/wp-json\/wp\/v2\/product"}],"about":[{"href":"https:\/\/rayt.com\/fr\/wp-json\/wp\/v2\/types\/product"}],"replies":[{"embeddable":true,"href":"https:\/\/rayt.com\/fr\/wp-json\/wp\/v2\/comments?post=1532"}],"wp:featuredmedia":[{"embeddable":true,"href":"https:\/\/rayt.com\/fr\/wp-json\/wp\/v2\/media\/1528"}],"wp:attachment":[{"href":"https:\/\/rayt.com\/fr\/wp-json\/wp\/v2\/media?parent=1532"}],"wp:term":[{"taxonomy":"product_cat","embeddable":true,"href":"https:\/\/rayt.com\/fr\/wp-json\/wp\/v2\/product_cat?post=1532"},{"taxonomy":"product_tag","embeddable":true,"href":"https:\/\/rayt.com\/fr\/wp-json\/wp\/v2\/product_tag?post=1532"}],"curies":[{"name":"wp","href":"https:\/\/api.w.org\/{rel}","templated":true}]}}