{"id":1541,"date":"2020-10-21T08:16:46","date_gmt":"2020-11-25T08:37:10","guid":{"rendered":"http:\/\/rayt.com\/?post_type=product&#038;p=1541"},"modified":"2021-02-24T09:19:01","modified_gmt":"2021-02-24T09:19:01","slug":"banda-de-union-autoadhesiva","status":"publish","type":"product","link":"https:\/\/rayt.com\/fr\/producto\/banda-de-union-autoadhesiva\/","title":{"rendered":"Rayt Banda de uni\u00f3n autoadhesiva"},"content":{"rendered":"<p>Bande d\u2019union textile particuli\u00e8rement recommand\u00e9e pour les joints d\u2019union de pelouse artificielle en rouleaux ne pouvant pas \u00eatre coll\u00e9e au sol, notamment pour la d\u00e9coration de terrasses, balcons et int\u00e9rieurs.<\/p>\n<h4>CARACT\u00c9RISTIQUES<\/h4>\n<p>Rendement : 5 m\u00e8tres lin\u00e9aires \/ 10 m\u00e8tres lin\u00e9aires de p\u00e9rim\u00e8tre.<\/p>\n","protected":false},"excerpt":{"rendered":"<p>Bande d\u2019union textile particuli\u00e8rement recommand\u00e9e pour les joints d\u2019union de<\/p>\n","protected":false},"featured_media":1537,"comment_status":"open","ping_status":"closed","template":"","meta":{"_acf_changed":false},"product_cat":[371,380,317],"product_tag":[],"acf":[],"_links":{"self":[{"href":"https:\/\/rayt.com\/fr\/wp-json\/wp\/v2\/product\/1541"}],"collection":[{"href":"https:\/\/rayt.com\/fr\/wp-json\/wp\/v2\/product"}],"about":[{"href":"https:\/\/rayt.com\/fr\/wp-json\/wp\/v2\/types\/product"}],"replies":[{"embeddable":true,"href":"https:\/\/rayt.com\/fr\/wp-json\/wp\/v2\/comments?post=1541"}],"wp:featuredmedia":[{"embeddable":true,"href":"https:\/\/rayt.com\/fr\/wp-json\/wp\/v2\/media\/1537"}],"wp:attachment":[{"href":"https:\/\/rayt.com\/fr\/wp-json\/wp\/v2\/media?parent=1541"}],"wp:term":[{"taxonomy":"product_cat","embeddable":true,"href":"https:\/\/rayt.com\/fr\/wp-json\/wp\/v2\/product_cat?post=1541"},{"taxonomy":"product_tag","embeddable":true,"href":"https:\/\/rayt.com\/fr\/wp-json\/wp\/v2\/product_tag?post=1541"}],"curies":[{"name":"wp","href":"https:\/\/api.w.org\/{rel}","templated":true}]}}