{"id":1549,"date":"2020-10-21T08:11:51","date_gmt":"2020-11-25T08:49:12","guid":{"rendered":"http:\/\/rayt.com\/?post_type=product&#038;p=1549"},"modified":"2021-02-24T09:13:48","modified_gmt":"2021-02-24T09:13:48","slug":"banda-de-union-cesped-artificial","status":"publish","type":"product","link":"https:\/\/rayt.com\/fr\/producto\/banda-de-union-cesped-artificial\/","title":{"rendered":"Rayt Banda de uni\u00f3n c\u00e9sped artificial"},"content":{"rendered":"<p>Bande d\u2019union textile particuli\u00e8rement recommand\u00e9e pour les joints d\u2019unions et de p\u00e9rim\u00e8tres (une fois pos\u00e9s) de pelouse artificielle en rouleaux ne pouvant pas \u00eatre coll\u00e9e au sol, de moquettes de salons professionnels, de terrains de golf, parcs et jardins, etc.<br \/>\n* Pour scellage avec l\u2019adh\u00e9sif NOVOPUR C\u00c9SPED ARTIFICIAL<\/p>\n<h4>CARACT\u00c9RISTIQUES<\/h4>\n<p>Rendement : 10 m\u00e8tres lin\u00e9aires de p\u00e9rim\u00e8tre.<\/p>\n","protected":false},"excerpt":{"rendered":"<p>Bande d\u2019union textile particuli\u00e8rement recommand\u00e9e pour les joints d\u2019unions et<\/p>\n","protected":false},"featured_media":1546,"comment_status":"open","ping_status":"closed","template":"","meta":{"_acf_changed":false},"product_cat":[371,380,317],"product_tag":[],"acf":[],"_links":{"self":[{"href":"https:\/\/rayt.com\/fr\/wp-json\/wp\/v2\/product\/1549"}],"collection":[{"href":"https:\/\/rayt.com\/fr\/wp-json\/wp\/v2\/product"}],"about":[{"href":"https:\/\/rayt.com\/fr\/wp-json\/wp\/v2\/types\/product"}],"replies":[{"embeddable":true,"href":"https:\/\/rayt.com\/fr\/wp-json\/wp\/v2\/comments?post=1549"}],"wp:featuredmedia":[{"embeddable":true,"href":"https:\/\/rayt.com\/fr\/wp-json\/wp\/v2\/media\/1546"}],"wp:attachment":[{"href":"https:\/\/rayt.com\/fr\/wp-json\/wp\/v2\/media?parent=1549"}],"wp:term":[{"taxonomy":"product_cat","embeddable":true,"href":"https:\/\/rayt.com\/fr\/wp-json\/wp\/v2\/product_cat?post=1549"},{"taxonomy":"product_tag","embeddable":true,"href":"https:\/\/rayt.com\/fr\/wp-json\/wp\/v2\/product_tag?post=1549"}],"curies":[{"name":"wp","href":"https:\/\/api.w.org\/{rel}","templated":true}]}}