{"id":1558,"date":"2020-10-22T09:11:42","date_gmt":"2020-11-25T09:01:19","guid":{"rendered":"http:\/\/rayt.com\/?post_type=product&#038;p=1558"},"modified":"2021-02-24T09:54:55","modified_gmt":"2021-02-24T09:54:55","slug":"cinta-adhesiva-doble-cara","status":"publish","type":"product","link":"https:\/\/rayt.com\/fr\/producto\/cinta-adhesiva-doble-cara\/","title":{"rendered":"Cinta adhesiva doble cara"},"content":{"rendered":"<p>Ruban adh\u00e9sif double face pour la fixation des c\u00f4t\u00e9s et des p\u00e9rim\u00e8tres de pelouse artificielle, de moquettes de salons professionnels, etc.<br \/>\nSe retire facilement sans laisser de r\u00e9sidus.<\/p>\n<h4>CARACT\u00c9RISTIQUES<\/h4>\n<p>Rendement : 20 m\u00e8tres lin\u00e9aires.<\/p>\n<p>&nbsp;<\/p>\n","protected":false},"excerpt":{"rendered":"<p>Ruban adh\u00e9sif double face pour la fixation des c\u00f4t\u00e9s et<\/p>\n","protected":false},"featured_media":1554,"comment_status":"open","ping_status":"closed","template":"","meta":{"_acf_changed":false},"product_cat":[371,380,317],"product_tag":[],"acf":[],"_links":{"self":[{"href":"https:\/\/rayt.com\/fr\/wp-json\/wp\/v2\/product\/1558"}],"collection":[{"href":"https:\/\/rayt.com\/fr\/wp-json\/wp\/v2\/product"}],"about":[{"href":"https:\/\/rayt.com\/fr\/wp-json\/wp\/v2\/types\/product"}],"replies":[{"embeddable":true,"href":"https:\/\/rayt.com\/fr\/wp-json\/wp\/v2\/comments?post=1558"}],"wp:featuredmedia":[{"embeddable":true,"href":"https:\/\/rayt.com\/fr\/wp-json\/wp\/v2\/media\/1554"}],"wp:attachment":[{"href":"https:\/\/rayt.com\/fr\/wp-json\/wp\/v2\/media?parent=1558"}],"wp:term":[{"taxonomy":"product_cat","embeddable":true,"href":"https:\/\/rayt.com\/fr\/wp-json\/wp\/v2\/product_cat?post=1558"},{"taxonomy":"product_tag","embeddable":true,"href":"https:\/\/rayt.com\/fr\/wp-json\/wp\/v2\/product_tag?post=1558"}],"curies":[{"name":"wp","href":"https:\/\/api.w.org\/{rel}","templated":true}]}}