{"id":1571,"date":"2020-10-20T08:14:22","date_gmt":"2020-11-25T09:19:04","guid":{"rendered":"http:\/\/rayt.com\/?post_type=product&#038;p=1571"},"modified":"2021-02-24T10:30:05","modified_gmt":"2021-02-24T10:30:05","slug":"novopren-polivalente","status":"publish","type":"product","link":"https:\/\/rayt.com\/fr\/producto\/novopren-polivalente\/","title":{"rendered":"Novopren Polivalente"},"content":{"rendered":"<p>Adh\u00e9sif de contact \u00e0 base de caoutchouc chloropr\u00e8ne dans des solvants, avec des additifs en am\u00e9liorant l\u2019adh\u00e9rence. Particuli\u00e8rement recommand\u00e9 pour la pose de rev\u00eatements textiles (moquettes) ainsi que de rev\u00eatements l\u00e9gers pour sol (PVC, caoutchouc, linol\u00e9um, li\u00e8ge, etc.) sur des supports absorbants et non absorbants correctement pr\u00e9par\u00e9s.<\/p>\n<h4>CARACT\u00c9RISTIQUES<\/h4>\n<p>Inflammable.<br \/>\nSi l\u2019adh\u00e9sif doit supporter des temp\u00e9ratures d\u2019encollage sup\u00e9rieures \u00e0 60 \u00baC, notre produit V-7107 de vulcanisation \u00e0 froid doit \u00eatre ajout\u00e9.<br \/>\nConsommation : 200-250 ml\/m2 par c\u00f4t\u00e9.<br \/>\nApplication : des deux c\u00f4t\u00e9s. Spatule dent\u00e9e A-1 ou rouleau \u00e0 poil court.<br \/>\nUsage en int\u00e9rieur.<\/p>\n","protected":false},"excerpt":{"rendered":"<p>Adh\u00e9sif de contact \u00e0 base de caoutchouc chloropr\u00e8ne dans des<\/p>\n","protected":false},"featured_media":1567,"comment_status":"open","ping_status":"closed","template":"","meta":{"_acf_changed":false},"product_cat":[388,317,392],"product_tag":[],"acf":[],"_links":{"self":[{"href":"https:\/\/rayt.com\/fr\/wp-json\/wp\/v2\/product\/1571"}],"collection":[{"href":"https:\/\/rayt.com\/fr\/wp-json\/wp\/v2\/product"}],"about":[{"href":"https:\/\/rayt.com\/fr\/wp-json\/wp\/v2\/types\/product"}],"replies":[{"embeddable":true,"href":"https:\/\/rayt.com\/fr\/wp-json\/wp\/v2\/comments?post=1571"}],"wp:featuredmedia":[{"embeddable":true,"href":"https:\/\/rayt.com\/fr\/wp-json\/wp\/v2\/media\/1567"}],"wp:attachment":[{"href":"https:\/\/rayt.com\/fr\/wp-json\/wp\/v2\/media?parent=1571"}],"wp:term":[{"taxonomy":"product_cat","embeddable":true,"href":"https:\/\/rayt.com\/fr\/wp-json\/wp\/v2\/product_cat?post=1571"},{"taxonomy":"product_tag","embeddable":true,"href":"https:\/\/rayt.com\/fr\/wp-json\/wp\/v2\/product_tag?post=1571"}],"curies":[{"name":"wp","href":"https:\/\/api.w.org\/{rel}","templated":true}]}}