{"id":1579,"date":"2020-10-21T08:30:06","date_gmt":"2020-11-25T09:33:43","guid":{"rendered":"http:\/\/rayt.com\/?post_type=product&#038;p=1579"},"modified":"2021-02-22T11:01:37","modified_gmt":"2021-02-22T11:01:37","slug":"novopren-especial-corcho","status":"publish","type":"product","link":"https:\/\/rayt.com\/fr\/producto\/novopren-especial-corcho\/","title":{"rendered":"Novopren especial corcho"},"content":{"rendered":"<p>Adh\u00e9sif de contact \u00e0 base de caoutchouc chloropr\u00e8ne dans des solvants, facile \u00e0 appliquer pour des rev\u00eatements en li\u00e8ge \u00e0 la fois sur le sol et les murs.<br \/>\nNe convient pas pour encoller des rev\u00eatements en PVC, ni pour le polystyr\u00e8ne expans\u00e9.<\/p>\n<h4>CARACT\u00c9RISTIQUES<\/h4>\n<p>Inflammable.<br \/>\nConsommation : 200-250 ml\/m2 par c\u00f4t\u00e9.<br \/>\nApplication : spatule dent\u00e9e A1- rouleau &#8211; pinceau<\/p>\n","protected":false},"excerpt":{"rendered":"<p>Adh\u00e9sif de contact \u00e0 base de caoutchouc chloropr\u00e8ne dans des<\/p>\n","protected":false},"featured_media":1576,"comment_status":"open","ping_status":"closed","template":"","meta":{"_acf_changed":false},"product_cat":[388,317,395],"product_tag":[],"acf":[],"_links":{"self":[{"href":"https:\/\/rayt.com\/fr\/wp-json\/wp\/v2\/product\/1579"}],"collection":[{"href":"https:\/\/rayt.com\/fr\/wp-json\/wp\/v2\/product"}],"about":[{"href":"https:\/\/rayt.com\/fr\/wp-json\/wp\/v2\/types\/product"}],"replies":[{"embeddable":true,"href":"https:\/\/rayt.com\/fr\/wp-json\/wp\/v2\/comments?post=1579"}],"wp:featuredmedia":[{"embeddable":true,"href":"https:\/\/rayt.com\/fr\/wp-json\/wp\/v2\/media\/1576"}],"wp:attachment":[{"href":"https:\/\/rayt.com\/fr\/wp-json\/wp\/v2\/media?parent=1579"}],"wp:term":[{"taxonomy":"product_cat","embeddable":true,"href":"https:\/\/rayt.com\/fr\/wp-json\/wp\/v2\/product_cat?post=1579"},{"taxonomy":"product_tag","embeddable":true,"href":"https:\/\/rayt.com\/fr\/wp-json\/wp\/v2\/product_tag?post=1579"}],"curies":[{"name":"wp","href":"https:\/\/api.w.org\/{rel}","templated":true}]}}